{"id":28772,"date":"2026-02-04T11:43:23","date_gmt":"2026-02-04T08:43:23","guid":{"rendered":"https:\/\/a-pant.ee\/product\/hp-elitebook-revolve-810g3-zaryadka\/"},"modified":"2026-02-22T12:29:19","modified_gmt":"2026-02-22T09:29:19","slug":"noutbuk-planshet-hp-elitebook-revolve-810g3-zaryadka","status":"publish","type":"product","link":"https:\/\/a-pant.ee\/ru\/product\/noutbuk-planshet-hp-elitebook-revolve-810g3-zaryadka\/","title":{"rendered":"\u041d\u043e\u0443\u0442\u0431\u0443\u043a\/\u041f\u043b\u0430\u043d\u0448\u0435\u0442 HP Elitebook Revolve 810G3 + \u0417\u0430\u0440\u044f\u0434\u043a\u0430"},"content":{"rendered":"\n<p> S\u00fclearvuti\/Tahvelarvuti HP Elitebook Revolve 810G3 + Laadija, heas seisu- ja t\u00f6\u00f6korras! <\/p><p> KIRJELDUS <\/p><p> HP Elitebook Revolve 810 G3 <\/p><p> Protsessor (CPU) : Intel I3 \u2013 5300U 2,90GHZ <\/p><p> Operatiiv m\u00e4lu : 8GB <\/p><p> Videokaart (CPU): Intel HD 4000 <\/p><p> K\u00f5vaketas: SSD 128GB <\/p><p> Operatsioonis\u00fcsteem: Windows 10 <\/p><p> Professional <\/p>\n","protected":false},"excerpt":{"rendered":"<p>S\u00fclearvuti\/Tahvelarvuti HP Elitebook Revolve 810G3 + Laadija, heas seisu- ja t\u00f6\u00f6korras! KIRJELDUS HP Elitebook Revolve 810 G3 Protsessor (CPU) : Intel I3 \u2013 5300U 2,90GHZ Operatiiv m\u00e4lu : 8GB Videokaart (CPU): Intel HD 4000 K\u00f5vaketas: SSD 128GB Operatsioonis\u00fcsteem: Windows 10 Professional<\/p>\n","protected":false},"featured_media":28773,"comment_status":"closed","ping_status":"open","template":"","meta":{"inline_featured_image":false},"product_brand":[],"product_cat":[179],"product_tag":[],"class_list":{"0":"post-28772","1":"product","2":"type-product","3":"status-publish","4":"has-post-thumbnail","6":"product_cat-noutbuki","7":"pa_asukoht-mustamae","8":"pa_seisukord-ispolzovano","10":"first","11":"instock","12":"taxable","13":"shipping-taxable","14":"purchasable","15":"product-type-simple"},"_links":{"self":[{"href":"https:\/\/a-pant.ee\/ru\/wp-json\/wp\/v2\/product\/28772","targetHints":{"allow":["GET"]}}],"collection":[{"href":"https:\/\/a-pant.ee\/ru\/wp-json\/wp\/v2\/product"}],"about":[{"href":"https:\/\/a-pant.ee\/ru\/wp-json\/wp\/v2\/types\/product"}],"replies":[{"embeddable":true,"href":"https:\/\/a-pant.ee\/ru\/wp-json\/wp\/v2\/comments?post=28772"}],"wp:featuredmedia":[{"embeddable":true,"href":"https:\/\/a-pant.ee\/ru\/wp-json\/wp\/v2\/media\/28773"}],"wp:attachment":[{"href":"https:\/\/a-pant.ee\/ru\/wp-json\/wp\/v2\/media?parent=28772"}],"wp:term":[{"taxonomy":"product_brand","embeddable":true,"href":"https:\/\/a-pant.ee\/ru\/wp-json\/wp\/v2\/product_brand?post=28772"},{"taxonomy":"product_cat","embeddable":true,"href":"https:\/\/a-pant.ee\/ru\/wp-json\/wp\/v2\/product_cat?post=28772"},{"taxonomy":"product_tag","embeddable":true,"href":"https:\/\/a-pant.ee\/ru\/wp-json\/wp\/v2\/product_tag?post=28772"}],"curies":[{"name":"wp","href":"https:\/\/api.w.org\/{rel}","templated":true}]}}