{"id":28760,"date":"2026-02-04T11:43:23","date_gmt":"2026-02-04T08:43:23","guid":{"rendered":"https:\/\/a-pant.ee\/product\/drel-bosch-gsb-20-2re\/"},"modified":"2026-02-22T12:29:18","modified_gmt":"2026-02-22T09:29:18","slug":"drel-bosch-gsb-20-2re","status":"publish","type":"product","link":"https:\/\/a-pant.ee\/ru\/product\/drel-bosch-gsb-20-2re\/","title":{"rendered":"\u0414\u0440\u0435\u043b\u044c Bosch GSB 20-2RE"},"content":{"rendered":"\n<p><strong> Trell Bosch GSB 20-2RE <\/strong> , \u00a0t\u00f6\u00f6korras! <strong> \u00a0\u00a0 <\/strong><\/p><p> KIRJELDUS <\/p><p> Puuri t\u00fc\u00fcp: \u0161okk <br \/> Energiatarve, W: 800 <br \/> Toite t\u00fc\u00fcp: v\u00f5rgust <br \/> Max. Puurimise l\u00e4bim\u00f5\u00f5t metallis, MM: 13 <br \/> Max. Puurimise l\u00e4bim\u00f5\u00f5t betoonis, MM: 20 <br \/> Max. Puu puurimise l\u00e4bim\u00f5\u00f5t, MM: 40 <br \/> Max. \u0160okkide arv minutis, b -\/min: 48 000 <br \/> Max. T\u00fchik\u00e4igu p\u00f6\u00f6rde arv, min-1: 3000 <br \/> Kaal, kg: 2,5 <br \/> Liituge kiiresti kassett: s\u00f6\u00f6ge <br \/> Tagasi: jah <br \/> Katuseregulaator: on olemas <br \/> \u00a0 <\/p>\n","protected":false},"excerpt":{"rendered":"<p>Trell Bosch GSB 20-2RE , \u00a0t\u00f6\u00f6korras! \u00a0\u00a0 KIRJELDUS Puuri t\u00fc\u00fcp: \u0161okk Energiatarve, W: 800 Toite t\u00fc\u00fcp: v\u00f5rgust Max. Puurimise l\u00e4bim\u00f5\u00f5t metallis, MM: 13 Max. Puurimise l\u00e4bim\u00f5\u00f5t betoonis, MM: 20 Max. Puu puurimise l\u00e4bim\u00f5\u00f5t, MM: 40 Max. \u0160okkide arv minutis, b -\/min: 48 000 Max. T\u00fchik\u00e4igu p\u00f6\u00f6rde arv, min-1: 3000 Kaal, kg: 2,5 Liituge kiiresti kassett: [&hellip;]<\/p>\n","protected":false},"featured_media":28761,"comment_status":"closed","ping_status":"open","template":"","meta":{"inline_featured_image":false},"product_brand":[],"product_cat":[239],"product_tag":[],"class_list":{"0":"post-28760","1":"product","2":"type-product","3":"status-publish","4":"has-post-thumbnail","6":"product_cat-perforatory-i-dreli","7":"pa_asukoht-lasnamae","8":"pa_seisukord-ispolzovano","10":"first","11":"instock","12":"taxable","13":"shipping-taxable","14":"purchasable","15":"product-type-simple"},"_links":{"self":[{"href":"https:\/\/a-pant.ee\/ru\/wp-json\/wp\/v2\/product\/28760","targetHints":{"allow":["GET"]}}],"collection":[{"href":"https:\/\/a-pant.ee\/ru\/wp-json\/wp\/v2\/product"}],"about":[{"href":"https:\/\/a-pant.ee\/ru\/wp-json\/wp\/v2\/types\/product"}],"replies":[{"embeddable":true,"href":"https:\/\/a-pant.ee\/ru\/wp-json\/wp\/v2\/comments?post=28760"}],"wp:featuredmedia":[{"embeddable":true,"href":"https:\/\/a-pant.ee\/ru\/wp-json\/wp\/v2\/media\/28761"}],"wp:attachment":[{"href":"https:\/\/a-pant.ee\/ru\/wp-json\/wp\/v2\/media?parent=28760"}],"wp:term":[{"taxonomy":"product_brand","embeddable":true,"href":"https:\/\/a-pant.ee\/ru\/wp-json\/wp\/v2\/product_brand?post=28760"},{"taxonomy":"product_cat","embeddable":true,"href":"https:\/\/a-pant.ee\/ru\/wp-json\/wp\/v2\/product_cat?post=28760"},{"taxonomy":"product_tag","embeddable":true,"href":"https:\/\/a-pant.ee\/ru\/wp-json\/wp\/v2\/product_tag?post=28760"}],"curies":[{"name":"wp","href":"https:\/\/api.w.org\/{rel}","templated":true}]}}