{"id":28754,"date":"2026-02-04T11:43:23","date_gmt":"2026-02-04T08:43:23","guid":{"rendered":"https:\/\/a-pant.ee\/product\/televizor-e-star-ledtv24d5t2\/"},"modified":"2026-02-22T12:29:18","modified_gmt":"2026-02-22T09:29:18","slug":"televizor-e-star-ledtv24d5t2","status":"publish","type":"product","link":"https:\/\/a-pant.ee\/ru\/product\/televizor-e-star-ledtv24d5t2\/","title":{"rendered":"\u0422\u0435\u043b\u0435\u0432\u0438\u0437\u043e\u0440 E-star LEDTV24d5t2"},"content":{"rendered":"\n<p> Teler E-star LEDTV24d5t2,\u00a0, heas seisu- ja t\u00f6\u00f6korras! <\/p><p> KIRJELDUS <\/p><p> Ekraani t\u00fc\u00fcp: LED <br \/> Ekraani suurus: 24 tolli (61 cm) <br \/> Ekraani eraldusv\u00f5ime: 1366 x 768 pikslit (HD) <br \/> Heledus: 200 kcd\/m\u00b2 <br \/> Uuendussagedus: 60 Hz <br \/> Heli: stereo, sisse ehitatud k\u00f5larid 2 x 8 W <br \/> \u00dchendused: <br \/> 2 x HDMI <br \/> 1 x USB <br \/> VGA sisend <br \/> Audio v\u00e4ljund <br \/> TV vastuv\u00f5tja (DVB-T2\/C) <br \/> Energiatarve: A klass <br \/> Vaatenurgad: 178\u00b0 horisontaalselt ja vertikaalselt <br \/> V\u00e4rv: must <br \/> M\u00f5\u00f5dud (L x K x S): 552 x 342 x 70 mm <br \/> Kaal: 3,5 kg <br \/> Omadused: digitaalne TV tugi, \u00fchendusv\u00f5imalused HDMI ja USB kaudu. <\/p>\n","protected":false},"excerpt":{"rendered":"<p>Teler E-star LEDTV24d5t2,\u00a0, heas seisu- ja t\u00f6\u00f6korras! KIRJELDUS Ekraani t\u00fc\u00fcp: LED Ekraani suurus: 24 tolli (61 cm) Ekraani eraldusv\u00f5ime: 1366 x 768 pikslit (HD) Heledus: 200 kcd\/m\u00b2 Uuendussagedus: 60 Hz Heli: stereo, sisse ehitatud k\u00f5larid 2 x 8 W \u00dchendused: 2 x HDMI 1 x USB VGA sisend Audio v\u00e4ljund TV vastuv\u00f5tja (DVB-T2\/C) Energiatarve: A [&hellip;]<\/p>\n","protected":false},"featured_media":28755,"comment_status":"closed","ping_status":"open","template":"","meta":{"inline_featured_image":false},"product_brand":[],"product_cat":[181],"product_tag":[],"class_list":{"0":"post-28754","1":"product","2":"type-product","3":"status-publish","4":"has-post-thumbnail","6":"product_cat-televizory","7":"product_shipping_class-oversize","8":"pa_asukoht-mustamae","9":"pa_seisukord-ispolzovano","11":"first","12":"instock","13":"taxable","14":"shipping-taxable","15":"purchasable","16":"product-type-simple"},"_links":{"self":[{"href":"https:\/\/a-pant.ee\/ru\/wp-json\/wp\/v2\/product\/28754","targetHints":{"allow":["GET"]}}],"collection":[{"href":"https:\/\/a-pant.ee\/ru\/wp-json\/wp\/v2\/product"}],"about":[{"href":"https:\/\/a-pant.ee\/ru\/wp-json\/wp\/v2\/types\/product"}],"replies":[{"embeddable":true,"href":"https:\/\/a-pant.ee\/ru\/wp-json\/wp\/v2\/comments?post=28754"}],"wp:featuredmedia":[{"embeddable":true,"href":"https:\/\/a-pant.ee\/ru\/wp-json\/wp\/v2\/media\/28755"}],"wp:attachment":[{"href":"https:\/\/a-pant.ee\/ru\/wp-json\/wp\/v2\/media?parent=28754"}],"wp:term":[{"taxonomy":"product_brand","embeddable":true,"href":"https:\/\/a-pant.ee\/ru\/wp-json\/wp\/v2\/product_brand?post=28754"},{"taxonomy":"product_cat","embeddable":true,"href":"https:\/\/a-pant.ee\/ru\/wp-json\/wp\/v2\/product_cat?post=28754"},{"taxonomy":"product_tag","embeddable":true,"href":"https:\/\/a-pant.ee\/ru\/wp-json\/wp\/v2\/product_tag?post=28754"}],"curies":[{"name":"wp","href":"https:\/\/api.w.org\/{rel}","templated":true}]}}