{"id":28741,"date":"2026-02-04T11:43:23","date_gmt":"2026-02-04T08:43:23","guid":{"rendered":"https:\/\/a-pant.ee\/product\/televizor-panasonic-tx-32gs350e\/"},"modified":"2026-02-22T12:29:18","modified_gmt":"2026-02-22T09:29:18","slug":"televizor-panasonic-tx-32gs350e-pult","status":"publish","type":"product","link":"https:\/\/a-pant.ee\/ru\/product\/televizor-panasonic-tx-32gs350e-pult\/","title":{"rendered":"\u0422\u0435\u043b\u0435\u0432\u0438\u0437\u043e\u0440 Panasonic TX-32GS350E + \u041f\u0443\u043b\u044c\u0442"},"content":{"rendered":"\n<p> Generator WG1000is, heas seisu- ja t\u00f6\u00f6korras! <\/p><p> KIRJELDUS <\/p><ul><li> Ekraani diagonaal: 32 tolli (80 cm) <\/li><li> Resolutsioon: 1366 x 768 (HD Ready) <\/li><li> Taustvalgustus: Direct LED <\/li><li> V\u00e4rskendussagedus: 600 Hz (BMR) <\/li><li> Smart TV: Ei <\/li><li> Sisseehitatud tuunerid: DVB-T\/T2, DVB-C <\/li><li> Heli: 2 x 6 W <\/li><li> Helitehnoloogiad: Dolby Audio <\/li><li> Sisendid: 2 x HDMI, 1 x USB, CI+, komponendi- ja komposiitsisend, digitaalne audio v\u00e4ljund <\/li><li> Energiatarve: umbes 30 W <\/li><li> VESA kinnitus: 100 x 100 mm <\/li><\/ul>\n","protected":false},"excerpt":{"rendered":"<p>Generator WG1000is, heas seisu- ja t\u00f6\u00f6korras! KIRJELDUS Ekraani diagonaal: 32 tolli (80 cm) Resolutsioon: 1366 x 768 (HD Ready) Taustvalgustus: Direct LED V\u00e4rskendussagedus: 600 Hz (BMR) Smart TV: Ei Sisseehitatud tuunerid: DVB-T\/T2, DVB-C Heli: 2 x 6 W Helitehnoloogiad: Dolby Audio Sisendid: 2 x HDMI, 1 x USB, CI+, komponendi- ja komposiitsisend, digitaalne audio v\u00e4ljund [&hellip;]<\/p>\n","protected":false},"featured_media":28742,"comment_status":"closed","ping_status":"open","template":"","meta":{"inline_featured_image":false},"product_brand":[],"product_cat":[181],"product_tag":[],"class_list":{"0":"post-28741","1":"product","2":"type-product","3":"status-publish","4":"has-post-thumbnail","6":"product_cat-televizory","7":"product_shipping_class-oversize","8":"pa_asukoht-mustamae","9":"pa_seisukord-ispolzovano","11":"first","12":"instock","13":"taxable","14":"shipping-taxable","15":"purchasable","16":"product-type-simple"},"_links":{"self":[{"href":"https:\/\/a-pant.ee\/ru\/wp-json\/wp\/v2\/product\/28741","targetHints":{"allow":["GET"]}}],"collection":[{"href":"https:\/\/a-pant.ee\/ru\/wp-json\/wp\/v2\/product"}],"about":[{"href":"https:\/\/a-pant.ee\/ru\/wp-json\/wp\/v2\/types\/product"}],"replies":[{"embeddable":true,"href":"https:\/\/a-pant.ee\/ru\/wp-json\/wp\/v2\/comments?post=28741"}],"wp:featuredmedia":[{"embeddable":true,"href":"https:\/\/a-pant.ee\/ru\/wp-json\/wp\/v2\/media\/28742"}],"wp:attachment":[{"href":"https:\/\/a-pant.ee\/ru\/wp-json\/wp\/v2\/media?parent=28741"}],"wp:term":[{"taxonomy":"product_brand","embeddable":true,"href":"https:\/\/a-pant.ee\/ru\/wp-json\/wp\/v2\/product_brand?post=28741"},{"taxonomy":"product_cat","embeddable":true,"href":"https:\/\/a-pant.ee\/ru\/wp-json\/wp\/v2\/product_cat?post=28741"},{"taxonomy":"product_tag","embeddable":true,"href":"https:\/\/a-pant.ee\/ru\/wp-json\/wp\/v2\/product_tag?post=28741"}],"curies":[{"name":"wp","href":"https:\/\/api.w.org\/{rel}","templated":true}]}}