{"id":28734,"date":"2026-02-04T11:43:23","date_gmt":"2026-02-04T08:43:23","guid":{"rendered":"https:\/\/a-pant.ee\/product\/perforator-metabo-khe-2850-chemodan\/"},"modified":"2026-02-22T12:29:18","modified_gmt":"2026-02-22T09:29:18","slug":"perforator-metabo-khe-2850-chemodan","status":"publish","type":"product","link":"https:\/\/a-pant.ee\/ru\/product\/perforator-metabo-khe-2850-chemodan\/","title":{"rendered":"\u041f\u0435\u0440\u0444\u043e\u0440\u0430\u0442\u043e\u0440 Metabo KHE 2850 + \u0427\u0435\u043c\u043e\u0434\u0430\u043d"},"content":{"rendered":"\n<p> Puurvasar Metabo KHE 2850 + Kohver, heas seisu- ja t\u00f6\u00f6korras! <\/p><p> KIRJELDUS <\/p><p> SDS-Plus padrun Voolutarve 1010 W V\u00e4ljundv\u00f5imsus 550 W Maksimaalne l\u00f6\u00f6gienergia 3,1 J L\u00f6\u00f6gi j\u00f5udlus 207 J\/s Maksimaalne p\u00f6\u00f6rdemoment 13 Nm Maksimaalne l\u00f6\u00f6kide arv 4400 l\u00f6\u00f6ki minutis Revolutsioonid: t\u00fchik\u00e4igul 0\u2013945 p\/min nimikoormusel 860 p\/min Maksimaalne puuri l\u00e4bim\u00f5\u00f5t betoon 28 mm betoon 68 mm puuriga puit 28 mm teras 28 mm Kaal ilma toitejuhtmeta 3,2 kg <\/p>\n","protected":false},"excerpt":{"rendered":"<p>Puurvasar Metabo KHE 2850 + Kohver, heas seisu- ja t\u00f6\u00f6korras! KIRJELDUS SDS-Plus padrun Voolutarve 1010 W V\u00e4ljundv\u00f5imsus 550 W Maksimaalne l\u00f6\u00f6gienergia 3,1 J L\u00f6\u00f6gi j\u00f5udlus 207 J\/s Maksimaalne p\u00f6\u00f6rdemoment 13 Nm Maksimaalne l\u00f6\u00f6kide arv 4400 l\u00f6\u00f6ki minutis Revolutsioonid: t\u00fchik\u00e4igul 0\u2013945 p\/min nimikoormusel 860 p\/min Maksimaalne puuri l\u00e4bim\u00f5\u00f5t betoon 28 mm betoon 68 mm puuriga puit [&hellip;]<\/p>\n","protected":false},"featured_media":28735,"comment_status":"closed","ping_status":"open","template":"","meta":{"inline_featured_image":false},"product_brand":[],"product_cat":[239],"product_tag":[],"class_list":{"0":"post-28734","1":"product","2":"type-product","3":"status-publish","4":"has-post-thumbnail","6":"product_cat-perforatory-i-dreli","7":"pa_asukoht-mustamae","8":"pa_seisukord-ispolzovano","10":"first","11":"instock","12":"taxable","13":"shipping-taxable","14":"purchasable","15":"product-type-simple"},"_links":{"self":[{"href":"https:\/\/a-pant.ee\/ru\/wp-json\/wp\/v2\/product\/28734","targetHints":{"allow":["GET"]}}],"collection":[{"href":"https:\/\/a-pant.ee\/ru\/wp-json\/wp\/v2\/product"}],"about":[{"href":"https:\/\/a-pant.ee\/ru\/wp-json\/wp\/v2\/types\/product"}],"replies":[{"embeddable":true,"href":"https:\/\/a-pant.ee\/ru\/wp-json\/wp\/v2\/comments?post=28734"}],"wp:featuredmedia":[{"embeddable":true,"href":"https:\/\/a-pant.ee\/ru\/wp-json\/wp\/v2\/media\/28735"}],"wp:attachment":[{"href":"https:\/\/a-pant.ee\/ru\/wp-json\/wp\/v2\/media?parent=28734"}],"wp:term":[{"taxonomy":"product_brand","embeddable":true,"href":"https:\/\/a-pant.ee\/ru\/wp-json\/wp\/v2\/product_brand?post=28734"},{"taxonomy":"product_cat","embeddable":true,"href":"https:\/\/a-pant.ee\/ru\/wp-json\/wp\/v2\/product_cat?post=28734"},{"taxonomy":"product_tag","embeddable":true,"href":"https:\/\/a-pant.ee\/ru\/wp-json\/wp\/v2\/product_tag?post=28734"}],"curies":[{"name":"wp","href":"https:\/\/api.w.org\/{rel}","templated":true}]}}