{"id":28727,"date":"2026-02-04T11:40:34","date_gmt":"2026-02-04T08:40:34","guid":{"rendered":"https:\/\/a-pant.ee\/product\/akut-otvertka-bosch-psr-select-zaryadka-chemodan\/"},"modified":"2026-02-22T12:29:23","modified_gmt":"2026-02-22T09:29:23","slug":"aku-otvertka-bosch-psr-select-zaryadka-chemodan","status":"publish","type":"product","link":"https:\/\/a-pant.ee\/ru\/product\/aku-otvertka-bosch-psr-select-zaryadka-chemodan\/","title":{"rendered":"\u0410\u043a\u0443 \u043e\u0442\u0432\u0435\u0440\u0442\u043a\u0430 Bosch PSR Select + \u0437\u0430\u0440\u044f\u0434\u043a\u0430 + \u0447\u0435\u043c\u043e\u0434\u0430\u043d"},"content":{"rendered":"\n<p><strong> Akukruvikeeraja Bosch PSR Select + laadija + kohver <\/strong> , heas seisu- ja t\u00f6\u00f6korras! <\/p><p> KIRJELDUS <\/p><p> Keeramine, NM 3,5 \/ 4,5. <br \/> Pinge, 3,6. <br \/> USB -kasseti laadija t\u00fc\u00fcp; Kohver <br \/> Kaal, kg 0,5. <br \/> Riikide tootmine Hiina <br \/> Kruvide l\u00e4bim\u00f5\u00f5t, mm 5. <br \/> Aku maht, ah 1,5. <\/p>\n","protected":false},"excerpt":{"rendered":"<p>Akukruvikeeraja Bosch PSR Select + laadija + kohver , heas seisu- ja t\u00f6\u00f6korras! KIRJELDUS Keeramine, NM 3,5 \/ 4,5. Pinge, 3,6. USB -kasseti laadija t\u00fc\u00fcp; Kohver Kaal, kg 0,5. Riikide tootmine Hiina Kruvide l\u00e4bim\u00f5\u00f5t, mm 5. Aku maht, ah 1,5.<\/p>\n","protected":false},"featured_media":28728,"comment_status":"closed","ping_status":"open","template":"","meta":{"inline_featured_image":false},"product_brand":[],"product_cat":[231],"product_tag":[],"class_list":{"0":"post-28727","1":"product","2":"type-product","3":"status-publish","4":"has-post-thumbnail","6":"product_cat-shurupoverty","7":"pa_asukoht-lasnamae","8":"pa_seisukord-ispolzovano","10":"first","11":"instock","12":"taxable","13":"shipping-taxable","14":"purchasable","15":"product-type-simple"},"_links":{"self":[{"href":"https:\/\/a-pant.ee\/ru\/wp-json\/wp\/v2\/product\/28727","targetHints":{"allow":["GET"]}}],"collection":[{"href":"https:\/\/a-pant.ee\/ru\/wp-json\/wp\/v2\/product"}],"about":[{"href":"https:\/\/a-pant.ee\/ru\/wp-json\/wp\/v2\/types\/product"}],"replies":[{"embeddable":true,"href":"https:\/\/a-pant.ee\/ru\/wp-json\/wp\/v2\/comments?post=28727"}],"wp:featuredmedia":[{"embeddable":true,"href":"https:\/\/a-pant.ee\/ru\/wp-json\/wp\/v2\/media\/28728"}],"wp:attachment":[{"href":"https:\/\/a-pant.ee\/ru\/wp-json\/wp\/v2\/media?parent=28727"}],"wp:term":[{"taxonomy":"product_brand","embeddable":true,"href":"https:\/\/a-pant.ee\/ru\/wp-json\/wp\/v2\/product_brand?post=28727"},{"taxonomy":"product_cat","embeddable":true,"href":"https:\/\/a-pant.ee\/ru\/wp-json\/wp\/v2\/product_cat?post=28727"},{"taxonomy":"product_tag","embeddable":true,"href":"https:\/\/a-pant.ee\/ru\/wp-json\/wp\/v2\/product_tag?post=28727"}],"curies":[{"name":"wp","href":"https:\/\/api.w.org\/{rel}","templated":true}]}}