{"id":28720,"date":"2026-02-04T11:40:34","date_gmt":"2026-02-04T08:40:34","guid":{"rendered":"https:\/\/a-pant.ee\/product\/listoduv-echo-es-255es\/"},"modified":"2026-02-22T12:29:23","modified_gmt":"2026-02-22T09:29:23","slug":"listoduv-echo-es-255es","status":"publish","type":"product","link":"https:\/\/a-pant.ee\/ru\/product\/listoduv-echo-es-255es\/","title":{"rendered":"\u041b\u0438\u0441\u0442\u043e\u0434\u0443\u0432 Echo ES-255ES"},"content":{"rendered":"\n<p><strong> Lehepuhur Echo ES-255ES <\/strong> , \u00a0t\u00f6\u00f6korras! <\/p><p> KIRJELDUS <\/p><p> Mootori maht (SMA) 25,4 <br \/> Vibratsioonitasemed (M\/S\u00b2) (d\u00fc\u00fcsi t\u00fc\u00fcp\/d\u00fc\u00fcsi t\u00fc\u00fcp\/otsiku t\u00fc\u00fcp: tagumine k\u00e4epide) 5.1\/8,1\/10,0 <br \/> Helir\u00f5hutase (DB (A)) 91,1 (d\u00fc\u00fcsi t\u00fc\u00fcp A) \/ 89,7 (d\u00fc\u00fcsi t\u00fc\u00fcp B) <br \/> Toitetase (DB (A)) 104,7 (d\u00fc\u00fcsi t\u00fc\u00fcp A) \/ 103,0 (d\u00fc\u00fcsi t\u00fc\u00fcp B) <br \/> CO\u00b2 (g\/kW \u30fb H) 1 1267 <\/p><p> \u00a0 <\/p>\n","protected":false},"excerpt":{"rendered":"<p>Lehepuhur Echo ES-255ES , \u00a0t\u00f6\u00f6korras! KIRJELDUS Mootori maht (SMA) 25,4 Vibratsioonitasemed (M\/S\u00b2) (d\u00fc\u00fcsi t\u00fc\u00fcp\/d\u00fc\u00fcsi t\u00fc\u00fcp\/otsiku t\u00fc\u00fcp: tagumine k\u00e4epide) 5.1\/8,1\/10,0 Helir\u00f5hutase (DB (A)) 91,1 (d\u00fc\u00fcsi t\u00fc\u00fcp A) \/ 89,7 (d\u00fc\u00fcsi t\u00fc\u00fcp B) Toitetase (DB (A)) 104,7 (d\u00fc\u00fcsi t\u00fc\u00fcp A) \/ 103,0 (d\u00fc\u00fcsi t\u00fc\u00fcp B) CO\u00b2 (g\/kW \u30fb H) 1 1267 \u00a0<\/p>\n","protected":false},"featured_media":28721,"comment_status":"closed","ping_status":"closed","template":"","meta":{"inline_featured_image":false},"product_brand":[],"product_cat":[220],"product_tag":[],"class_list":{"0":"post-28720","1":"product","2":"type-product","3":"status-publish","4":"has-post-thumbnail","6":"product_cat-sadovye-instrumenty","7":"product_shipping_class-oversize","8":"pa_asukoht-lasnamae","9":"pa_seisukord-ispolzovano","11":"first","12":"instock","13":"taxable","14":"shipping-taxable","15":"purchasable","16":"product-type-simple"},"_links":{"self":[{"href":"https:\/\/a-pant.ee\/ru\/wp-json\/wp\/v2\/product\/28720","targetHints":{"allow":["GET"]}}],"collection":[{"href":"https:\/\/a-pant.ee\/ru\/wp-json\/wp\/v2\/product"}],"about":[{"href":"https:\/\/a-pant.ee\/ru\/wp-json\/wp\/v2\/types\/product"}],"replies":[{"embeddable":true,"href":"https:\/\/a-pant.ee\/ru\/wp-json\/wp\/v2\/comments?post=28720"}],"wp:featuredmedia":[{"embeddable":true,"href":"https:\/\/a-pant.ee\/ru\/wp-json\/wp\/v2\/media\/28721"}],"wp:attachment":[{"href":"https:\/\/a-pant.ee\/ru\/wp-json\/wp\/v2\/media?parent=28720"}],"wp:term":[{"taxonomy":"product_brand","embeddable":true,"href":"https:\/\/a-pant.ee\/ru\/wp-json\/wp\/v2\/product_brand?post=28720"},{"taxonomy":"product_cat","embeddable":true,"href":"https:\/\/a-pant.ee\/ru\/wp-json\/wp\/v2\/product_cat?post=28720"},{"taxonomy":"product_tag","embeddable":true,"href":"https:\/\/a-pant.ee\/ru\/wp-json\/wp\/v2\/product_tag?post=28720"}],"curies":[{"name":"wp","href":"https:\/\/api.w.org\/{rel}","templated":true}]}}