{"id":28712,"date":"2026-02-04T11:40:34","date_gmt":"2026-02-04T08:40:34","guid":{"rendered":"https:\/\/a-pant.ee\/product\/smartfon-blackview-bv9500-pro-128-6gb\/"},"modified":"2026-02-22T12:29:23","modified_gmt":"2026-02-22T09:29:23","slug":"smartfon-blackview-bv9500-pro-128-6gb-korobka-zaryadka","status":"publish","type":"product","link":"https:\/\/a-pant.ee\/ru\/product\/smartfon-blackview-bv9500-pro-128-6gb-korobka-zaryadka\/","title":{"rendered":"\u0421\u043c\u0430\u0440\u0442\u0444\u043e\u043d Blackview BV9500 Pro 128\/6gb + \u043a\u043e\u0440\u043e\u0431\u043a\u0430 + \u0437\u0430\u0440\u044f\u0434\u043a\u0430"},"content":{"rendered":"\n<p><strong> Nutitelefon Blackview BV9500 Pro 128\/6gb + karp + laadija <\/strong> , t\u00f6\u00f6korras! <\/p><p> KIRJELDUS <\/p><p> OS -i versioon m\u00fc\u00fcgi alguses <br \/> Android 8.1 <br \/> Juhtumi t\u00fc\u00fcp <br \/> klassikaline <br \/> Kaal <br \/> 365 g <br \/> M\u00f5\u00f5dud (SKVXT) <br \/> 81,8x165x18,7 mm <br \/> Ekraan <br \/> V\u00e4ljapanek <br \/> 5,7 &#171;(2160 \u00d7 1080), Full HD, IPS <br \/> Ekraani omadused <br \/> Puutetundlik ekraan, klaasist klaas, v\u00e4rvi ekraan <br \/> Pikslite arv tolli kohta (PPI) <br \/> 424 <br \/> Multimeediumiv\u00f5imalused <br \/> Kaamera funktsioonid <br \/> Autofookus, p\u00f5hikaamera, tagumine v\u00e4lk, esikaamera <br \/> Peamiste (tagumiste) kaamerate arv <br \/> 2 <br \/> P\u00f5hikaamera eraldusv\u00f5ime <br \/> 16 MP <br \/> P\u00f5hikaamera omadused <br \/> F\/2 <br \/> Max. videore\u017eiimis <br \/> 1920&#215;1080 <br \/> Esiohu eraldusv\u00f5ime <br \/> 13 MP <br \/> \u00dcleujutus <br \/> Mini Jack 3,5 mm <br \/> \u00dchendus <br \/> Suhtlusstandard <br \/> 3G, 4G LTE <br \/> Wi-Fi standard <br \/> 802.11n <br \/> Bluetooth -standard <br \/> 4.2 <br \/> Geopoliitiline <br \/> A-GPS, GPS, Glonass <br \/> M\u00e4lu ja protsessor <br \/> M\u00e4lukaardi pesa <br \/> On <br \/> Toitumine <br \/> Akumaht <br \/> 10 000 mah <br \/> Ooteaeg <br \/> 1200 tundi <br \/> Tasumisaeg <br \/> 3,5 tundi <br \/> Laadimispistiku t\u00fc\u00fcp <br \/> USB-C <br \/> Laadimisfunktsioonid <br \/> Traadita laadimine, kiire laadimine <br \/> Aku <br \/> eroveeritav <br \/> Muud funktsioonid <br \/> Autentimine <br \/> S\u00f5rmej\u00e4ljeskanner <br \/> Lisateave <br \/> Ise\u00e4rasused <br \/> Corning Gorilla klaas 5 <\/p>\n","protected":false},"excerpt":{"rendered":"<p>Nutitelefon Blackview BV9500 Pro 128\/6gb + karp + laadija , t\u00f6\u00f6korras! KIRJELDUS OS -i versioon m\u00fc\u00fcgi alguses Android 8.1 Juhtumi t\u00fc\u00fcp klassikaline Kaal 365 g M\u00f5\u00f5dud (SKVXT) 81,8x165x18,7 mm Ekraan V\u00e4ljapanek 5,7 &#171;(2160 \u00d7 1080), Full HD, IPS Ekraani omadused Puutetundlik ekraan, klaasist klaas, v\u00e4rvi ekraan Pikslite arv tolli kohta (PPI) 424 Multimeediumiv\u00f5imalused Kaamera funktsioonid [&hellip;]<\/p>\n","protected":false},"featured_media":28713,"comment_status":"closed","ping_status":"open","template":"","meta":{"inline_featured_image":false},"product_brand":[],"product_cat":[171],"product_tag":[],"class_list":{"0":"post-28712","1":"product","2":"type-product","3":"status-publish","4":"has-post-thumbnail","6":"product_cat-mobilnye-telefony","7":"pa_asukoht-lasnamae","8":"pa_seisukord-ispolzovano","10":"first","11":"instock","12":"taxable","13":"shipping-taxable","14":"purchasable","15":"product-type-simple"},"_links":{"self":[{"href":"https:\/\/a-pant.ee\/ru\/wp-json\/wp\/v2\/product\/28712","targetHints":{"allow":["GET"]}}],"collection":[{"href":"https:\/\/a-pant.ee\/ru\/wp-json\/wp\/v2\/product"}],"about":[{"href":"https:\/\/a-pant.ee\/ru\/wp-json\/wp\/v2\/types\/product"}],"replies":[{"embeddable":true,"href":"https:\/\/a-pant.ee\/ru\/wp-json\/wp\/v2\/comments?post=28712"}],"wp:featuredmedia":[{"embeddable":true,"href":"https:\/\/a-pant.ee\/ru\/wp-json\/wp\/v2\/media\/28713"}],"wp:attachment":[{"href":"https:\/\/a-pant.ee\/ru\/wp-json\/wp\/v2\/media?parent=28712"}],"wp:term":[{"taxonomy":"product_brand","embeddable":true,"href":"https:\/\/a-pant.ee\/ru\/wp-json\/wp\/v2\/product_brand?post=28712"},{"taxonomy":"product_cat","embeddable":true,"href":"https:\/\/a-pant.ee\/ru\/wp-json\/wp\/v2\/product_cat?post=28712"},{"taxonomy":"product_tag","embeddable":true,"href":"https:\/\/a-pant.ee\/ru\/wp-json\/wp\/v2\/product_tag?post=28712"}],"curies":[{"name":"wp","href":"https:\/\/api.w.org\/{rel}","templated":true}]}}