{"id":28705,"date":"2026-02-04T11:40:34","date_gmt":"2026-02-04T08:40:34","guid":{"rendered":"https:\/\/a-pant.ee\/product\/televizor-32pft4101-12\/"},"modified":"2026-02-22T12:29:23","modified_gmt":"2026-02-22T09:29:23","slug":"televizor-32pft4101-12-pult-provod","status":"publish","type":"product","link":"https:\/\/a-pant.ee\/ru\/product\/televizor-32pft4101-12-pult-provod\/","title":{"rendered":"\u0422\u0435\u043b\u0435\u0432\u0438\u0437\u043e\u0440 32PFT4101\/12 + \u043f\u0443\u043b\u044c\u0442 + \u043f\u0440\u043e\u0432\u043e\u0434"},"content":{"rendered":"\n<p> Teler Philips 32PFT4101\/12 + pult + juhe\u00a0, heas seisu- ja t\u00f6\u00f6korras! <\/p><p> KIRJELDUS <\/p><p> Ekraani diagonaal: 32 tolli (81 cm) <\/p><p> Ekraani resolutsioon: Full HD 1920 \u00d7 1080 pikslit <\/p><p> Taustvalgustus: LED <\/p><p> Ekraani kuvasuhe: 16:9 <\/p><p> V\u00e4rskendussagedus: 200 PPI (Perfect Picture Index) <\/p><p> Digitaalne tuuner: DVB-T\/T2\/C <\/p><p> Heli: 2 k\u00f5larit, kumbki 8 W, Incredible Surround funktsioon <\/p><p> \u00dchendused: <\/p><p> 2\u00d7 HDMI <\/p><p> 1\u00d7 USB <\/p><p> SCART <\/p><p> K\u00f5rvaklappide v\u00e4ljund <\/p><p> CI+ pesa <\/p><p> Pildifunktsioonid: Digital Crystal Clear, automaatne kontrastsuse reguleerimine <\/p><p> Seinale kinnitamine: VESA 100\u00d7100 mm <\/p><p> Energiatarve: umbes 31 W t\u00f6\u00f6re\u017eiimis <\/p>\n","protected":false},"excerpt":{"rendered":"<p>Teler Philips 32PFT4101\/12 + pult + juhe\u00a0, heas seisu- ja t\u00f6\u00f6korras! KIRJELDUS Ekraani diagonaal: 32 tolli (81 cm) Ekraani resolutsioon: Full HD 1920 \u00d7 1080 pikslit Taustvalgustus: LED Ekraani kuvasuhe: 16:9 V\u00e4rskendussagedus: 200 PPI (Perfect Picture Index) Digitaalne tuuner: DVB-T\/T2\/C Heli: 2 k\u00f5larit, kumbki 8 W, Incredible Surround funktsioon \u00dchendused: 2\u00d7 HDMI 1\u00d7 USB SCART [&hellip;]<\/p>\n","protected":false},"featured_media":28706,"comment_status":"closed","ping_status":"open","template":"","meta":{"inline_featured_image":false},"product_brand":[],"product_cat":[181],"product_tag":[],"class_list":{"0":"post-28705","1":"product","2":"type-product","3":"status-publish","4":"has-post-thumbnail","6":"product_cat-televizory","7":"product_shipping_class-oversize","8":"pa_asukoht-mustamae","9":"pa_seisukord-ispolzovano","11":"first","12":"instock","13":"taxable","14":"shipping-taxable","15":"purchasable","16":"product-type-simple"},"_links":{"self":[{"href":"https:\/\/a-pant.ee\/ru\/wp-json\/wp\/v2\/product\/28705","targetHints":{"allow":["GET"]}}],"collection":[{"href":"https:\/\/a-pant.ee\/ru\/wp-json\/wp\/v2\/product"}],"about":[{"href":"https:\/\/a-pant.ee\/ru\/wp-json\/wp\/v2\/types\/product"}],"replies":[{"embeddable":true,"href":"https:\/\/a-pant.ee\/ru\/wp-json\/wp\/v2\/comments?post=28705"}],"wp:featuredmedia":[{"embeddable":true,"href":"https:\/\/a-pant.ee\/ru\/wp-json\/wp\/v2\/media\/28706"}],"wp:attachment":[{"href":"https:\/\/a-pant.ee\/ru\/wp-json\/wp\/v2\/media?parent=28705"}],"wp:term":[{"taxonomy":"product_brand","embeddable":true,"href":"https:\/\/a-pant.ee\/ru\/wp-json\/wp\/v2\/product_brand?post=28705"},{"taxonomy":"product_cat","embeddable":true,"href":"https:\/\/a-pant.ee\/ru\/wp-json\/wp\/v2\/product_cat?post=28705"},{"taxonomy":"product_tag","embeddable":true,"href":"https:\/\/a-pant.ee\/ru\/wp-json\/wp\/v2\/product_tag?post=28705"}],"curies":[{"name":"wp","href":"https:\/\/api.w.org\/{rel}","templated":true}]}}