{"id":28693,"date":"2026-02-04T11:40:34","date_gmt":"2026-02-04T08:40:34","guid":{"rendered":"https:\/\/a-pant.ee\/product\/lobzik-black-decker-cd301\/"},"modified":"2026-02-22T12:29:22","modified_gmt":"2026-02-22T09:29:22","slug":"lobzik-black-decker-cd301","status":"publish","type":"product","link":"https:\/\/a-pant.ee\/ru\/product\/lobzik-black-decker-cd301\/","title":{"rendered":"\u041b\u043e\u0431\u0437\u0438\u043a  Black &#038; Decker CD301"},"content":{"rendered":"\n<p><strong> Tikksaag Black &amp; Decker CD301 <\/strong> , heas seisu- ja t\u00f6\u00f6korras! <strong> \u00a0\u00a0 <\/strong><\/p><p> KIRJELDUS <\/p><p> Kompaktne mugav puslesae sae algajatele kasutajatele, l\u00f5igatud s\u00fcgavus kuni 55 mm, tolmuseadme ja reguleeritava tallaga l\u00f5igamiseks nurga all 45 kraadi, kaabli pikkus 2 m. Maksimaalne l\u00f5igatud s\u00fcgavus: 55 mm puu; metall 3 mm; Alumiinium 8 mm. <\/p>\n","protected":false},"excerpt":{"rendered":"<p>Tikksaag Black &amp; Decker CD301 , heas seisu- ja t\u00f6\u00f6korras! \u00a0\u00a0 KIRJELDUS Kompaktne mugav puslesae sae algajatele kasutajatele, l\u00f5igatud s\u00fcgavus kuni 55 mm, tolmuseadme ja reguleeritava tallaga l\u00f5igamiseks nurga all 45 kraadi, kaabli pikkus 2 m. Maksimaalne l\u00f5igatud s\u00fcgavus: 55 mm puu; metall 3 mm; Alumiinium 8 mm.<\/p>\n","protected":false},"featured_media":28694,"comment_status":"closed","ping_status":"open","template":"","meta":{"inline_featured_image":false},"product_brand":[],"product_cat":[244],"product_tag":[],"class_list":{"0":"post-28693","1":"product","2":"type-product","3":"status-publish","4":"has-post-thumbnail","6":"product_cat-lobziki","7":"pa_asukoht-lasnamae","8":"pa_seisukord-ispolzovano","10":"first","11":"instock","12":"taxable","13":"shipping-taxable","14":"purchasable","15":"product-type-simple"},"_links":{"self":[{"href":"https:\/\/a-pant.ee\/ru\/wp-json\/wp\/v2\/product\/28693","targetHints":{"allow":["GET"]}}],"collection":[{"href":"https:\/\/a-pant.ee\/ru\/wp-json\/wp\/v2\/product"}],"about":[{"href":"https:\/\/a-pant.ee\/ru\/wp-json\/wp\/v2\/types\/product"}],"replies":[{"embeddable":true,"href":"https:\/\/a-pant.ee\/ru\/wp-json\/wp\/v2\/comments?post=28693"}],"wp:featuredmedia":[{"embeddable":true,"href":"https:\/\/a-pant.ee\/ru\/wp-json\/wp\/v2\/media\/28694"}],"wp:attachment":[{"href":"https:\/\/a-pant.ee\/ru\/wp-json\/wp\/v2\/media?parent=28693"}],"wp:term":[{"taxonomy":"product_brand","embeddable":true,"href":"https:\/\/a-pant.ee\/ru\/wp-json\/wp\/v2\/product_brand?post=28693"},{"taxonomy":"product_cat","embeddable":true,"href":"https:\/\/a-pant.ee\/ru\/wp-json\/wp\/v2\/product_cat?post=28693"},{"taxonomy":"product_tag","embeddable":true,"href":"https:\/\/a-pant.ee\/ru\/wp-json\/wp\/v2\/product_tag?post=28693"}],"curies":[{"name":"wp","href":"https:\/\/api.w.org\/{rel}","templated":true}]}}