{"id":28686,"date":"2026-02-04T11:40:34","date_gmt":"2026-02-04T08:40:34","guid":{"rendered":"https:\/\/a-pant.ee\/product\/akkumulyatornaya-drel-makita-bdf446-14-4v\/"},"modified":"2026-02-22T12:29:22","modified_gmt":"2026-02-22T09:29:22","slug":"akkumulyatornaya-drel-makita-bdf446-144v-bez-akkumulyatora","status":"publish","type":"product","link":"https:\/\/a-pant.ee\/ru\/product\/akkumulyatornaya-drel-makita-bdf446-144v-bez-akkumulyatora\/","title":{"rendered":"\u0410\u043a\u043a\u0443\u043c\u0443\u043b\u044f\u0442\u043e\u0440\u043d\u0430\u044f \u0434\u0440\u0435\u043b\u044c Makita BDF446 14,4v (\u0431\u0435\u0437 \u0430\u043a\u043a\u0443\u043c\u0443\u043b\u044f\u0442\u043e\u0440\u0430)"},"content":{"rendered":"\n<p> Akutrell Makita BDF446 14,4v (ilma aku)\u00a0, heas seisu- ja t\u00f6\u00f6korras! <\/p><p> KIRJELDUS <\/p><p> Makita BDF446 akupuur on varustatud pruunistatud mootoriga, mis tagab pika kasutusajaga. Sellel on kaks t\u00f6\u00f6kiirust, mille vahetamine l\u00e4bi viiakse, kasutades kahe positsiooni l\u00fclitusl\u00fcliti korpuse peal. 16 P\u00f6\u00f6rdemomendi juhtimise s\u00e4tted + puurimisj\u00e4rgus tagavad rakenduse mitmek\u00fclgsuse. Ehitatud valgustuses v\u00f5imaldab t\u00f6\u00f6tada pimedates tubades. <\/p>\n","protected":false},"excerpt":{"rendered":"<p>Akutrell Makita BDF446 14,4v (ilma aku)\u00a0, heas seisu- ja t\u00f6\u00f6korras! KIRJELDUS Makita BDF446 akupuur on varustatud pruunistatud mootoriga, mis tagab pika kasutusajaga. Sellel on kaks t\u00f6\u00f6kiirust, mille vahetamine l\u00e4bi viiakse, kasutades kahe positsiooni l\u00fclitusl\u00fcliti korpuse peal. 16 P\u00f6\u00f6rdemomendi juhtimise s\u00e4tted + puurimisj\u00e4rgus tagavad rakenduse mitmek\u00fclgsuse. Ehitatud valgustuses v\u00f5imaldab t\u00f6\u00f6tada pimedates tubades.<\/p>\n","protected":false},"featured_media":28687,"comment_status":"closed","ping_status":"open","template":"","meta":{"inline_featured_image":false},"product_brand":[],"product_cat":[221],"product_tag":[],"class_list":{"0":"post-28686","1":"product","2":"type-product","3":"status-publish","4":"has-post-thumbnail","6":"product_cat-akkumulyatornye-dreli","7":"pa_asukoht-lasnamae","8":"pa_seisukord-ispolzovano","10":"first","11":"instock","12":"taxable","13":"shipping-taxable","14":"purchasable","15":"product-type-simple"},"_links":{"self":[{"href":"https:\/\/a-pant.ee\/ru\/wp-json\/wp\/v2\/product\/28686","targetHints":{"allow":["GET"]}}],"collection":[{"href":"https:\/\/a-pant.ee\/ru\/wp-json\/wp\/v2\/product"}],"about":[{"href":"https:\/\/a-pant.ee\/ru\/wp-json\/wp\/v2\/types\/product"}],"replies":[{"embeddable":true,"href":"https:\/\/a-pant.ee\/ru\/wp-json\/wp\/v2\/comments?post=28686"}],"wp:featuredmedia":[{"embeddable":true,"href":"https:\/\/a-pant.ee\/ru\/wp-json\/wp\/v2\/media\/28687"}],"wp:attachment":[{"href":"https:\/\/a-pant.ee\/ru\/wp-json\/wp\/v2\/media?parent=28686"}],"wp:term":[{"taxonomy":"product_brand","embeddable":true,"href":"https:\/\/a-pant.ee\/ru\/wp-json\/wp\/v2\/product_brand?post=28686"},{"taxonomy":"product_cat","embeddable":true,"href":"https:\/\/a-pant.ee\/ru\/wp-json\/wp\/v2\/product_cat?post=28686"},{"taxonomy":"product_tag","embeddable":true,"href":"https:\/\/a-pant.ee\/ru\/wp-json\/wp\/v2\/product_tag?post=28686"}],"curies":[{"name":"wp","href":"https:\/\/api.w.org\/{rel}","templated":true}]}}