{"id":28680,"date":"2026-02-04T11:40:34","date_gmt":"2026-02-04T08:40:34","guid":{"rendered":"https:\/\/a-pant.ee\/product\/naruchnye-chasy-sekonda-1107\/"},"modified":"2026-02-22T12:29:22","modified_gmt":"2026-02-22T09:29:22","slug":"naruchnye-chasy-seconda-1107","status":"publish","type":"product","link":"https:\/\/a-pant.ee\/ru\/product\/naruchnye-chasy-seconda-1107\/","title":{"rendered":"\u041d\u0430\u0440\u0443\u0447\u043d\u044b\u0435 \u0447\u0430\u0441\u044b Seconda 1107"},"content":{"rendered":"\n<p> Kaekell Sekonda 1107, heas seisu- ja t\u00f6\u00f6korras! <\/p><p> Br\u00e4nd:\u00a0Sekonda <\/p><p> Mudel:\u00a01107 <\/p><p> Mehhanism:\u00a0Kvarts <\/p><p> Korpuse materjal:\u00a0Roostevaba teras <\/p><p> Klaasi materjal:\u00a0Mineraalklaas <\/p><p> Korpuse kuju:\u00a0\u00dcmmargune <\/p><p> Kellaplaat:\u00a0Analoog <\/p><p> Veekindlus:\u00a030 m (pritsme- ja vihmakindel) <\/p><p> Funktsioonid:\u00a0Tunnid, minutid, sekundid <\/p>\n","protected":false},"excerpt":{"rendered":"<p>Kaekell Sekonda 1107, heas seisu- ja t\u00f6\u00f6korras! Br\u00e4nd:\u00a0Sekonda Mudel:\u00a01107 Mehhanism:\u00a0Kvarts Korpuse materjal:\u00a0Roostevaba teras Klaasi materjal:\u00a0Mineraalklaas Korpuse kuju:\u00a0\u00dcmmargune Kellaplaat:\u00a0Analoog Veekindlus:\u00a030 m (pritsme- ja vihmakindel) Funktsioonid:\u00a0Tunnid, minutid, sekundid<\/p>\n","protected":false},"featured_media":28681,"comment_status":"closed","ping_status":"open","template":"","meta":{"inline_featured_image":false},"product_brand":[],"product_cat":[211],"product_tag":[],"class_list":{"0":"post-28680","1":"product","2":"type-product","3":"status-publish","4":"has-post-thumbnail","6":"product_cat-muzhskie-chasy","7":"pa_asukoht-mustamae","8":"pa_seisukord-ispolzovano","10":"first","11":"instock","12":"taxable","13":"shipping-taxable","14":"purchasable","15":"product-type-simple"},"_links":{"self":[{"href":"https:\/\/a-pant.ee\/ru\/wp-json\/wp\/v2\/product\/28680","targetHints":{"allow":["GET"]}}],"collection":[{"href":"https:\/\/a-pant.ee\/ru\/wp-json\/wp\/v2\/product"}],"about":[{"href":"https:\/\/a-pant.ee\/ru\/wp-json\/wp\/v2\/types\/product"}],"replies":[{"embeddable":true,"href":"https:\/\/a-pant.ee\/ru\/wp-json\/wp\/v2\/comments?post=28680"}],"wp:featuredmedia":[{"embeddable":true,"href":"https:\/\/a-pant.ee\/ru\/wp-json\/wp\/v2\/media\/28681"}],"wp:attachment":[{"href":"https:\/\/a-pant.ee\/ru\/wp-json\/wp\/v2\/media?parent=28680"}],"wp:term":[{"taxonomy":"product_brand","embeddable":true,"href":"https:\/\/a-pant.ee\/ru\/wp-json\/wp\/v2\/product_brand?post=28680"},{"taxonomy":"product_cat","embeddable":true,"href":"https:\/\/a-pant.ee\/ru\/wp-json\/wp\/v2\/product_cat?post=28680"},{"taxonomy":"product_tag","embeddable":true,"href":"https:\/\/a-pant.ee\/ru\/wp-json\/wp\/v2\/product_tag?post=28680"}],"curies":[{"name":"wp","href":"https:\/\/api.w.org\/{rel}","templated":true}]}}