{"id":28670,"date":"2026-02-04T11:40:34","date_gmt":"2026-02-04T08:40:34","guid":{"rendered":"https:\/\/a-pant.ee\/product\/aku-press-rems-571014\/"},"modified":"2026-02-22T12:29:22","modified_gmt":"2026-02-22T09:29:22","slug":"aku-press-rems-571014-aku-zaryadka-yashhik-nasadki","status":"publish","type":"product","link":"https:\/\/a-pant.ee\/ru\/product\/aku-press-rems-571014-aku-zaryadka-yashhik-nasadki\/","title":{"rendered":"\u0410\u043a\u0443 \u043f\u0440\u0435\u0441\u0441 Rems 571014 + \u0410\u043a\u0443 + \u0417\u0430\u0440\u044f\u0434\u043a\u0430 + \u042f\u0449\u0438\u043a + \u041d\u0430\u0441\u0430\u0434\u043a\u0438"},"content":{"rendered":"\n<p><strong> Aku press Rems 571014 + laadija + kohver + otsikud <\/strong> , \u00a0t\u00f6\u00f6korras! <\/p><p> KIRJELDUS <\/p><p> V\u00f5imsus, W 380 <\/p><p> Toru l\u00e4bim\u00f5\u00f5t, mm 10-110 (-1&#8243;) <\/p><p> T\u00f5mbej\u00f5ud, kN 32 <\/p><p> Kaal, kg 4,3 <\/p><p> \u00a0 <\/p>\n","protected":false},"excerpt":{"rendered":"<p>Aku press Rems 571014 + laadija + kohver + otsikud , \u00a0t\u00f6\u00f6korras! KIRJELDUS V\u00f5imsus, W 380 Toru l\u00e4bim\u00f5\u00f5t, mm 10-110 (-1&#8243;) T\u00f5mbej\u00f5ud, kN 32 Kaal, kg 4,3 \u00a0<\/p>\n","protected":false},"featured_media":28671,"comment_status":"closed","ping_status":"open","template":"","meta":{"inline_featured_image":false},"product_brand":[],"product_cat":[240],"product_tag":[],"class_list":{"0":"post-28670","1":"product","2":"type-product","3":"status-publish","4":"has-post-thumbnail","6":"product_cat-santehnicheskij-instrument","7":"pa_asukoht-lasnamae","8":"pa_seisukord-ispolzovano","10":"first","11":"instock","12":"taxable","13":"shipping-taxable","14":"purchasable","15":"product-type-simple"},"_links":{"self":[{"href":"https:\/\/a-pant.ee\/ru\/wp-json\/wp\/v2\/product\/28670","targetHints":{"allow":["GET"]}}],"collection":[{"href":"https:\/\/a-pant.ee\/ru\/wp-json\/wp\/v2\/product"}],"about":[{"href":"https:\/\/a-pant.ee\/ru\/wp-json\/wp\/v2\/types\/product"}],"replies":[{"embeddable":true,"href":"https:\/\/a-pant.ee\/ru\/wp-json\/wp\/v2\/comments?post=28670"}],"wp:featuredmedia":[{"embeddable":true,"href":"https:\/\/a-pant.ee\/ru\/wp-json\/wp\/v2\/media\/28671"}],"wp:attachment":[{"href":"https:\/\/a-pant.ee\/ru\/wp-json\/wp\/v2\/media?parent=28670"}],"wp:term":[{"taxonomy":"product_brand","embeddable":true,"href":"https:\/\/a-pant.ee\/ru\/wp-json\/wp\/v2\/product_brand?post=28670"},{"taxonomy":"product_cat","embeddable":true,"href":"https:\/\/a-pant.ee\/ru\/wp-json\/wp\/v2\/product_cat?post=28670"},{"taxonomy":"product_tag","embeddable":true,"href":"https:\/\/a-pant.ee\/ru\/wp-json\/wp\/v2\/product_tag?post=28670"}],"curies":[{"name":"wp","href":"https:\/\/api.w.org\/{rel}","templated":true}]}}