{"id":28662,"date":"2026-02-04T11:40:34","date_gmt":"2026-02-04T08:40:34","guid":{"rendered":"https:\/\/a-pant.ee\/product\/trenirovochnyy-komplekt-blazepod-6-moduley\/"},"modified":"2026-02-22T12:29:22","modified_gmt":"2026-02-22T09:29:22","slug":"trenirovochnyj-komplekt-blazepod-6-modulej-sumka","status":"publish","type":"product","link":"https:\/\/a-pant.ee\/ru\/product\/trenirovochnyj-komplekt-blazepod-6-modulej-sumka\/","title":{"rendered":"\u0422\u0440\u0435\u043d\u0438\u0440\u043e\u0432\u043e\u0447\u043d\u044b\u0439  \u043a\u043e\u043c\u043f\u043b\u0435\u043a\u0442 Blazepod (6 \u043c\u043e\u0434\u0443\u043b\u0435\u0439) + \u0441\u0443\u043c\u043a\u0430"},"content":{"rendered":"\n<p><strong> Treeningukomplekt Blazepod \u00a0(6 poodi) + kott <\/strong> , heas seisu- ja t\u00f6\u00f6korras! <\/p><p> KIRJELDUS <\/p><p> BlazePodi treeningukomplekt on interaktiivne treeningvahend, mis kasutab valguspoode reaktsioonikiiruse ja otsustamisv\u00f5ime parandamiseks. Komplekt sisaldab kuut poodi, laadimisalust ja k\u00f5vakattega kandekotti, sobides nii sise- kui v\u00e4listingimustes kasutamiseks. <\/p>\n","protected":false},"excerpt":{"rendered":"<p>Treeningukomplekt Blazepod \u00a0(6 poodi) + kott , heas seisu- ja t\u00f6\u00f6korras! KIRJELDUS BlazePodi treeningukomplekt on interaktiivne treeningvahend, mis kasutab valguspoode reaktsioonikiiruse ja otsustamisv\u00f5ime parandamiseks. Komplekt sisaldab kuut poodi, laadimisalust ja k\u00f5vakattega kandekotti, sobides nii sise- kui v\u00e4listingimustes kasutamiseks.<\/p>\n","protected":false},"featured_media":28663,"comment_status":"closed","ping_status":"open","template":"","meta":{"inline_featured_image":false},"product_brand":[],"product_cat":[213],"product_tag":[],"class_list":{"0":"post-28662","1":"product","2":"type-product","3":"status-publish","4":"has-post-thumbnail","6":"product_cat-sporttovary","7":"pa_asukoht-lasnamae","8":"pa_seisukord-ispolzovano","10":"first","11":"instock","12":"taxable","13":"shipping-taxable","14":"purchasable","15":"product-type-simple"},"_links":{"self":[{"href":"https:\/\/a-pant.ee\/ru\/wp-json\/wp\/v2\/product\/28662","targetHints":{"allow":["GET"]}}],"collection":[{"href":"https:\/\/a-pant.ee\/ru\/wp-json\/wp\/v2\/product"}],"about":[{"href":"https:\/\/a-pant.ee\/ru\/wp-json\/wp\/v2\/types\/product"}],"replies":[{"embeddable":true,"href":"https:\/\/a-pant.ee\/ru\/wp-json\/wp\/v2\/comments?post=28662"}],"wp:featuredmedia":[{"embeddable":true,"href":"https:\/\/a-pant.ee\/ru\/wp-json\/wp\/v2\/media\/28663"}],"wp:attachment":[{"href":"https:\/\/a-pant.ee\/ru\/wp-json\/wp\/v2\/media?parent=28662"}],"wp:term":[{"taxonomy":"product_brand","embeddable":true,"href":"https:\/\/a-pant.ee\/ru\/wp-json\/wp\/v2\/product_brand?post=28662"},{"taxonomy":"product_cat","embeddable":true,"href":"https:\/\/a-pant.ee\/ru\/wp-json\/wp\/v2\/product_cat?post=28662"},{"taxonomy":"product_tag","embeddable":true,"href":"https:\/\/a-pant.ee\/ru\/wp-json\/wp\/v2\/product_tag?post=28662"}],"curies":[{"name":"wp","href":"https:\/\/api.w.org\/{rel}","templated":true}]}}