{"id":28655,"date":"2026-02-04T11:40:34","date_gmt":"2026-02-04T08:40:34","guid":{"rendered":"https:\/\/a-pant.ee\/product\/impulsnyy-shurupovert-makita-dtd153\/"},"modified":"2026-02-22T12:29:21","modified_gmt":"2026-02-22T09:29:21","slug":"impulsnyj-shurupovert-makita-dtd153-aku-40ach","status":"publish","type":"product","link":"https:\/\/a-pant.ee\/ru\/product\/impulsnyj-shurupovert-makita-dtd153-aku-40ach\/","title":{"rendered":"\u0418\u043c\u043f\u0443\u043b\u044c\u0441\u043d\u044b\u0439 \u0448\u0443\u0440\u0443\u043f\u043e\u0432\u0435\u0440\u0442 Makita DTD153 + \u0410\u043a\u0443 4,0\u0410\u0447"},"content":{"rendered":"\n<p><strong> Akul\u00f6\u00f6kkruvikeeraja Makita DTD153 + Aku 4.0Ah <\/strong> , heas seisu- ja t\u00f6\u00f6korras! <\/p><p> KIRJELDUS <\/p><p> T\u00f6\u00f6riista t\u00fc\u00fcp <br \/> l\u00f6\u00f6kkruvikeeraja <br \/> Padruni t\u00fc\u00fcp <br \/> l\u00f6\u00f6kide all <br \/> T\u00f6\u00f6kiiruste arv <br \/> 1 <br \/> Toitumine <br \/> akust <br \/> Padruni l\u00e4bim\u00f5\u00f5t <br \/> 6,35 mm <br \/> Max l\u00f6\u00f6kide arv minutis <br \/> 3600 l\u00f6\u00f6ki\/min <br \/> Max t\u00fchik\u00e4igu kiirus <br \/> 3400 p\u00f6\u00f6ret minutis <br \/> Maksimaalne p\u00f6\u00f6rdemoment <br \/> 170 Nm <br \/> Max puuri l\u00e4bim\u00f5\u00f5t (puit) <br \/> 36 mm <br \/> Max kruvi l\u00e4bim\u00f5\u00f5t <br \/> 16 mm <br \/> Omadused ja funktsioonid <br \/> Funktsioonid <br \/> \u00fclekoormuskaitse, tagasik\u00e4ik, kiiruse reguleerimine, mootoripidur, impulssre\u017eiim, taustvalgustus, puurimine, haamerpuurimine <br \/> T\u00e4iendavad t\u00f6\u00f6re\u017eiimid <br \/> puurimine, haamerpuurimine, kruvimine, haamerkruvimine <br \/> Pulssre\u017eiim <br \/> Seal on <\/p>\n","protected":false},"excerpt":{"rendered":"<p>Akul\u00f6\u00f6kkruvikeeraja Makita DTD153 + Aku 4.0Ah , heas seisu- ja t\u00f6\u00f6korras! KIRJELDUS T\u00f6\u00f6riista t\u00fc\u00fcp l\u00f6\u00f6kkruvikeeraja Padruni t\u00fc\u00fcp l\u00f6\u00f6kide all T\u00f6\u00f6kiiruste arv 1 Toitumine akust Padruni l\u00e4bim\u00f5\u00f5t 6,35 mm Max l\u00f6\u00f6kide arv minutis 3600 l\u00f6\u00f6ki\/min Max t\u00fchik\u00e4igu kiirus 3400 p\u00f6\u00f6ret minutis Maksimaalne p\u00f6\u00f6rdemoment 170 Nm Max puuri l\u00e4bim\u00f5\u00f5t (puit) 36 mm Max kruvi l\u00e4bim\u00f5\u00f5t 16 mm [&hellip;]<\/p>\n","protected":false},"featured_media":28656,"comment_status":"closed","ping_status":"open","template":"","meta":{"inline_featured_image":false},"product_brand":[],"product_cat":[231],"product_tag":[],"class_list":{"0":"post-28655","1":"product","2":"type-product","3":"status-publish","4":"has-post-thumbnail","6":"product_cat-shurupoverty","7":"pa_asukoht-lasnamae","8":"pa_seisukord-ispolzovano","10":"first","11":"instock","12":"taxable","13":"shipping-taxable","14":"purchasable","15":"product-type-simple"},"_links":{"self":[{"href":"https:\/\/a-pant.ee\/ru\/wp-json\/wp\/v2\/product\/28655","targetHints":{"allow":["GET"]}}],"collection":[{"href":"https:\/\/a-pant.ee\/ru\/wp-json\/wp\/v2\/product"}],"about":[{"href":"https:\/\/a-pant.ee\/ru\/wp-json\/wp\/v2\/types\/product"}],"replies":[{"embeddable":true,"href":"https:\/\/a-pant.ee\/ru\/wp-json\/wp\/v2\/comments?post=28655"}],"wp:featuredmedia":[{"embeddable":true,"href":"https:\/\/a-pant.ee\/ru\/wp-json\/wp\/v2\/media\/28656"}],"wp:attachment":[{"href":"https:\/\/a-pant.ee\/ru\/wp-json\/wp\/v2\/media?parent=28655"}],"wp:term":[{"taxonomy":"product_brand","embeddable":true,"href":"https:\/\/a-pant.ee\/ru\/wp-json\/wp\/v2\/product_brand?post=28655"},{"taxonomy":"product_cat","embeddable":true,"href":"https:\/\/a-pant.ee\/ru\/wp-json\/wp\/v2\/product_cat?post=28655"},{"taxonomy":"product_tag","embeddable":true,"href":"https:\/\/a-pant.ee\/ru\/wp-json\/wp\/v2\/product_tag?post=28655"}],"curies":[{"name":"wp","href":"https:\/\/api.w.org\/{rel}","templated":true}]}}