{"id":28617,"date":"2026-02-04T11:40:34","date_gmt":"2026-02-04T08:40:34","guid":{"rendered":"https:\/\/a-pant.ee\/product\/lobzik-makita-14-4v-jv143d-akb-zaryadka\/"},"modified":"2026-02-22T12:29:21","modified_gmt":"2026-02-22T09:29:21","slug":"lobzik-makita-144v-jv143d-akb-zaryadka","status":"publish","type":"product","link":"https:\/\/a-pant.ee\/ru\/product\/lobzik-makita-144v-jv143d-akb-zaryadka\/","title":{"rendered":"\u041b\u043e\u0431\u0437\u0438\u043a Makita 14,4V JV143D + AK\u0411 + \u0417\u0430\u0440\u044f\u0434\u043a\u0430"},"content":{"rendered":"\n<p> Akutigsaag Makita 14,4V JV143D + AKU + Laadija\u00a0, heas seisu- ja t\u00f6\u00f6korras! <\/p><p> KIRJELDUS <\/p><ul><li> T\u00fc\u00fcp:\u00a0Akutikksaag <\/li><li> Pinge:\u00a014.4 V <\/li><li> Tera liikumise sagedus:\u00a00-2600 l\u00f5iget\/min <\/li><li> L\u00f5ikes\u00fcgavus: <ul><li> Puit: kuni 135 mm <\/li><li> Teras: kuni 10 mm <\/li><li> Alumiinium: kuni 20 mm <\/li><\/ul><\/li><li> Pendelfunktsioon:\u00a0Jah <\/li><li> Sujuvk\u00e4ivitus:\u00a0Jah <\/li><li> T\u00f6\u00f6pinna valgustus:\u00a0Jah <\/li><li> Kaal:\u00a0Umbes 2.4 kg <\/li><\/ul>\n","protected":false},"excerpt":{"rendered":"<p>Akutigsaag Makita 14,4V JV143D + AKU + Laadija\u00a0, heas seisu- ja t\u00f6\u00f6korras! KIRJELDUS T\u00fc\u00fcp:\u00a0Akutikksaag Pinge:\u00a014.4 V Tera liikumise sagedus:\u00a00-2600 l\u00f5iget\/min L\u00f5ikes\u00fcgavus: Puit: kuni 135 mm Teras: kuni 10 mm Alumiinium: kuni 20 mm Pendelfunktsioon:\u00a0Jah Sujuvk\u00e4ivitus:\u00a0Jah T\u00f6\u00f6pinna valgustus:\u00a0Jah Kaal:\u00a0Umbes 2.4 kg<\/p>\n","protected":false},"featured_media":28618,"comment_status":"closed","ping_status":"open","template":"","meta":{"inline_featured_image":false},"product_brand":[],"product_cat":[244],"product_tag":[],"class_list":{"0":"post-28617","1":"product","2":"type-product","3":"status-publish","4":"has-post-thumbnail","6":"product_cat-lobziki","7":"pa_asukoht-mustamae","8":"pa_seisukord-ispolzovano","10":"first","11":"instock","12":"taxable","13":"shipping-taxable","14":"purchasable","15":"product-type-simple"},"_links":{"self":[{"href":"https:\/\/a-pant.ee\/ru\/wp-json\/wp\/v2\/product\/28617","targetHints":{"allow":["GET"]}}],"collection":[{"href":"https:\/\/a-pant.ee\/ru\/wp-json\/wp\/v2\/product"}],"about":[{"href":"https:\/\/a-pant.ee\/ru\/wp-json\/wp\/v2\/types\/product"}],"replies":[{"embeddable":true,"href":"https:\/\/a-pant.ee\/ru\/wp-json\/wp\/v2\/comments?post=28617"}],"wp:featuredmedia":[{"embeddable":true,"href":"https:\/\/a-pant.ee\/ru\/wp-json\/wp\/v2\/media\/28618"}],"wp:attachment":[{"href":"https:\/\/a-pant.ee\/ru\/wp-json\/wp\/v2\/media?parent=28617"}],"wp:term":[{"taxonomy":"product_brand","embeddable":true,"href":"https:\/\/a-pant.ee\/ru\/wp-json\/wp\/v2\/product_brand?post=28617"},{"taxonomy":"product_cat","embeddable":true,"href":"https:\/\/a-pant.ee\/ru\/wp-json\/wp\/v2\/product_cat?post=28617"},{"taxonomy":"product_tag","embeddable":true,"href":"https:\/\/a-pant.ee\/ru\/wp-json\/wp\/v2\/product_tag?post=28617"}],"curies":[{"name":"wp","href":"https:\/\/api.w.org\/{rel}","templated":true}]}}