{"id":28613,"date":"2026-02-04T04:01:56","date_gmt":"2026-02-04T01:01:56","guid":{"rendered":"https:\/\/a-pant.ee\/product\/asus-chromebook-cm1402fm2a-bez-zaryadki\/"},"modified":"2026-02-21T14:13:32","modified_gmt":"2026-02-21T11:13:32","slug":"noutbuk-asus-chromebook-cm1402fm2a-bez-zaryadki","status":"publish","type":"product","link":"https:\/\/a-pant.ee\/ru\/product\/noutbuk-asus-chromebook-cm1402fm2a-bez-zaryadki\/","title":{"rendered":"\u041d\u043e\u0443\u0442\u0431\u0443\u043a Asus Chromebook CM1402FM2A \u0431\u0435\u0437 \u0437\u0430\u0440\u044f\u0434\u043a\u0438"},"content":{"rendered":"\n<p> S\u00fclearvuti Asus Chromebook CM1402FM2A ilma laadija\u00a0, heas seisu- ja t\u00f6\u00f6korras! <\/p><p> KIRJELDUS <\/p><ul><li> Operatsioonis\u00fcsteem: Chrome OS <\/li><li> Ekraan: 14 tolli, IPS, puuteekraan, resolutsioon 1920 \u00d7 1080 (Full HD) <\/li><li> Protsessor: MediaTek Kompanio 520 (8 tuuma) <\/li><li> Operatiivm\u00e4lu: 4 GB LPDDR4X <\/li><li> Sisseehitatud m\u00e4lu: 64 GB eMMC <\/li><li> Graafika: integreeritud Mali-G52 <\/li><li> Kaamera: HD veebikaamera <\/li><li> Traadita \u00fchendus: Wi-Fi 6, Bluetooth 5.1 <\/li><li> Pordid: 2\u00d7 USB-C, 1\u00d7 USB-A, microSD pesa, kombineeritud audioport <\/li><li> Aku kestvus: kuni 12 tundi <\/li><\/ul>\n","protected":false},"excerpt":{"rendered":"<p>S\u00fclearvuti Asus Chromebook CM1402FM2A ilma laadija\u00a0, heas seisu- ja t\u00f6\u00f6korras! KIRJELDUS Operatsioonis\u00fcsteem: Chrome OS Ekraan: 14 tolli, IPS, puuteekraan, resolutsioon 1920 \u00d7 1080 (Full HD) Protsessor: MediaTek Kompanio 520 (8 tuuma) Operatiivm\u00e4lu: 4 GB LPDDR4X Sisseehitatud m\u00e4lu: 64 GB eMMC Graafika: integreeritud Mali-G52 Kaamera: HD veebikaamera Traadita \u00fchendus: Wi-Fi 6, Bluetooth 5.1 Pordid: 2\u00d7 USB-C, [&hellip;]<\/p>\n","protected":false},"featured_media":28614,"comment_status":"closed","ping_status":"open","template":"","meta":{"inline_featured_image":false},"product_brand":[],"product_cat":[312],"product_tag":[],"class_list":{"0":"post-28613","1":"product","2":"type-product","3":"status-publish","4":"has-post-thumbnail","6":"product_cat-bez-kategorii-2","7":"pa_asukoht-mustamae","8":"pa_seisukord-ispolzovano","10":"first","11":"instock","12":"taxable","13":"shipping-taxable","14":"purchasable","15":"product-type-simple"},"_links":{"self":[{"href":"https:\/\/a-pant.ee\/ru\/wp-json\/wp\/v2\/product\/28613","targetHints":{"allow":["GET"]}}],"collection":[{"href":"https:\/\/a-pant.ee\/ru\/wp-json\/wp\/v2\/product"}],"about":[{"href":"https:\/\/a-pant.ee\/ru\/wp-json\/wp\/v2\/types\/product"}],"replies":[{"embeddable":true,"href":"https:\/\/a-pant.ee\/ru\/wp-json\/wp\/v2\/comments?post=28613"}],"wp:featuredmedia":[{"embeddable":true,"href":"https:\/\/a-pant.ee\/ru\/wp-json\/wp\/v2\/media\/28614"}],"wp:attachment":[{"href":"https:\/\/a-pant.ee\/ru\/wp-json\/wp\/v2\/media?parent=28613"}],"wp:term":[{"taxonomy":"product_brand","embeddable":true,"href":"https:\/\/a-pant.ee\/ru\/wp-json\/wp\/v2\/product_brand?post=28613"},{"taxonomy":"product_cat","embeddable":true,"href":"https:\/\/a-pant.ee\/ru\/wp-json\/wp\/v2\/product_cat?post=28613"},{"taxonomy":"product_tag","embeddable":true,"href":"https:\/\/a-pant.ee\/ru\/wp-json\/wp\/v2\/product_tag?post=28613"}],"curies":[{"name":"wp","href":"https:\/\/api.w.org\/{rel}","templated":true}]}}