{"id":28606,"date":"2026-02-04T03:57:42","date_gmt":"2026-02-04T00:57:42","guid":{"rendered":"https:\/\/a-pant.ee\/product\/smartfon-redmi-note-12s-256-8gb-chehol\/"},"modified":"2026-02-22T12:29:26","modified_gmt":"2026-02-22T09:29:26","slug":"smartfon-redmi-note-12s-256-8gb-chehol","status":"publish","type":"product","link":"https:\/\/a-pant.ee\/ru\/product\/smartfon-redmi-note-12s-256-8gb-chehol\/","title":{"rendered":"\u0421\u043c\u0430\u0440\u0442\u0444\u043e\u043d  Redmi Note 12S 256\/8Gb + \u0427\u0435\u0445\u043e\u043b"},"content":{"rendered":"\n<p><strong> Nutitelefon Redmi Note 12S 256\/8Gb <\/strong><strong> + \u00dcmbris <\/strong> , heas seisu- ja t\u00f6\u00f6korras! <\/p><p> KIRJELDUS <\/p><p> Ekraan: AMOLED FHD+, 6,43 &#171;(2400X1080) <br \/> Protsessor: MediaTek Helio G96. <br \/> M\u00e4lu: RAM 8 GB, ehitatud 256 GB <br \/> Aku: Li-Pol, 5000 mAh, mitte eemaldatav <br \/> V\u00f5rgutugi: 2G\/3G\/4G (LTE) <br \/> S\u00f5rmej\u00e4ljeskanner: k\u00fclg <br \/> M\u00f5\u00f5tmed (shhvKht): 73,9 x 159,9 x 8,1 mm mm <br \/> \u00a0 <\/p>\n","protected":false},"excerpt":{"rendered":"<p>Nutitelefon Redmi Note 12S 256\/8Gb + \u00dcmbris , heas seisu- ja t\u00f6\u00f6korras! KIRJELDUS Ekraan: AMOLED FHD+, 6,43 &#171;(2400X1080) Protsessor: MediaTek Helio G96. M\u00e4lu: RAM 8 GB, ehitatud 256 GB Aku: Li-Pol, 5000 mAh, mitte eemaldatav V\u00f5rgutugi: 2G\/3G\/4G (LTE) S\u00f5rmej\u00e4ljeskanner: k\u00fclg M\u00f5\u00f5tmed (shhvKht): 73,9 x 159,9 x 8,1 mm mm \u00a0<\/p>\n","protected":false},"featured_media":28607,"comment_status":"closed","ping_status":"open","template":"","meta":{"inline_featured_image":false},"product_brand":[],"product_cat":[171],"product_tag":[],"class_list":{"0":"post-28606","1":"product","2":"type-product","3":"status-publish","4":"has-post-thumbnail","6":"product_cat-mobilnye-telefony","7":"pa_asukoht-lasnamae","8":"pa_seisukord-ispolzovano","10":"first","11":"instock","12":"taxable","13":"shipping-taxable","14":"purchasable","15":"product-type-simple"},"_links":{"self":[{"href":"https:\/\/a-pant.ee\/ru\/wp-json\/wp\/v2\/product\/28606","targetHints":{"allow":["GET"]}}],"collection":[{"href":"https:\/\/a-pant.ee\/ru\/wp-json\/wp\/v2\/product"}],"about":[{"href":"https:\/\/a-pant.ee\/ru\/wp-json\/wp\/v2\/types\/product"}],"replies":[{"embeddable":true,"href":"https:\/\/a-pant.ee\/ru\/wp-json\/wp\/v2\/comments?post=28606"}],"wp:featuredmedia":[{"embeddable":true,"href":"https:\/\/a-pant.ee\/ru\/wp-json\/wp\/v2\/media\/28607"}],"wp:attachment":[{"href":"https:\/\/a-pant.ee\/ru\/wp-json\/wp\/v2\/media?parent=28606"}],"wp:term":[{"taxonomy":"product_brand","embeddable":true,"href":"https:\/\/a-pant.ee\/ru\/wp-json\/wp\/v2\/product_brand?post=28606"},{"taxonomy":"product_cat","embeddable":true,"href":"https:\/\/a-pant.ee\/ru\/wp-json\/wp\/v2\/product_cat?post=28606"},{"taxonomy":"product_tag","embeddable":true,"href":"https:\/\/a-pant.ee\/ru\/wp-json\/wp\/v2\/product_tag?post=28606"}],"curies":[{"name":"wp","href":"https:\/\/api.w.org\/{rel}","templated":true}]}}