{"id":28597,"date":"2026-02-04T03:57:42","date_gmt":"2026-02-04T00:57:42","guid":{"rendered":"https:\/\/a-pant.ee\/product\/noutbuk-lenovo-g50-70-zaryadka\/"},"modified":"2026-02-22T12:29:26","modified_gmt":"2026-02-22T09:29:26","slug":"noutbuk-lenovo-g50-70-laadija","status":"publish","type":"product","link":"https:\/\/a-pant.ee\/ru\/product\/noutbuk-lenovo-g50-70-laadija\/","title":{"rendered":"\u041d\u043e\u0443\u0442\u0431\u0443\u043a Lenovo G50-70 + laadija"},"content":{"rendered":"\n<p> Sulearvuti Lenovo G50-70 + laadija\u00a0, heas seisu- ja t\u00f6\u00f6korras! <\/p><p> KIRJELDUS <\/p><p> Protsessor: Intel (R) Pentium(R) 3558U @ 1.70GHz <\/p><p> Operatiiv m\u00e4lu: 4 GB <\/p><p> Videokaart: Intel(R) HD Graphics Family 112 MB <\/p><p> K\u00f5vaketas: WDC WD5000LPCX-24C6HT0 228 GB <\/p><p> Operatsioonis\u00fcsteem: Windows 10 PRO <\/p>\n","protected":false},"excerpt":{"rendered":"<p>Sulearvuti Lenovo G50-70 + laadija\u00a0, heas seisu- ja t\u00f6\u00f6korras! KIRJELDUS Protsessor: Intel (R) Pentium(R) 3558U @ 1.70GHz Operatiiv m\u00e4lu: 4 GB Videokaart: Intel(R) HD Graphics Family 112 MB K\u00f5vaketas: WDC WD5000LPCX-24C6HT0 228 GB Operatsioonis\u00fcsteem: Windows 10 PRO<\/p>\n","protected":false},"featured_media":28598,"comment_status":"closed","ping_status":"open","template":"","meta":{"inline_featured_image":false},"product_brand":[],"product_cat":[179],"product_tag":[],"class_list":{"0":"post-28597","1":"product","2":"type-product","3":"status-publish","4":"has-post-thumbnail","6":"product_cat-noutbuki","7":"pa_asukoht-mustamae","8":"pa_seisukord-ispolzovano","10":"first","11":"instock","12":"taxable","13":"shipping-taxable","14":"purchasable","15":"product-type-simple"},"_links":{"self":[{"href":"https:\/\/a-pant.ee\/ru\/wp-json\/wp\/v2\/product\/28597","targetHints":{"allow":["GET"]}}],"collection":[{"href":"https:\/\/a-pant.ee\/ru\/wp-json\/wp\/v2\/product"}],"about":[{"href":"https:\/\/a-pant.ee\/ru\/wp-json\/wp\/v2\/types\/product"}],"replies":[{"embeddable":true,"href":"https:\/\/a-pant.ee\/ru\/wp-json\/wp\/v2\/comments?post=28597"}],"wp:featuredmedia":[{"embeddable":true,"href":"https:\/\/a-pant.ee\/ru\/wp-json\/wp\/v2\/media\/28598"}],"wp:attachment":[{"href":"https:\/\/a-pant.ee\/ru\/wp-json\/wp\/v2\/media?parent=28597"}],"wp:term":[{"taxonomy":"product_brand","embeddable":true,"href":"https:\/\/a-pant.ee\/ru\/wp-json\/wp\/v2\/product_brand?post=28597"},{"taxonomy":"product_cat","embeddable":true,"href":"https:\/\/a-pant.ee\/ru\/wp-json\/wp\/v2\/product_cat?post=28597"},{"taxonomy":"product_tag","embeddable":true,"href":"https:\/\/a-pant.ee\/ru\/wp-json\/wp\/v2\/product_tag?post=28597"}],"curies":[{"name":"wp","href":"https:\/\/api.w.org\/{rel}","templated":true}]}}