{"id":28591,"date":"2026-02-04T03:57:42","date_gmt":"2026-02-04T00:57:42","guid":{"rendered":"https:\/\/a-pant.ee\/product\/bluetooth-smart-kolonka-marshall-uxbridge\/"},"modified":"2026-02-22T12:29:25","modified_gmt":"2026-02-22T09:29:25","slug":"bluetooth-smart-kolonka-marshall-uxbridge","status":"publish","type":"product","link":"https:\/\/a-pant.ee\/ru\/product\/bluetooth-smart-kolonka-marshall-uxbridge\/","title":{"rendered":"Bluetooth \u0441\u043c\u0430\u0440\u0442 \u043a\u043e\u043b\u043e\u043d\u043a\u0430 Marshall Uxbridge"},"content":{"rendered":"\n<p> Bluetooth nutik\u00f5lar Marshall Uxbridge\u00a0, heas seisu- ja t\u00f6\u00f6korras! <\/p><p> KIRJELDUS <\/p><p> V\u00e4rv: must <\/p><p> T\u00fc\u00fcp: t\u00f6\u00f6laud <\/p><p> \u00dchendus: Bluetooth, WiFi <\/p><p> Helis\u00fcsteem: 1.0 <\/p><p> V\u00e4ljundv\u00f5imsus: 30 vatti <\/p><p> Sagedusvahemik: 54\u201320 000 Hz <\/p><p> V\u00f5imsus: v\u00f5rgust <\/p>\n","protected":false},"excerpt":{"rendered":"<p>Bluetooth nutik\u00f5lar Marshall Uxbridge\u00a0, heas seisu- ja t\u00f6\u00f6korras! KIRJELDUS V\u00e4rv: must T\u00fc\u00fcp: t\u00f6\u00f6laud \u00dchendus: Bluetooth, WiFi Helis\u00fcsteem: 1.0 V\u00e4ljundv\u00f5imsus: 30 vatti Sagedusvahemik: 54\u201320 000 Hz V\u00f5imsus: v\u00f5rgust<\/p>\n","protected":false},"featured_media":28592,"comment_status":"closed","ping_status":"open","template":"","meta":{"inline_featured_image":false},"product_brand":[],"product_cat":[167],"product_tag":[],"class_list":{"0":"post-28591","1":"product","2":"type-product","3":"status-publish","4":"has-post-thumbnail","6":"product_cat-kolonki","7":"pa_asukoht-lasnamae","8":"pa_seisukord-ispolzovano","10":"first","11":"outofstock","12":"taxable","13":"shipping-taxable","14":"purchasable","15":"product-type-simple"},"_links":{"self":[{"href":"https:\/\/a-pant.ee\/ru\/wp-json\/wp\/v2\/product\/28591","targetHints":{"allow":["GET"]}}],"collection":[{"href":"https:\/\/a-pant.ee\/ru\/wp-json\/wp\/v2\/product"}],"about":[{"href":"https:\/\/a-pant.ee\/ru\/wp-json\/wp\/v2\/types\/product"}],"replies":[{"embeddable":true,"href":"https:\/\/a-pant.ee\/ru\/wp-json\/wp\/v2\/comments?post=28591"}],"wp:featuredmedia":[{"embeddable":true,"href":"https:\/\/a-pant.ee\/ru\/wp-json\/wp\/v2\/media\/28592"}],"wp:attachment":[{"href":"https:\/\/a-pant.ee\/ru\/wp-json\/wp\/v2\/media?parent=28591"}],"wp:term":[{"taxonomy":"product_brand","embeddable":true,"href":"https:\/\/a-pant.ee\/ru\/wp-json\/wp\/v2\/product_brand?post=28591"},{"taxonomy":"product_cat","embeddable":true,"href":"https:\/\/a-pant.ee\/ru\/wp-json\/wp\/v2\/product_cat?post=28591"},{"taxonomy":"product_tag","embeddable":true,"href":"https:\/\/a-pant.ee\/ru\/wp-json\/wp\/v2\/product_tag?post=28591"}],"curies":[{"name":"wp","href":"https:\/\/api.w.org\/{rel}","templated":true}]}}