{"id":28585,"date":"2026-02-04T03:57:42","date_gmt":"2026-02-04T00:57:42","guid":{"rendered":"https:\/\/a-pant.ee\/product\/orbitarnaya-shlifmashina-ferm-130-vt-psm1035\/"},"modified":"2026-02-22T12:29:25","modified_gmt":"2026-02-22T09:29:25","slug":"orbitalnaya-shlifmashina-ferm-130-vt-psm1035","status":"publish","type":"product","link":"https:\/\/a-pant.ee\/ru\/product\/orbitalnaya-shlifmashina-ferm-130-vt-psm1035\/","title":{"rendered":"\u041e\u0440\u0431\u0438\u0442\u0430\u043b\u044c\u043d\u0430\u044f \u0448\u043b\u0438\u0444\u043c\u0430\u0448\u0438\u043d\u0430 FERM 130 \u0412\u0442 PSM1035"},"content":{"rendered":"\n<p> Elektriline lintlihvija FERM PSM1035 130W\u00a0, heas seisu- ja t\u00f6\u00f6korras! <\/p><p> KIRJELDUS <\/p><p> Kaal <br \/> 1.08 <br \/> Pikkus (mm) <br \/> 300 <br \/> K\u00f5rgus (mm) <br \/> 110 <br \/> Kaubam\u00e4rk <br \/> Ferm <br \/> V\u00f5imsus (W) <br \/> 130 <br \/> Lihvimispinna laius (mm) <br \/> 100 <br \/> Komplekti kuuluvate tarvikute arv (tk) <br \/> 3 <br \/> V\u00e4rv <br \/> Melna\/Zila <br \/> Laius (mm) <br \/> 160 <br \/> V\u00f5imalus \u00fchendada tolmuimejat <br \/> Jah <br \/> Reguleeritav liikumiskiirus <br \/> Ei <br \/> Toitekaabli pikkus (m) <br \/> 3 <br \/> V\u00f6\u00f6tkood <br \/> 8717479094905 <br \/> Seadme kaal (kg) <br \/> 1.5 <br \/> Hoiukohver <br \/> N\u0113 <br \/> P\u00f6\u00f6rlemiskiirus t\u00fchik\u00e4igul (p\u00f6\u00f6ret\/min) <br \/> 14000 <br \/> V\u00f5nkesagedus (minutis) <br \/> 28000 <br \/> Mudel <br \/> PSM1035 <br \/> Lihvimispinna pikkus (mm) <br \/> 150 <br \/> Tolmukoguja <br \/> J\u0101 <\/p>\n","protected":false},"excerpt":{"rendered":"<p>Elektriline lintlihvija FERM PSM1035 130W\u00a0, heas seisu- ja t\u00f6\u00f6korras! KIRJELDUS Kaal 1.08 Pikkus (mm) 300 K\u00f5rgus (mm) 110 Kaubam\u00e4rk Ferm V\u00f5imsus (W) 130 Lihvimispinna laius (mm) 100 Komplekti kuuluvate tarvikute arv (tk) 3 V\u00e4rv Melna\/Zila Laius (mm) 160 V\u00f5imalus \u00fchendada tolmuimejat Jah Reguleeritav liikumiskiirus Ei Toitekaabli pikkus (m) 3 V\u00f6\u00f6tkood 8717479094905 Seadme kaal (kg) 1.5 [&hellip;]<\/p>\n","protected":false},"featured_media":28586,"comment_status":"closed","ping_status":"open","template":"","meta":{"inline_featured_image":false},"product_brand":[],"product_cat":[233],"product_tag":[],"class_list":{"0":"post-28585","1":"product","2":"type-product","3":"status-publish","4":"has-post-thumbnail","6":"product_cat-shlifovalnyj-instrument","7":"pa_asukoht-mustamae","8":"pa_seisukord-ispolzovano","10":"first","11":"instock","12":"taxable","13":"shipping-taxable","14":"purchasable","15":"product-type-simple"},"_links":{"self":[{"href":"https:\/\/a-pant.ee\/ru\/wp-json\/wp\/v2\/product\/28585","targetHints":{"allow":["GET"]}}],"collection":[{"href":"https:\/\/a-pant.ee\/ru\/wp-json\/wp\/v2\/product"}],"about":[{"href":"https:\/\/a-pant.ee\/ru\/wp-json\/wp\/v2\/types\/product"}],"replies":[{"embeddable":true,"href":"https:\/\/a-pant.ee\/ru\/wp-json\/wp\/v2\/comments?post=28585"}],"wp:featuredmedia":[{"embeddable":true,"href":"https:\/\/a-pant.ee\/ru\/wp-json\/wp\/v2\/media\/28586"}],"wp:attachment":[{"href":"https:\/\/a-pant.ee\/ru\/wp-json\/wp\/v2\/media?parent=28585"}],"wp:term":[{"taxonomy":"product_brand","embeddable":true,"href":"https:\/\/a-pant.ee\/ru\/wp-json\/wp\/v2\/product_brand?post=28585"},{"taxonomy":"product_cat","embeddable":true,"href":"https:\/\/a-pant.ee\/ru\/wp-json\/wp\/v2\/product_cat?post=28585"},{"taxonomy":"product_tag","embeddable":true,"href":"https:\/\/a-pant.ee\/ru\/wp-json\/wp\/v2\/product_tag?post=28585"}],"curies":[{"name":"wp","href":"https:\/\/api.w.org\/{rel}","templated":true}]}}