{"id":28578,"date":"2026-02-04T03:57:42","date_gmt":"2026-02-04T00:57:42","guid":{"rendered":"https:\/\/a-pant.ee\/product\/perforator-skil-600w-metabo-yashchik\/"},"modified":"2026-02-22T12:29:25","modified_gmt":"2026-02-22T09:29:25","slug":"perforator-skil-600w-metabo-yashhik","status":"publish","type":"product","link":"https:\/\/a-pant.ee\/ru\/product\/perforator-skil-600w-metabo-yashhik\/","title":{"rendered":"\u041f\u0435\u0440\u0444\u043e\u0440\u0430\u0442\u043e\u0440 Skil 600w + metabo \u044f\u0449\u0438\u043a"},"content":{"rendered":"\n<p> Puurvasar Skil 600w + metabo kohver,\u00a0heas seisu- ja t\u00f6\u00f6korras! <\/p><p> KIRJELDUS <\/p><p> V\u00f5imsus 600 W <br \/> \u2022 L\u00f6\u00f6gij\u00f5ud 1,3 J <br \/> \u2022 Puurimismaht: teras 13 mm, betoon 20 mm, puit 30 mm <br \/> \u2022 Koormuseta l\u00f6\u00f6kide arv 0\u20141100 min <br \/> \u2022 Max l\u00f6\u00f6kide arv 0\u20145800 min <br \/> \u2022 SDS+ padrun <br \/> \u2022 Kaal 2,3 kg <\/p>\n","protected":false},"excerpt":{"rendered":"<p>Puurvasar Skil 600w + metabo kohver,\u00a0heas seisu- ja t\u00f6\u00f6korras! KIRJELDUS V\u00f5imsus 600 W \u2022 L\u00f6\u00f6gij\u00f5ud 1,3 J \u2022 Puurimismaht: teras 13 mm, betoon 20 mm, puit 30 mm \u2022 Koormuseta l\u00f6\u00f6kide arv 0\u20141100 min \u2022 Max l\u00f6\u00f6kide arv 0\u20145800 min \u2022 SDS+ padrun \u2022 Kaal 2,3 kg<\/p>\n","protected":false},"featured_media":28579,"comment_status":"closed","ping_status":"open","template":"","meta":{"inline_featured_image":false},"product_brand":[],"product_cat":[239],"product_tag":[],"class_list":{"0":"post-28578","1":"product","2":"type-product","3":"status-publish","4":"has-post-thumbnail","6":"product_cat-perforatory-i-dreli","7":"pa_asukoht-mustamae","8":"pa_seisukord-ispolzovano","10":"first","11":"instock","12":"taxable","13":"shipping-taxable","14":"purchasable","15":"product-type-simple"},"_links":{"self":[{"href":"https:\/\/a-pant.ee\/ru\/wp-json\/wp\/v2\/product\/28578","targetHints":{"allow":["GET"]}}],"collection":[{"href":"https:\/\/a-pant.ee\/ru\/wp-json\/wp\/v2\/product"}],"about":[{"href":"https:\/\/a-pant.ee\/ru\/wp-json\/wp\/v2\/types\/product"}],"replies":[{"embeddable":true,"href":"https:\/\/a-pant.ee\/ru\/wp-json\/wp\/v2\/comments?post=28578"}],"wp:featuredmedia":[{"embeddable":true,"href":"https:\/\/a-pant.ee\/ru\/wp-json\/wp\/v2\/media\/28579"}],"wp:attachment":[{"href":"https:\/\/a-pant.ee\/ru\/wp-json\/wp\/v2\/media?parent=28578"}],"wp:term":[{"taxonomy":"product_brand","embeddable":true,"href":"https:\/\/a-pant.ee\/ru\/wp-json\/wp\/v2\/product_brand?post=28578"},{"taxonomy":"product_cat","embeddable":true,"href":"https:\/\/a-pant.ee\/ru\/wp-json\/wp\/v2\/product_cat?post=28578"},{"taxonomy":"product_tag","embeddable":true,"href":"https:\/\/a-pant.ee\/ru\/wp-json\/wp\/v2\/product_tag?post=28578"}],"curies":[{"name":"wp","href":"https:\/\/api.w.org\/{rel}","templated":true}]}}