{"id":28572,"date":"2026-02-04T03:57:42","date_gmt":"2026-02-04T00:57:42","guid":{"rendered":"https:\/\/a-pant.ee\/product\/perforator-powerplus-x1175-yashchik\/"},"modified":"2026-02-22T12:29:25","modified_gmt":"2026-02-22T09:29:25","slug":"perforator-powerplus-x1175-yashhik","status":"publish","type":"product","link":"https:\/\/a-pant.ee\/ru\/product\/perforator-powerplus-x1175-yashhik\/","title":{"rendered":"\u041f\u0435\u0440\u0444\u043e\u0440\u0430\u0442\u043e\u0440 PowerPlus X1175 + \u044f\u0449\u0438\u043a"},"content":{"rendered":"\n<p> Puurvasar PowerPlus X1175 + kohver,\u00a0heas seisu- ja t\u00f6\u00f6korras! <\/p><p> KIRJELDUS <\/p><p> V\u00f5imsus: 1600 W <br \/> L\u00f6\u00f6gisagedus: 3900 l\u00f6\u00f6ki\/min <br \/> L\u00f6\u00f6gitugevus: 5 J <br \/> P\u00f6\u00f6rded: 800 p\/min <br \/> Kaabel: 3 m <br \/> M\u00fcratase: 108 dB(A) <br \/> Kaal koos pakendiga: 9,1 kg <\/p>\n","protected":false},"excerpt":{"rendered":"<p>Puurvasar PowerPlus X1175 + kohver,\u00a0heas seisu- ja t\u00f6\u00f6korras! KIRJELDUS V\u00f5imsus: 1600 W L\u00f6\u00f6gisagedus: 3900 l\u00f6\u00f6ki\/min L\u00f6\u00f6gitugevus: 5 J P\u00f6\u00f6rded: 800 p\/min Kaabel: 3 m M\u00fcratase: 108 dB(A) Kaal koos pakendiga: 9,1 kg<\/p>\n","protected":false},"featured_media":28573,"comment_status":"closed","ping_status":"open","template":"","meta":{"inline_featured_image":false},"product_brand":[],"product_cat":[239],"product_tag":[],"class_list":{"0":"post-28572","1":"product","2":"type-product","3":"status-publish","4":"has-post-thumbnail","6":"product_cat-perforatory-i-dreli","7":"pa_asukoht-mustamae","8":"pa_seisukord-ispolzovano","10":"first","11":"instock","12":"taxable","13":"shipping-taxable","14":"purchasable","15":"product-type-simple"},"_links":{"self":[{"href":"https:\/\/a-pant.ee\/ru\/wp-json\/wp\/v2\/product\/28572","targetHints":{"allow":["GET"]}}],"collection":[{"href":"https:\/\/a-pant.ee\/ru\/wp-json\/wp\/v2\/product"}],"about":[{"href":"https:\/\/a-pant.ee\/ru\/wp-json\/wp\/v2\/types\/product"}],"replies":[{"embeddable":true,"href":"https:\/\/a-pant.ee\/ru\/wp-json\/wp\/v2\/comments?post=28572"}],"wp:featuredmedia":[{"embeddable":true,"href":"https:\/\/a-pant.ee\/ru\/wp-json\/wp\/v2\/media\/28573"}],"wp:attachment":[{"href":"https:\/\/a-pant.ee\/ru\/wp-json\/wp\/v2\/media?parent=28572"}],"wp:term":[{"taxonomy":"product_brand","embeddable":true,"href":"https:\/\/a-pant.ee\/ru\/wp-json\/wp\/v2\/product_brand?post=28572"},{"taxonomy":"product_cat","embeddable":true,"href":"https:\/\/a-pant.ee\/ru\/wp-json\/wp\/v2\/product_cat?post=28572"},{"taxonomy":"product_tag","embeddable":true,"href":"https:\/\/a-pant.ee\/ru\/wp-json\/wp\/v2\/product_tag?post=28572"}],"curies":[{"name":"wp","href":"https:\/\/api.w.org\/{rel}","templated":true}]}}