{"id":28566,"date":"2026-02-04T03:57:42","date_gmt":"2026-02-04T00:57:42","guid":{"rendered":"https:\/\/a-pant.ee\/product\/akkumulyatornaya-lampa-stanley-sxls31339e\/"},"modified":"2026-02-22T12:29:25","modified_gmt":"2026-02-22T09:29:25","slug":"akkumulyatornaya-lampa-stanley-sxls31339e-zaryadka","status":"publish","type":"product","link":"https:\/\/a-pant.ee\/ru\/product\/akkumulyatornaya-lampa-stanley-sxls31339e-zaryadka\/","title":{"rendered":"\u0410\u043a\u043a\u0443\u043c\u0443\u043b\u044f\u0442\u043e\u0440\u043d\u0430\u044f \u043b\u0430\u043c\u043f\u0430 Stanley SXLS31339E + \u0437\u0430\u0440\u044f\u0434\u043a\u0430"},"content":{"rendered":"\n<p> Aku tasklamp Stanley SXLS31339E + laadija,\u00a0heas seisu- ja t\u00f6\u00f6korras! <\/p><p> KIRJELDUS <\/p><ul><li> Valguse t\u00fc\u00fcp: LED <\/li><li> Valgusvoog: 2000 luumenit <\/li><li> V\u00f5imsus: 20 W <\/li><li> T\u00f6\u00f6pinge: 230 V <\/li><li> Kaitseklass: IP65 (tolmu- ja pritsmekindel) <\/li><li> Valguse hajuvus: lai nurk, sobib suure pindala valgustamiseks <\/li><li> Korpus: vastupidav ja l\u00f6\u00f6gikindel <\/li><li> Paigaldus: stabiilne alus <\/li><li> Kasutuskoht: sobib sise- ja v\u00e4listingimustesse <\/li><\/ul>\n","protected":false},"excerpt":{"rendered":"<p>Aku tasklamp Stanley SXLS31339E + laadija,\u00a0heas seisu- ja t\u00f6\u00f6korras! KIRJELDUS Valguse t\u00fc\u00fcp: LED Valgusvoog: 2000 luumenit V\u00f5imsus: 20 W T\u00f6\u00f6pinge: 230 V Kaitseklass: IP65 (tolmu- ja pritsmekindel) Valguse hajuvus: lai nurk, sobib suure pindala valgustamiseks Korpus: vastupidav ja l\u00f6\u00f6gikindel Paigaldus: stabiilne alus Kasutuskoht: sobib sise- ja v\u00e4listingimustesse<\/p>\n","protected":false},"featured_media":28567,"comment_status":"closed","ping_status":"open","template":"","meta":{"inline_featured_image":false},"product_brand":[],"product_cat":[246],"product_tag":[],"class_list":{"0":"post-28566","1":"product","2":"type-product","3":"status-publish","4":"has-post-thumbnail","6":"product_cat-instrumenty-drugoe","7":"pa_asukoht-mustamae","8":"pa_seisukord-ispolzovano","10":"first","11":"instock","12":"taxable","13":"shipping-taxable","14":"purchasable","15":"product-type-simple"},"_links":{"self":[{"href":"https:\/\/a-pant.ee\/ru\/wp-json\/wp\/v2\/product\/28566","targetHints":{"allow":["GET"]}}],"collection":[{"href":"https:\/\/a-pant.ee\/ru\/wp-json\/wp\/v2\/product"}],"about":[{"href":"https:\/\/a-pant.ee\/ru\/wp-json\/wp\/v2\/types\/product"}],"replies":[{"embeddable":true,"href":"https:\/\/a-pant.ee\/ru\/wp-json\/wp\/v2\/comments?post=28566"}],"wp:featuredmedia":[{"embeddable":true,"href":"https:\/\/a-pant.ee\/ru\/wp-json\/wp\/v2\/media\/28567"}],"wp:attachment":[{"href":"https:\/\/a-pant.ee\/ru\/wp-json\/wp\/v2\/media?parent=28566"}],"wp:term":[{"taxonomy":"product_brand","embeddable":true,"href":"https:\/\/a-pant.ee\/ru\/wp-json\/wp\/v2\/product_brand?post=28566"},{"taxonomy":"product_cat","embeddable":true,"href":"https:\/\/a-pant.ee\/ru\/wp-json\/wp\/v2\/product_cat?post=28566"},{"taxonomy":"product_tag","embeddable":true,"href":"https:\/\/a-pant.ee\/ru\/wp-json\/wp\/v2\/product_tag?post=28566"}],"curies":[{"name":"wp","href":"https:\/\/api.w.org\/{rel}","templated":true}]}}