{"id":28535,"date":"2026-02-04T03:57:42","date_gmt":"2026-02-04T00:57:42","guid":{"rendered":"https:\/\/a-pant.ee\/product\/serebryanye-izdeliya-m6-lot\/"},"modified":"2026-02-22T12:29:24","modified_gmt":"2026-02-22T09:29:24","slug":"serebryanye-izdeliya-m6-lot","status":"publish","type":"product","link":"https:\/\/a-pant.ee\/ru\/product\/serebryanye-izdeliya-m6-lot\/","title":{"rendered":"\u0421\u0435\u0440\u0435\u0431\u0440\u044f\u043d\u044b\u0435 \u0438\u0437\u0434\u0435\u043b\u0438\u044f M6 \u043b\u043e\u0442"},"content":{"rendered":"\n<p> H\u00f5be tooted M6 lot\u00a0, heas seisu- ja t\u00f6\u00f6korras! <\/p><p> KIRJELDUS <\/p><p> Kaal 77.65 gr <\/p><p> K\u00e4e braslett 1tk <\/p><p> S\u00f5rmus 2tk <\/p><p> Ripats 5tk <\/p><p> kaelakett &#8212; 5 tk <\/p><p> Proov 925 <\/p><p> 1gr \u2013 1,5Eur <\/p>\n","protected":false},"excerpt":{"rendered":"<p>H\u00f5be tooted M6 lot\u00a0, heas seisu- ja t\u00f6\u00f6korras! KIRJELDUS Kaal 77.65 gr K\u00e4e braslett 1tk S\u00f5rmus 2tk Ripats 5tk kaelakett &#8212; 5 tk Proov 925 1gr \u2013 1,5Eur<\/p>\n","protected":false},"featured_media":28536,"comment_status":"closed","ping_status":"open","template":"","meta":{"inline_featured_image":false},"product_brand":[],"product_cat":[185],"product_tag":[],"class_list":{"0":"post-28535","1":"product","2":"type-product","3":"status-publish","4":"has-post-thumbnail","6":"product_cat-serebro","7":"pa_asukoht-mustamae","8":"pa_seisukord-ispolzovano","10":"first","11":"instock","12":"taxable","13":"shipping-taxable","14":"purchasable","15":"product-type-simple"},"_links":{"self":[{"href":"https:\/\/a-pant.ee\/ru\/wp-json\/wp\/v2\/product\/28535","targetHints":{"allow":["GET"]}}],"collection":[{"href":"https:\/\/a-pant.ee\/ru\/wp-json\/wp\/v2\/product"}],"about":[{"href":"https:\/\/a-pant.ee\/ru\/wp-json\/wp\/v2\/types\/product"}],"replies":[{"embeddable":true,"href":"https:\/\/a-pant.ee\/ru\/wp-json\/wp\/v2\/comments?post=28535"}],"wp:featuredmedia":[{"embeddable":true,"href":"https:\/\/a-pant.ee\/ru\/wp-json\/wp\/v2\/media\/28536"}],"wp:attachment":[{"href":"https:\/\/a-pant.ee\/ru\/wp-json\/wp\/v2\/media?parent=28535"}],"wp:term":[{"taxonomy":"product_brand","embeddable":true,"href":"https:\/\/a-pant.ee\/ru\/wp-json\/wp\/v2\/product_brand?post=28535"},{"taxonomy":"product_cat","embeddable":true,"href":"https:\/\/a-pant.ee\/ru\/wp-json\/wp\/v2\/product_cat?post=28535"},{"taxonomy":"product_tag","embeddable":true,"href":"https:\/\/a-pant.ee\/ru\/wp-json\/wp\/v2\/product_tag?post=28535"}],"curies":[{"name":"wp","href":"https:\/\/api.w.org\/{rel}","templated":true}]}}