{"id":28490,"date":"2026-02-04T03:57:42","date_gmt":"2026-02-04T00:57:42","guid":{"rendered":"https:\/\/a-pant.ee\/product\/mobilnyj-telefon-motorola-moto-g23-128gb-chehol\/"},"modified":"2026-02-22T12:29:23","modified_gmt":"2026-02-22T09:29:23","slug":"mobilnyj-telefon-motorola-moto-g23-128gb-chehol","status":"publish","type":"product","link":"https:\/\/a-pant.ee\/ru\/product\/mobilnyj-telefon-motorola-moto-g23-128gb-chehol\/","title":{"rendered":"\u041c\u043e\u0431\u0438\u043b\u044c\u043d\u044b\u0439 \u0442\u0435\u043b\u0435\u0444\u043e\u043d Motorola Moto G23 128Gb + \u0447\u0435\u0445\u043e\u043b"},"content":{"rendered":"\n<p> Mobiiltelefon Motorola Moto G23 128Gb + \u00fcmbrik\u00a0, heas seisu- ja t\u00f6\u00f6korras! <\/p><p> KIRJELDUS <\/p><p> Tootja Motorola <\/p><p> M\u00e4lukaardi t\u00fc\u00fcp microSDXC (dedicated slot) <\/p><p> Kaal, Kg 0.184 <\/p><p> Tagumine kaamera 50 MP, 5 MP, 2 MP <\/p><p> M\u00f5\u00f5tmed 162.7 x 74.7 x 8.2 mm <\/p><p> SIM-kaardi t\u00fc\u00fcp \u00dcks SIM-kaart (nano-SIM) v\u00f5i kaks SIM-kaarti (nano-SIM, kaks ootere\u017eiimi) <\/p><p> Aku Li-Po 5000 mAh, mitte eemaldatav <\/p><p> Esikaamera 16 MP, f\/2.5, (wide), 1.0\u00b5m <\/p><p> \u00dchendused USB Type-C 2.0 <\/p><p> Sisem\u00e4lu, GB 128GB <\/p><p> Operatsioonis\u00fcsteem Android <\/p><p> GPS Jah <\/p><p> RAM 4 GB <\/p><p> Ekraani diagonaal 6.5 <\/p><p> S\u00f5rmej\u00e4ljelugeja Jah <\/p><p> Bluetooth \u00fchendus Jah <\/p><p> V\u00e4rv Must <\/p>\n","protected":false},"excerpt":{"rendered":"<p>Mobiiltelefon Motorola Moto G23 128Gb + \u00fcmbrik\u00a0, heas seisu- ja t\u00f6\u00f6korras! KIRJELDUS Tootja Motorola M\u00e4lukaardi t\u00fc\u00fcp microSDXC (dedicated slot) Kaal, Kg 0.184 Tagumine kaamera 50 MP, 5 MP, 2 MP M\u00f5\u00f5tmed 162.7 x 74.7 x 8.2 mm SIM-kaardi t\u00fc\u00fcp \u00dcks SIM-kaart (nano-SIM) v\u00f5i kaks SIM-kaarti (nano-SIM, kaks ootere\u017eiimi) Aku Li-Po 5000 mAh, mitte eemaldatav Esikaamera [&hellip;]<\/p>\n","protected":false},"featured_media":28491,"comment_status":"closed","ping_status":"open","template":"","meta":{"inline_featured_image":false},"product_brand":[],"product_cat":[171],"product_tag":[],"class_list":{"0":"post-28490","1":"product","2":"type-product","3":"status-publish","4":"has-post-thumbnail","6":"product_cat-mobilnye-telefony","7":"pa_asukoht-lasnamae","8":"pa_seisukord-ispolzovano","10":"first","11":"instock","12":"taxable","13":"shipping-taxable","14":"purchasable","15":"product-type-simple"},"_links":{"self":[{"href":"https:\/\/a-pant.ee\/ru\/wp-json\/wp\/v2\/product\/28490","targetHints":{"allow":["GET"]}}],"collection":[{"href":"https:\/\/a-pant.ee\/ru\/wp-json\/wp\/v2\/product"}],"about":[{"href":"https:\/\/a-pant.ee\/ru\/wp-json\/wp\/v2\/types\/product"}],"replies":[{"embeddable":true,"href":"https:\/\/a-pant.ee\/ru\/wp-json\/wp\/v2\/comments?post=28490"}],"wp:featuredmedia":[{"embeddable":true,"href":"https:\/\/a-pant.ee\/ru\/wp-json\/wp\/v2\/media\/28491"}],"wp:attachment":[{"href":"https:\/\/a-pant.ee\/ru\/wp-json\/wp\/v2\/media?parent=28490"}],"wp:term":[{"taxonomy":"product_brand","embeddable":true,"href":"https:\/\/a-pant.ee\/ru\/wp-json\/wp\/v2\/product_brand?post=28490"},{"taxonomy":"product_cat","embeddable":true,"href":"https:\/\/a-pant.ee\/ru\/wp-json\/wp\/v2\/product_cat?post=28490"},{"taxonomy":"product_tag","embeddable":true,"href":"https:\/\/a-pant.ee\/ru\/wp-json\/wp\/v2\/product_tag?post=28490"}],"curies":[{"name":"wp","href":"https:\/\/api.w.org\/{rel}","templated":true}]}}