{"id":28478,"date":"2026-02-04T03:53:17","date_gmt":"2026-02-04T00:53:17","guid":{"rendered":"https:\/\/a-pant.ee\/product\/akumulyatornaya-bolgarka-milwaukee-m18-cag125x\/"},"modified":"2026-02-22T12:30:39","modified_gmt":"2026-02-22T09:30:39","slug":"akumulyatornaya-bolgarka-milwaukee-m18-cag125x-akb","status":"publish","type":"product","link":"https:\/\/a-pant.ee\/ru\/product\/akumulyatornaya-bolgarka-milwaukee-m18-cag125x-akb\/","title":{"rendered":"\u0410\u043a\u0443\u043c\u0443\u043b\u044f\u0442\u043e\u0440\u043d\u0430\u044f \u0431\u043e\u043b\u0433\u0430\u0440\u043a\u0430 Milwaukee M18 CAG125X + AK\u0411"},"content":{"rendered":"\n<p> Aku-Relakas Milwaukee M18 CAG125X + AKU\u00a0, heas seisu- ja t\u00f6\u00f6korras! <\/p><p> KIRJENDUS <\/p><ul><li> T\u00f6\u00f6riista t\u00fc\u00fcp: akutoitega nurklihvmasin <\/li><li> Ketta l\u00e4bim\u00f5\u00f5t: 125 mm <\/li><li> Mootor: harjavaba POWERSTATE\u2122 <\/li><li> Pinge: 18 V (M18 platvorm) <\/li><li> Maks. p\u00f6\u00f6rlemiskiirus: kuni 8500 p\/min <\/li><li> Spindli keere: M14 <\/li><li> Kaitsefunktsioonid: REDLINK PLUS\u2122 \u00fclekoormuskaitse, ketaspidur, tahtmatu k\u00e4ivitamise kaitse <\/li><li> Eriomadused: elektrooniline pidur, vibratsioonivastane k\u00fclgk\u00e4epide, \u00fclekuumenemis- ja \u00fclekoormuskaitse <\/li><\/ul>\n","protected":false},"excerpt":{"rendered":"<p>Aku-Relakas Milwaukee M18 CAG125X + AKU\u00a0, heas seisu- ja t\u00f6\u00f6korras! KIRJENDUS T\u00f6\u00f6riista t\u00fc\u00fcp: akutoitega nurklihvmasin Ketta l\u00e4bim\u00f5\u00f5t: 125 mm Mootor: harjavaba POWERSTATE\u2122 Pinge: 18 V (M18 platvorm) Maks. p\u00f6\u00f6rlemiskiirus: kuni 8500 p\/min Spindli keere: M14 Kaitsefunktsioonid: REDLINK PLUS\u2122 \u00fclekoormuskaitse, ketaspidur, tahtmatu k\u00e4ivitamise kaitse Eriomadused: elektrooniline pidur, vibratsioonivastane k\u00fclgk\u00e4epide, \u00fclekuumenemis- ja \u00fclekoormuskaitse<\/p>\n","protected":false},"featured_media":28479,"comment_status":"closed","ping_status":"open","template":"","meta":{"inline_featured_image":false},"product_brand":[],"product_cat":[235],"product_tag":[],"class_list":{"0":"post-28478","1":"product","2":"type-product","3":"status-publish","4":"has-post-thumbnail","6":"product_cat-bolgarki","7":"pa_asukoht-mustamae","8":"pa_seisukord-ispolzovano","10":"first","11":"instock","12":"taxable","13":"shipping-taxable","14":"purchasable","15":"product-type-simple"},"_links":{"self":[{"href":"https:\/\/a-pant.ee\/ru\/wp-json\/wp\/v2\/product\/28478","targetHints":{"allow":["GET"]}}],"collection":[{"href":"https:\/\/a-pant.ee\/ru\/wp-json\/wp\/v2\/product"}],"about":[{"href":"https:\/\/a-pant.ee\/ru\/wp-json\/wp\/v2\/types\/product"}],"replies":[{"embeddable":true,"href":"https:\/\/a-pant.ee\/ru\/wp-json\/wp\/v2\/comments?post=28478"}],"wp:featuredmedia":[{"embeddable":true,"href":"https:\/\/a-pant.ee\/ru\/wp-json\/wp\/v2\/media\/28479"}],"wp:attachment":[{"href":"https:\/\/a-pant.ee\/ru\/wp-json\/wp\/v2\/media?parent=28478"}],"wp:term":[{"taxonomy":"product_brand","embeddable":true,"href":"https:\/\/a-pant.ee\/ru\/wp-json\/wp\/v2\/product_brand?post=28478"},{"taxonomy":"product_cat","embeddable":true,"href":"https:\/\/a-pant.ee\/ru\/wp-json\/wp\/v2\/product_cat?post=28478"},{"taxonomy":"product_tag","embeddable":true,"href":"https:\/\/a-pant.ee\/ru\/wp-json\/wp\/v2\/product_tag?post=28478"}],"curies":[{"name":"wp","href":"https:\/\/api.w.org\/{rel}","templated":true}]}}