{"id":28472,"date":"2026-02-04T03:53:17","date_gmt":"2026-02-04T00:53:17","guid":{"rendered":"https:\/\/a-pant.ee\/product\/telefon-samsung-xcover-pro-4-64gb\/"},"modified":"2026-02-22T12:30:38","modified_gmt":"2026-02-22T09:30:38","slug":"telefon-samsung-xcover-pro-4-64gb","status":"publish","type":"product","link":"https:\/\/a-pant.ee\/ru\/product\/telefon-samsung-xcover-pro-4-64gb\/","title":{"rendered":"\u0422\u0435\u043b\u0435\u0444\u043e\u043d Samsung Xcover Pro 4\/64GB"},"content":{"rendered":"\n<p> Telefon Samsung Xcover Pro 4\/64GB\u00a0, heas seisu- ja t\u00f6\u00f6korras! <\/p><p> KIRJENDUS <\/p><ul><li> Ekraan: 6,3&#8243; PLS TFT, resolutsioon 2340 \u00d7 1080 pikslit <\/li><li> Protsessor: Exynos 9611, kaheksatuumaline (4 \u00d7 2.3 GHz + 4 \u00d7 1.7 GHz) <\/li><li> RAM: 4 GB <\/li><li> Sisem\u00e4lu: 64 GB, laiendatav microSD-kaardiga kuni 512 GB <\/li><li> Tagakaamerad: kaksikkaamera \u2014 25 MP (p\u00f5hi) + 8 MP (lainurk) <\/li><li> Esikaamera: 13 MP <\/li><li> Aku: 4050 mAh, eemaldatav <\/li><li> Operatsioonis\u00fcsteem: Android 10 (uuendatav) <\/li><li> \u00dchendused: 4G LTE, Wi-Fi, Bluetooth 5.0, NFC <\/li><li> Lisad: IP68 veekindlus, kukkumiskindlus (MIL-STD-810G), kiire laadimine 15 W <\/li><\/ul>\n","protected":false},"excerpt":{"rendered":"<p>Telefon Samsung Xcover Pro 4\/64GB\u00a0, heas seisu- ja t\u00f6\u00f6korras! KIRJENDUS Ekraan: 6,3&#8243; PLS TFT, resolutsioon 2340 \u00d7 1080 pikslit Protsessor: Exynos 9611, kaheksatuumaline (4 \u00d7 2.3 GHz + 4 \u00d7 1.7 GHz) RAM: 4 GB Sisem\u00e4lu: 64 GB, laiendatav microSD-kaardiga kuni 512 GB Tagakaamerad: kaksikkaamera \u2014 25 MP (p\u00f5hi) + 8 MP (lainurk) Esikaamera: 13 [&hellip;]<\/p>\n","protected":false},"featured_media":28473,"comment_status":"closed","ping_status":"open","template":"","meta":{"inline_featured_image":false},"product_brand":[],"product_cat":[171],"product_tag":[],"class_list":{"0":"post-28472","1":"product","2":"type-product","3":"status-publish","4":"has-post-thumbnail","6":"product_cat-mobilnye-telefony","7":"pa_asukoht-mustamae","8":"pa_seisukord-ispolzovano","10":"first","11":"instock","12":"taxable","13":"shipping-taxable","14":"purchasable","15":"product-type-simple"},"_links":{"self":[{"href":"https:\/\/a-pant.ee\/ru\/wp-json\/wp\/v2\/product\/28472","targetHints":{"allow":["GET"]}}],"collection":[{"href":"https:\/\/a-pant.ee\/ru\/wp-json\/wp\/v2\/product"}],"about":[{"href":"https:\/\/a-pant.ee\/ru\/wp-json\/wp\/v2\/types\/product"}],"replies":[{"embeddable":true,"href":"https:\/\/a-pant.ee\/ru\/wp-json\/wp\/v2\/comments?post=28472"}],"wp:featuredmedia":[{"embeddable":true,"href":"https:\/\/a-pant.ee\/ru\/wp-json\/wp\/v2\/media\/28473"}],"wp:attachment":[{"href":"https:\/\/a-pant.ee\/ru\/wp-json\/wp\/v2\/media?parent=28472"}],"wp:term":[{"taxonomy":"product_brand","embeddable":true,"href":"https:\/\/a-pant.ee\/ru\/wp-json\/wp\/v2\/product_brand?post=28472"},{"taxonomy":"product_cat","embeddable":true,"href":"https:\/\/a-pant.ee\/ru\/wp-json\/wp\/v2\/product_cat?post=28472"},{"taxonomy":"product_tag","embeddable":true,"href":"https:\/\/a-pant.ee\/ru\/wp-json\/wp\/v2\/product_tag?post=28472"}],"curies":[{"name":"wp","href":"https:\/\/api.w.org\/{rel}","templated":true}]}}