{"id":28465,"date":"2026-02-04T03:53:17","date_gmt":"2026-02-04T00:53:17","guid":{"rendered":"https:\/\/a-pant.ee\/product\/kolonka-xiaomi-smart-speaker-l05g\/"},"modified":"2026-02-22T12:30:38","modified_gmt":"2026-02-22T09:30:38","slug":"kolonka-xiaomi-smart-speaker-l05g-korobka-zaryadka","status":"publish","type":"product","link":"https:\/\/a-pant.ee\/ru\/product\/kolonka-xiaomi-smart-speaker-l05g-korobka-zaryadka\/","title":{"rendered":"\u041a\u043e\u043b\u043e\u043d\u043a\u0430 Xiaomi Smart Speaker L05G + \u043a\u043e\u0440\u043e\u0431\u043a\u0430 + \u0437\u0430\u0440\u044f\u0434\u043a\u0430"},"content":{"rendered":"\n<p> Xiaomi Smart Speaker L05G + kapr + laadija, heas seisu- ja t\u00f6\u00f6korras! <\/p><p> KIRJELDUS <\/p><ul><li> Seadme t\u00fc\u00fcp: Nutik\u00f5lar <\/li><li> H\u00e4\u00e4leassistent: Google Assistant <\/li><li> \u00dchendused: Wi-Fi 2.4\/5 GHz, Bluetooth 5.0 <\/li><li> K\u00f5lari v\u00f5imsus: 12 W <\/li><li> K\u00f5lari l\u00e4bim\u00f5\u00f5t: 63,5 mm <\/li><li> Mitmetoaline heli: Toetatud (Chromecast built-in) <\/li><li> Chromecast tugi: Sisseehitatud <\/li><li> Mikrofonid: Sisseehitatud m\u00fcrasummutusega <\/li><li> Juhtimine: Puutetundlik ja h\u00e4\u00e4ljuhtimine <\/li><li> Funktsioonid: Nutikodu juhtimine, muusika striimimine, \u00e4ratus, meeldetuletused <\/li><\/ul>\n","protected":false},"excerpt":{"rendered":"<p>Xiaomi Smart Speaker L05G + kapr + laadija, heas seisu- ja t\u00f6\u00f6korras! KIRJELDUS Seadme t\u00fc\u00fcp: Nutik\u00f5lar H\u00e4\u00e4leassistent: Google Assistant \u00dchendused: Wi-Fi 2.4\/5 GHz, Bluetooth 5.0 K\u00f5lari v\u00f5imsus: 12 W K\u00f5lari l\u00e4bim\u00f5\u00f5t: 63,5 mm Mitmetoaline heli: Toetatud (Chromecast built-in) Chromecast tugi: Sisseehitatud Mikrofonid: Sisseehitatud m\u00fcrasummutusega Juhtimine: Puutetundlik ja h\u00e4\u00e4ljuhtimine Funktsioonid: Nutikodu juhtimine, muusika striimimine, \u00e4ratus, meeldetuletused<\/p>\n","protected":false},"featured_media":28466,"comment_status":"closed","ping_status":"open","template":"","meta":{"inline_featured_image":false},"product_brand":[],"product_cat":[167],"product_tag":[],"class_list":{"0":"post-28465","1":"product","2":"type-product","3":"status-publish","4":"has-post-thumbnail","6":"product_cat-kolonki","7":"pa_asukoht-mustamae","8":"pa_seisukord-ispolzovano","10":"first","11":"instock","12":"taxable","13":"shipping-taxable","14":"purchasable","15":"product-type-simple"},"_links":{"self":[{"href":"https:\/\/a-pant.ee\/ru\/wp-json\/wp\/v2\/product\/28465","targetHints":{"allow":["GET"]}}],"collection":[{"href":"https:\/\/a-pant.ee\/ru\/wp-json\/wp\/v2\/product"}],"about":[{"href":"https:\/\/a-pant.ee\/ru\/wp-json\/wp\/v2\/types\/product"}],"replies":[{"embeddable":true,"href":"https:\/\/a-pant.ee\/ru\/wp-json\/wp\/v2\/comments?post=28465"}],"wp:featuredmedia":[{"embeddable":true,"href":"https:\/\/a-pant.ee\/ru\/wp-json\/wp\/v2\/media\/28466"}],"wp:attachment":[{"href":"https:\/\/a-pant.ee\/ru\/wp-json\/wp\/v2\/media?parent=28465"}],"wp:term":[{"taxonomy":"product_brand","embeddable":true,"href":"https:\/\/a-pant.ee\/ru\/wp-json\/wp\/v2\/product_brand?post=28465"},{"taxonomy":"product_cat","embeddable":true,"href":"https:\/\/a-pant.ee\/ru\/wp-json\/wp\/v2\/product_cat?post=28465"},{"taxonomy":"product_tag","embeddable":true,"href":"https:\/\/a-pant.ee\/ru\/wp-json\/wp\/v2\/product_tag?post=28465"}],"curies":[{"name":"wp","href":"https:\/\/api.w.org\/{rel}","templated":true}]}}