{"id":28458,"date":"2026-02-04T03:53:17","date_gmt":"2026-02-04T00:53:17","guid":{"rendered":"https:\/\/a-pant.ee\/product\/televizor-manta-22lfn38l\/"},"modified":"2026-02-22T12:30:38","modified_gmt":"2026-02-22T09:30:38","slug":"televizor-manta-22lfn38l-korobka-pult-kabelya","status":"publish","type":"product","link":"https:\/\/a-pant.ee\/ru\/product\/televizor-manta-22lfn38l-korobka-pult-kabelya\/","title":{"rendered":"\u0422\u0435\u043b\u0435\u0432\u0438\u0437\u043e\u0440 Manta 22LFN38L + \u043a\u043e\u0440\u043e\u0431\u043a\u0430 + \u043f\u0443\u043b\u044c\u0442 + \u043a\u0430\u0431\u0435\u043b\u044f"},"content":{"rendered":"\n<p> Televiisor Manta 22LFN38L + karp + pult + juhed, heas seisu- ja t\u00f6\u00f6korras! <\/p><p> KIRJELDUS <\/p><ul><li> Ekraani t\u00fc\u00fcp: LED <\/li><li> Ekraani diagonaal: 22 tolli (56 cm) <\/li><li> Resolutsioon: 1920 x 1080 (Full HD) <\/li><li> Ekraani kuvasuhe: 16:9 <\/li><li> Digitaalne tugi: DVB-T2, DVB-C <\/li><li> Heledus: umbes 180 cd\/m\u00b2 <\/li><li> Kontrastsus: 3000:1 <\/li><li> Vaatenurgad: 178\u00b0 \/ 178\u00b0 <\/li><li> \u00dchendused: HDMI, USB, AV, CI, VGA, heliv\u00e4ljund <\/li><li> Sisseehitatud k\u00f5larid: Jah <\/li><li> Energiatarve: umbes 36 W <\/li><li> Seinapaigaldus: VESA tugi (100 x 100 mm) <\/li><\/ul>\n","protected":false},"excerpt":{"rendered":"<p>Televiisor Manta 22LFN38L + karp + pult + juhed, heas seisu- ja t\u00f6\u00f6korras! KIRJELDUS Ekraani t\u00fc\u00fcp: LED Ekraani diagonaal: 22 tolli (56 cm) Resolutsioon: 1920 x 1080 (Full HD) Ekraani kuvasuhe: 16:9 Digitaalne tugi: DVB-T2, DVB-C Heledus: umbes 180 cd\/m\u00b2 Kontrastsus: 3000:1 Vaatenurgad: 178\u00b0 \/ 178\u00b0 \u00dchendused: HDMI, USB, AV, CI, VGA, heliv\u00e4ljund Sisseehitatud k\u00f5larid: [&hellip;]<\/p>\n","protected":false},"featured_media":28459,"comment_status":"closed","ping_status":"open","template":"","meta":{"inline_featured_image":false},"product_brand":[],"product_cat":[181],"product_tag":[],"class_list":{"0":"post-28458","1":"product","2":"type-product","3":"status-publish","4":"has-post-thumbnail","6":"product_cat-televizory","7":"product_shipping_class-oversize","8":"pa_asukoht-mustamae","9":"pa_seisukord-ispolzovano","11":"first","12":"instock","13":"taxable","14":"shipping-taxable","15":"purchasable","16":"product-type-simple"},"_links":{"self":[{"href":"https:\/\/a-pant.ee\/ru\/wp-json\/wp\/v2\/product\/28458","targetHints":{"allow":["GET"]}}],"collection":[{"href":"https:\/\/a-pant.ee\/ru\/wp-json\/wp\/v2\/product"}],"about":[{"href":"https:\/\/a-pant.ee\/ru\/wp-json\/wp\/v2\/types\/product"}],"replies":[{"embeddable":true,"href":"https:\/\/a-pant.ee\/ru\/wp-json\/wp\/v2\/comments?post=28458"}],"wp:featuredmedia":[{"embeddable":true,"href":"https:\/\/a-pant.ee\/ru\/wp-json\/wp\/v2\/media\/28459"}],"wp:attachment":[{"href":"https:\/\/a-pant.ee\/ru\/wp-json\/wp\/v2\/media?parent=28458"}],"wp:term":[{"taxonomy":"product_brand","embeddable":true,"href":"https:\/\/a-pant.ee\/ru\/wp-json\/wp\/v2\/product_brand?post=28458"},{"taxonomy":"product_cat","embeddable":true,"href":"https:\/\/a-pant.ee\/ru\/wp-json\/wp\/v2\/product_cat?post=28458"},{"taxonomy":"product_tag","embeddable":true,"href":"https:\/\/a-pant.ee\/ru\/wp-json\/wp\/v2\/product_tag?post=28458"}],"curies":[{"name":"wp","href":"https:\/\/api.w.org\/{rel}","templated":true}]}}