{"id":28450,"date":"2026-02-04T03:53:17","date_gmt":"2026-02-04T00:53:17","guid":{"rendered":"https:\/\/a-pant.ee\/product\/beprovodnye-naushniki-apple-airpods-pro-gen1\/"},"modified":"2026-02-22T12:30:38","modified_gmt":"2026-02-22T09:30:38","slug":"besprovodnye-naushniki-apple-airpods-gen-2-a2031","status":"publish","type":"product","link":"https:\/\/a-pant.ee\/ru\/product\/besprovodnye-naushniki-apple-airpods-gen-2-a2031\/","title":{"rendered":"\u0411\u0435\u0441\u043f\u0440\u043e\u0432\u043e\u0434\u043d\u044b\u0435 \u043d\u0430\u0443\u0448\u043d\u0438\u043a\u0438 Apple Airpods gen 2 A2031"},"content":{"rendered":"\n<p><strong> Juhtmeta k\u00f5rvaklapid Apple Airpods Pro Gen1 <\/strong> , t\u00f6\u00f6korras! <\/p><p> KIRJELDUS <\/p><ul><li><strong> Mudel: <\/strong> \u00a0Apple AirPods Pro (1. p\u00f5lvkond) <\/li><li><strong> \u00dchenduvus: <\/strong> \u00a0Juhtmevaba (Bluetooth) <\/li><li><strong> Kiip: <\/strong> \u00a0Apple H1 <\/li><li><strong> M\u00fcra v\u00e4hendamine: <\/strong> \u00a0Aktiivne m\u00fcrasummutus (ANC) <\/li><li><strong> L\u00e4bipaistvusre\u017eiim: <\/strong> \u00a0Olemas <\/li><li><strong> Veekindlus: <\/strong> \u00a0IPX4 (pritsme- ja higikindel) <\/li><li><strong> Juhtimine: <\/strong> \u00a0Puutetundlik <\/li><li><strong> Heli: <\/strong> \u00a0Adaptiivne ekvalaiser <\/li><li><strong> Mikrofonid: <\/strong> \u00a0Topelt-suunamikrofonid <\/li><li><strong> Aku kestvus: <\/strong> \u00a0Kuni 4,5 tundi \u00fche laadimisega (kuni 24 tundi koos laadimiskarbiga) <\/li><li><strong> Laadimine: <\/strong> \u00a0Juhtmega (Lightning) ja juhtmevaba (Qi) <\/li><\/ul><p> \u00a0 <\/p>\n","protected":false},"excerpt":{"rendered":"<p>Juhtmeta k\u00f5rvaklapid Apple Airpods Pro Gen1 , t\u00f6\u00f6korras! KIRJELDUS Mudel: \u00a0Apple AirPods Pro (1. p\u00f5lvkond) \u00dchenduvus: \u00a0Juhtmevaba (Bluetooth) Kiip: \u00a0Apple H1 M\u00fcra v\u00e4hendamine: \u00a0Aktiivne m\u00fcrasummutus (ANC) L\u00e4bipaistvusre\u017eiim: \u00a0Olemas Veekindlus: \u00a0IPX4 (pritsme- ja higikindel) Juhtimine: \u00a0Puutetundlik Heli: \u00a0Adaptiivne ekvalaiser Mikrofonid: \u00a0Topelt-suunamikrofonid Aku kestvus: \u00a0Kuni 4,5 tundi \u00fche laadimisega (kuni 24 tundi koos laadimiskarbiga) Laadimine: \u00a0Juhtmega (Lightning) [&hellip;]<\/p>\n","protected":false},"featured_media":28451,"comment_status":"closed","ping_status":"open","template":"","meta":{"inline_featured_image":false},"product_brand":[],"product_cat":[168],"product_tag":[],"class_list":{"0":"post-28450","1":"product","2":"type-product","3":"status-publish","4":"has-post-thumbnail","6":"product_cat-naushniki","7":"pa_asukoht-lasnamae","8":"pa_seisukord-ispolzovano","10":"first","11":"instock","12":"taxable","13":"shipping-taxable","14":"purchasable","15":"product-type-simple"},"_links":{"self":[{"href":"https:\/\/a-pant.ee\/ru\/wp-json\/wp\/v2\/product\/28450","targetHints":{"allow":["GET"]}}],"collection":[{"href":"https:\/\/a-pant.ee\/ru\/wp-json\/wp\/v2\/product"}],"about":[{"href":"https:\/\/a-pant.ee\/ru\/wp-json\/wp\/v2\/types\/product"}],"replies":[{"embeddable":true,"href":"https:\/\/a-pant.ee\/ru\/wp-json\/wp\/v2\/comments?post=28450"}],"wp:featuredmedia":[{"embeddable":true,"href":"https:\/\/a-pant.ee\/ru\/wp-json\/wp\/v2\/media\/28451"}],"wp:attachment":[{"href":"https:\/\/a-pant.ee\/ru\/wp-json\/wp\/v2\/media?parent=28450"}],"wp:term":[{"taxonomy":"product_brand","embeddable":true,"href":"https:\/\/a-pant.ee\/ru\/wp-json\/wp\/v2\/product_brand?post=28450"},{"taxonomy":"product_cat","embeddable":true,"href":"https:\/\/a-pant.ee\/ru\/wp-json\/wp\/v2\/product_cat?post=28450"},{"taxonomy":"product_tag","embeddable":true,"href":"https:\/\/a-pant.ee\/ru\/wp-json\/wp\/v2\/product_tag?post=28450"}],"curies":[{"name":"wp","href":"https:\/\/api.w.org\/{rel}","templated":true}]}}