{"id":28442,"date":"2026-02-04T03:53:17","date_gmt":"2026-02-04T00:53:17","guid":{"rendered":"https:\/\/a-pant.ee\/product\/smartfon-redmi-note-13-256-8gb\/"},"modified":"2026-02-22T12:30:38","modified_gmt":"2026-02-22T09:30:38","slug":"smartfon-redmi-note-13-256-8gb","status":"publish","type":"product","link":"https:\/\/a-pant.ee\/ru\/product\/smartfon-redmi-note-13-256-8gb\/","title":{"rendered":"\u0421\u043c\u0430\u0440\u0442\u0444\u043e\u043d Redmi Note 13 256\/8GB"},"content":{"rendered":"\n<p><strong> Nutitelefon Redmi Note 13 256\/8GB <\/strong> , heas seisu- ja t\u00f6\u00f6korras! <\/p><p> KIRJELDUS <\/p><p> Kauba v\u00e4rv <br \/> S\u00fcda\u00f6\u00f6 must <br \/> OS -i versioon m\u00fc\u00fcgi alguses <br \/> Android 13 <br \/> Juhtumi t\u00fc\u00fcp <br \/> klassikaline <br \/> Korpuse materjal <br \/> plast <br \/> Kaitseaste <br \/> Ip53 <br \/> SIM -kaartide arv <br \/> Kahekordne nano sim <br \/> Kaal <br \/> 188,5 g <br \/> M\u00f5\u00f5dud (SKVXT) <br \/> 75,55&#215;162.24&#215;7,97 mm <\/p><p> Ekraan <br \/> V\u00e4ljapanek <br \/> 6,67 &#171;(2400&#215;1080), Full HD, AMOLED <br \/> Ekraani omadused <br \/> klaasist klaas <br \/> Pikslite arv tolli kohta (PPI) <br \/> 395 <br \/> Ekraani v\u00e4rskenduse sagedus <br \/> 120 Hz <\/p><p> Multimeediumiv\u00f5imalused <br \/> Kaamera funktsioonid <br \/> Autofookus, tagumine v\u00e4lk <br \/> Peamiste (tagumiste) kaamerate arv <br \/> 3 <br \/> P\u00f5hikaamera eraldusv\u00f5ime <br \/> 108 MP <br \/> P\u00f5hikaamera omadused <br \/> lainurk 108 mp, f\/1,75, 24 mm, 0,64 \u03bcm, 9B1 1,92 \u03bcm <br \/> P\u00f5hikaamera omadused 2 <br \/> Superkarvaga 8 MP, f\/2,2 <br \/> P\u00f5hikaamera omadused 3 <br \/> Makrokaamera 2 megapikslit <br \/> Max. videore\u017eiimis <br \/> 1920&#215;1080 <br \/> Video pildistamine (p\u00f5hikaamera) <br \/> 1080p kiirusega 30 kaadrit sekundis, 720p kiirusega 30 kaadrit sekundis <br \/> Esiohu eraldusv\u00f5ime <br \/> 16 MP <br \/> \u00dcleujutus <br \/> Mini Jack 3,5 mm <\/p><p> \u00dchendus <br \/> Suhtlusstandard <br \/> 2G, 3G, 4G LTE <br \/> Traadita liidesed <br \/> Bluetooth, NFC, Wi-Fi, infrapunaport (IRDA) <br \/> Wi-Fi standard <br \/> 802.11ac <br \/> Bluetooth -standard <br \/> 5.1 <br \/> Geopoliitiline <br \/> GPS, Galileo, Glonass <br \/> NFC tugi <br \/> On <\/p><p> M\u00e4lu ja protsessor <br \/> Protsessor <br \/> Qualcomm Snapdragon 685 <br \/> Protsessori omadused <br \/> Sagedus: 2800 MHz; Tuumade arv: 8 (4&#215;2,8 GHC Cortex-A73 ja 4&#215;1,9 GHz Cortex-A53); Videoprotsessor: Adreno 610 <br \/> Ehitatud m\u00e4lu <br \/> 256 GB <br \/> Ramm <br \/> 8 GB <br \/> M\u00e4lukaardi pesa <br \/> On <\/p><p> Toitumine <br \/> Akumaht <br \/> 5000 mah <br \/> Aeg video taasesituse re\u017eiimis <br \/> 15 tundi <br \/> Ooteaeg <br \/> 113 tundi <br \/> Tasumisaeg <br \/> 40 minutit <br \/> Laadimispistiku t\u00fc\u00fcp <br \/> USB-C <br \/> Laadimisfunktsioonid <br \/> Kiire laadimine <br \/> Kiire laadimise t\u00fc\u00fcp <br \/> Xiaomi h\u00fcperlaadimine <br \/> Aku <br \/> eroveeritav <\/p>\n","protected":false},"excerpt":{"rendered":"<p>Nutitelefon Redmi Note 13 256\/8GB , heas seisu- ja t\u00f6\u00f6korras! KIRJELDUS Kauba v\u00e4rv S\u00fcda\u00f6\u00f6 must OS -i versioon m\u00fc\u00fcgi alguses Android 13 Juhtumi t\u00fc\u00fcp klassikaline Korpuse materjal plast Kaitseaste Ip53 SIM -kaartide arv Kahekordne nano sim Kaal 188,5 g M\u00f5\u00f5dud (SKVXT) 75,55&#215;162.24&#215;7,97 mm Ekraan V\u00e4ljapanek 6,67 &#171;(2400&#215;1080), Full HD, AMOLED Ekraani omadused klaasist klaas Pikslite [&hellip;]<\/p>\n","protected":false},"featured_media":28443,"comment_status":"closed","ping_status":"open","template":"","meta":{"inline_featured_image":false},"product_brand":[],"product_cat":[171],"product_tag":[],"class_list":{"0":"post-28442","1":"product","2":"type-product","3":"status-publish","4":"has-post-thumbnail","6":"product_cat-mobilnye-telefony","7":"pa_asukoht-lasnamae","8":"pa_seisukord-ispolzovano","10":"first","11":"instock","12":"taxable","13":"shipping-taxable","14":"purchasable","15":"product-type-simple"},"_links":{"self":[{"href":"https:\/\/a-pant.ee\/ru\/wp-json\/wp\/v2\/product\/28442","targetHints":{"allow":["GET"]}}],"collection":[{"href":"https:\/\/a-pant.ee\/ru\/wp-json\/wp\/v2\/product"}],"about":[{"href":"https:\/\/a-pant.ee\/ru\/wp-json\/wp\/v2\/types\/product"}],"replies":[{"embeddable":true,"href":"https:\/\/a-pant.ee\/ru\/wp-json\/wp\/v2\/comments?post=28442"}],"wp:featuredmedia":[{"embeddable":true,"href":"https:\/\/a-pant.ee\/ru\/wp-json\/wp\/v2\/media\/28443"}],"wp:attachment":[{"href":"https:\/\/a-pant.ee\/ru\/wp-json\/wp\/v2\/media?parent=28442"}],"wp:term":[{"taxonomy":"product_brand","embeddable":true,"href":"https:\/\/a-pant.ee\/ru\/wp-json\/wp\/v2\/product_brand?post=28442"},{"taxonomy":"product_cat","embeddable":true,"href":"https:\/\/a-pant.ee\/ru\/wp-json\/wp\/v2\/product_cat?post=28442"},{"taxonomy":"product_tag","embeddable":true,"href":"https:\/\/a-pant.ee\/ru\/wp-json\/wp\/v2\/product_tag?post=28442"}],"curies":[{"name":"wp","href":"https:\/\/api.w.org\/{rel}","templated":true}]}}