{"id":28389,"date":"2026-02-04T03:53:17","date_gmt":"2026-02-04T00:53:17","guid":{"rendered":"https:\/\/a-pant.ee\/product\/smartfon-huawei-nova-10-pro-256-8gb-chehol\/"},"modified":"2026-02-22T12:30:37","modified_gmt":"2026-02-22T09:30:37","slug":"smartfon-huawei-nova-10-pro-256-8gb-chehol","status":"publish","type":"product","link":"https:\/\/a-pant.ee\/ru\/product\/smartfon-huawei-nova-10-pro-256-8gb-chehol\/","title":{"rendered":"\u0421\u043c\u0430\u0440\u0442\u0444\u043e\u043d Huawei Nova 10 Pro 256\/8gb + \u0447\u0435\u0445\u043e\u043b"},"content":{"rendered":"\n<p><strong> Nutitelefon Huawei Nova 10 Pro 256\/8gb + \u00dcmbris <\/strong> , heas seisu- ja t\u00f6\u00f6korras! <\/p><p> KIRJELDUS <\/p><p> Ekraan 6.78 &#171;1200&#215;2652 pikslit. <br \/> Kaamera 50 MP 2160P. <br \/> Snapdragon 778G 4G 8 GB muutm\u00e4lu\u00a0 <br \/> Aku 4500 mAh 100 vatti. <\/p>\n","protected":false},"excerpt":{"rendered":"<p>Nutitelefon Huawei Nova 10 Pro 256\/8gb + \u00dcmbris , heas seisu- ja t\u00f6\u00f6korras! KIRJELDUS Ekraan 6.78 &#171;1200&#215;2652 pikslit. Kaamera 50 MP 2160P. Snapdragon 778G 4G 8 GB muutm\u00e4lu\u00a0 Aku 4500 mAh 100 vatti.<\/p>\n","protected":false},"featured_media":28390,"comment_status":"closed","ping_status":"open","template":"","meta":{"inline_featured_image":false},"product_brand":[],"product_cat":[171],"product_tag":[],"class_list":{"0":"post-28389","1":"product","2":"type-product","3":"status-publish","4":"has-post-thumbnail","6":"product_cat-mobilnye-telefony","7":"pa_asukoht-lasnamae","8":"pa_seisukord-ispolzovano","10":"first","11":"instock","12":"taxable","13":"shipping-taxable","14":"purchasable","15":"product-type-simple"},"_links":{"self":[{"href":"https:\/\/a-pant.ee\/ru\/wp-json\/wp\/v2\/product\/28389","targetHints":{"allow":["GET"]}}],"collection":[{"href":"https:\/\/a-pant.ee\/ru\/wp-json\/wp\/v2\/product"}],"about":[{"href":"https:\/\/a-pant.ee\/ru\/wp-json\/wp\/v2\/types\/product"}],"replies":[{"embeddable":true,"href":"https:\/\/a-pant.ee\/ru\/wp-json\/wp\/v2\/comments?post=28389"}],"wp:featuredmedia":[{"embeddable":true,"href":"https:\/\/a-pant.ee\/ru\/wp-json\/wp\/v2\/media\/28390"}],"wp:attachment":[{"href":"https:\/\/a-pant.ee\/ru\/wp-json\/wp\/v2\/media?parent=28389"}],"wp:term":[{"taxonomy":"product_brand","embeddable":true,"href":"https:\/\/a-pant.ee\/ru\/wp-json\/wp\/v2\/product_brand?post=28389"},{"taxonomy":"product_cat","embeddable":true,"href":"https:\/\/a-pant.ee\/ru\/wp-json\/wp\/v2\/product_cat?post=28389"},{"taxonomy":"product_tag","embeddable":true,"href":"https:\/\/a-pant.ee\/ru\/wp-json\/wp\/v2\/product_tag?post=28389"}],"curies":[{"name":"wp","href":"https:\/\/api.w.org\/{rel}","templated":true}]}}