{"id":28381,"date":"2026-02-04T03:53:17","date_gmt":"2026-02-04T00:53:17","guid":{"rendered":"https:\/\/a-pant.ee\/product\/telefon-apple-iphone-xs-64gb-akku-77\/"},"modified":"2026-02-22T12:30:37","modified_gmt":"2026-02-22T09:30:37","slug":"telefon-apple-iphone-xs-64gb-aku-77-korobka","status":"publish","type":"product","link":"https:\/\/a-pant.ee\/ru\/product\/telefon-apple-iphone-xs-64gb-aku-77-korobka\/","title":{"rendered":"\u0422\u0435\u043b\u0435\u0444\u043e\u043d Apple iPhone XS 64GB \u0410\u043a\u0443 77% + \u041a\u043e\u0440\u043e\u0431\u043a\u0430"},"content":{"rendered":"\n<p><strong> Telefon Apple iPhone XS 64GB Aku 77% + Karp + \u00dcmbrik + K\u00f5rvaklapid <\/strong> , heas seisu- ja t\u00f6\u00f6korras! <\/p><p> KIRJELDUS <\/p><div><div> Platvorm <\/div><div> iOS <\/div><\/div><div><div> Operatsioonis\u00fcsteem <\/div><div> iOS 12 <\/div><\/div><div><div> Rakenduste pood <\/div><div> AppStore <\/div><\/div><div><div><h2> Ekraan <\/h2><\/div><\/div><div><div> Ekraani diagonaal <\/div><div> 5,8&#8243; <\/div><\/div><div><div> Ekraani t\u00fc\u00fcp <\/div><div> Super AMOLED <\/div><\/div><div><div> Ekraani lahutusv\u00f5ime <\/div><div> 2436 \u00d7 1125 <\/div><\/div><div><div> Punktitihedus <\/div><div> 458 ppi <\/div><\/div><div><div> Ekraani kaitse <\/div><div> Kriimustuskindel klaas <br \/> \u00d5li h\u00fclgav v\u00e4\u00e4ristus <\/div><\/div><div><div> Puutetundlik <\/div><div> Mahutundlik puuteekraan <\/div><\/div><div><div><h2> Protsessor <\/h2><\/div><\/div><div><div> Kiibistik <\/div><div> Apple A12 Bionic <\/div><\/div><div><div> Tuumade arv <\/div><div> 6 <\/div><\/div><div><div><h2> Graafika <\/h2><\/div><\/div><div><div> Tuumade arv <\/div><div> 4 <\/div><\/div><div><div><h2> Operatiivm\u00e4lu <\/h2><\/div><\/div><div><div> Operatiivm\u00e4lu maht <\/div><div> 4 GB <\/div><\/div><div><div><h2> Sisem\u00e4lu <\/h2><\/div><\/div><div><div> Sisem\u00e4lu <\/div><div> 64 GB <\/div><\/div><div><div> M\u00e4lukaardipesa <\/div><div> Puudub <\/div><\/div><div><div><h2> Andmeside <\/h2><\/div><\/div><div><div> Juhtmevaba v\u00f5rk <\/div><div> WiFi IEEE 802.11 a\/b\/g\/n\/ac dual band <\/div><\/div><div><div> Muud funktsioonid <\/div><div> Hotspot <\/div><\/div><div><div> Mobiilne internet <\/div><div> 4G LTE <\/div><\/div><div><div> Bluetooth <\/div><div> Bluetooth 5.0 <\/div><\/div><div><div> Bluetooth protokollid <\/div><div> A2DP <br \/> LE <\/div><\/div><div><div><h2> Sensorid <\/h2><\/div><\/div><div><div> Kiirendusm\u00f5\u00f5tja <\/div><div> Jah <\/div><\/div><div><div> Asendisensor <\/div><div> Jah <\/div><\/div><div><div> Valgussensor <\/div><div> Jah <\/div><\/div><div><div> L\u00e4hedussensor <\/div><div> Jah <\/div><\/div><div><div> S\u00f5rmej\u00e4ljelugeja <\/div><div> Puudub <\/div><\/div><div><div> GPS <\/div><div> Jah <br \/> A-GPS <br \/> GLONASS <br \/> Galileo <br \/> QZSS <\/div><\/div><div><div> Kompass <\/div><div> Jah <\/div><\/div><div><div> NFC <\/div><div> Jah <\/div><\/div><div><div> FM raadio <\/div><div> Ei <\/div><\/div><div><div> Muu <\/div><div> FaceID n\u00e4otuvastus <br \/> Baromeeter <\/div><\/div><div><div><h2> \u00dchendused <\/h2><\/div><\/div><div><div> USB <\/div><div> Apple Lightning <\/div><\/div><div><div> Heli <\/div><div> Apple Lightning <\/div><\/div><div><div> SIM kaardi pesa <\/div><div> nanoSIM <br \/> eSIM <\/div><\/div><div><div><h2> Kaamera <\/h2><\/div><\/div><div><div> Tagakaamera <\/div><div> 12-megapiksline <br \/> Topeltkaamera <\/div><\/div><div><div> Video lahutusv\u00f5ime <\/div><div> [4K UHD] 3840 \u00d7 2160 60p <br \/> [4K UHD] 3840 \u00d7 2160 30p <br \/> [4K UHD] 3840 \u00d7 2160 24p <br \/> [FullHD] 1920 \u00d7 1080 240p <br \/> [FullHD] 1920 \u00d7 1080 120p <br \/> [FullHD] 1920 \u00d7 1080 60p <br \/> [FullHD] 1920 \u00d7 1080 30p <\/div><\/div><div><div> Lisad <\/div><div> V\u00e4lk <\/div><\/div><div><div> Muud funktsioonid <\/div><div> Aegluubis video <br \/> Asukoha salvestamine <br \/> HDR <br \/> Kahekordne optiline suurendus <br \/> N\u00e4otuvastus <br \/> Optiline pildi\u00adstabilisaator <br \/> Panoraam <br \/> Teravustamispunkti valik <br \/> Time-lapse video <\/div><\/div><div><div> Eesmine kaamera <\/div><div> 7-megapiksline <\/div><\/div><div><div><h2> Vooluallikas <\/h2><\/div><\/div><div><div> Aku t\u00fc\u00fcp <\/div><div> Liitium-ioon aku <\/div><\/div><div><div> Aku mahutavus <\/div><div> 2658 mAh <\/div><\/div><div><div> K\u00f5neaeg <\/div><div> 20 tundi <\/div><\/div><div><div> Aku vastupidavus <\/div><div> 60 tundi <\/div><\/div><div><div> Laadimine <\/div><div> Lightning pesa kaudu <\/div><\/div><div><div> Juhtmevaba laadimine <\/div><div> Jah <\/div><\/div><div><div><h2> M\u00f5\u00f5dud ja kaal <\/h2><\/div><\/div><div><div> Laius (mm) <\/div><div> 70,9 <\/div><\/div><div><div> K\u00f5rgus (mm) <\/div><div> 143,6 <\/div><\/div><div><div> S\u00fcgavus (mm) <\/div><div> 7,7 <\/div><\/div><div><div> Kaal (g) <\/div><div> 177 <\/div><\/div><div><div><h2> Muu <\/h2><\/div><\/div><div><div> V\u00e4rvus <\/div><div> Kuldne <\/div><\/div><div><div> Korpuse materjal <\/div><div> Roostevaba teras <br \/> Klaas <\/div><\/div><div><div> Ilmastikukindlus <\/div><div> Ilmastiku- ja tolmukindel <br \/> IP68 <\/div><\/div><div><div> T\u00f6\u00f6temperatuur <\/div><div> 0 \u2013 35 \u00b0C <\/div><\/div><div><div> Komplekti sisu <\/div><div> Nutitelefon <br \/> Apple EarPods <\/div><\/div>\n","protected":false},"excerpt":{"rendered":"<p>Telefon Apple iPhone XS 64GB Aku 77% + Karp + \u00dcmbrik + K\u00f5rvaklapid , heas seisu- ja t\u00f6\u00f6korras! KIRJELDUS Platvorm iOS Operatsioonis\u00fcsteem iOS 12 Rakenduste pood AppStore Ekraan Ekraani diagonaal 5,8&#8243; Ekraani t\u00fc\u00fcp Super AMOLED Ekraani lahutusv\u00f5ime 2436 \u00d7 1125 Punktitihedus 458 ppi Ekraani kaitse Kriimustuskindel klaas \u00d5li h\u00fclgav v\u00e4\u00e4ristus Puutetundlik Mahutundlik puuteekraan Protsessor Kiibistik [&hellip;]<\/p>\n","protected":false},"featured_media":28382,"comment_status":"closed","ping_status":"closed","template":"","meta":{"inline_featured_image":false},"product_brand":[],"product_cat":[171],"product_tag":[],"class_list":{"0":"post-28381","1":"product","2":"type-product","3":"status-publish","4":"has-post-thumbnail","6":"product_cat-mobilnye-telefony","7":"pa_asukoht-mustamae","8":"pa_seisukord-ispolzovano","10":"first","11":"outofstock","12":"taxable","13":"shipping-taxable","14":"purchasable","15":"product-type-simple"},"_links":{"self":[{"href":"https:\/\/a-pant.ee\/ru\/wp-json\/wp\/v2\/product\/28381","targetHints":{"allow":["GET"]}}],"collection":[{"href":"https:\/\/a-pant.ee\/ru\/wp-json\/wp\/v2\/product"}],"about":[{"href":"https:\/\/a-pant.ee\/ru\/wp-json\/wp\/v2\/types\/product"}],"replies":[{"embeddable":true,"href":"https:\/\/a-pant.ee\/ru\/wp-json\/wp\/v2\/comments?post=28381"}],"wp:featuredmedia":[{"embeddable":true,"href":"https:\/\/a-pant.ee\/ru\/wp-json\/wp\/v2\/media\/28382"}],"wp:attachment":[{"href":"https:\/\/a-pant.ee\/ru\/wp-json\/wp\/v2\/media?parent=28381"}],"wp:term":[{"taxonomy":"product_brand","embeddable":true,"href":"https:\/\/a-pant.ee\/ru\/wp-json\/wp\/v2\/product_brand?post=28381"},{"taxonomy":"product_cat","embeddable":true,"href":"https:\/\/a-pant.ee\/ru\/wp-json\/wp\/v2\/product_cat?post=28381"},{"taxonomy":"product_tag","embeddable":true,"href":"https:\/\/a-pant.ee\/ru\/wp-json\/wp\/v2\/product_tag?post=28381"}],"curies":[{"name":"wp","href":"https:\/\/api.w.org\/{rel}","templated":true}]}}