{"id":28350,"date":"2026-02-04T03:50:35","date_gmt":"2026-02-04T00:50:35","guid":{"rendered":"https:\/\/a-pant.ee\/product\/uglovaya-shlifmashina-metabo-w-6-125-yashchik\/"},"modified":"2026-02-22T12:30:41","modified_gmt":"2026-02-22T09:30:41","slug":"uglovaya-shlifmashina-metabo-w-6-125-yashhik","status":"publish","type":"product","link":"https:\/\/a-pant.ee\/ru\/product\/uglovaya-shlifmashina-metabo-w-6-125-yashhik\/","title":{"rendered":"\u0423\u0433\u043b\u043e\u0432\u0430\u044f \u0448\u043b\u0438\u0444\u043c\u0430\u0448\u0438\u043d\u0430 Metabo W 6-125 + \u044f\u0449\u0438\u043a"},"content":{"rendered":"\n<p> Relakas Metabo W 6-125 + kohver\u00a0, heas seisu- ja t\u00f6\u00f6korras! <\/p><p> KIRJELDUS <br \/><br \/> V\u00f5imsus <br \/> 650 vatti <br \/> Mootorit\u00fc\u00fcp <br \/> Pintsel <br \/> Ketta l\u00e4bim\u00f5\u00f5t <br \/> 125 mm <br \/> Istutus l\u00e4bim\u00f5\u00f5t <br \/> 22,2 mm <br \/> Spindli nikerdamine <br \/> M14 <br \/> Kiirus <br \/> 11000 p \/ min <br \/> Elektr. revolutsioonide kohandamine <br \/> Mitte <br \/> Superflans <br \/> Mitte <br \/> Kiiresti SDS -i p\u00e4hkli laadimine <br \/> Mitte <br \/> Kaitse tahtmatu alguse eest <br \/> Mitte <br \/> Korpuse asukoha reguleerimine ilma t\u00f6\u00f6riistata <br \/> Mitte <br \/> Spindli lukk ketta segamisel <br \/> Mitte <br \/> Pideva kiiruse s\u00e4ilitamine koormuse all <br \/> Mitte <br \/> Vibrochka olemasolu <br \/> Mitte <br \/> Sujuv algus <br \/> Mitte <br \/> Pakk <br \/> kast <br \/> Puhaskaal <br \/> 1,5 kg <\/p>\n","protected":false},"excerpt":{"rendered":"<p>Relakas Metabo W 6-125 + kohver\u00a0, heas seisu- ja t\u00f6\u00f6korras! KIRJELDUS V\u00f5imsus 650 vatti Mootorit\u00fc\u00fcp Pintsel Ketta l\u00e4bim\u00f5\u00f5t 125 mm Istutus l\u00e4bim\u00f5\u00f5t 22,2 mm Spindli nikerdamine M14 Kiirus 11000 p \/ min Elektr. revolutsioonide kohandamine Mitte Superflans Mitte Kiiresti SDS -i p\u00e4hkli laadimine Mitte Kaitse tahtmatu alguse eest Mitte Korpuse asukoha reguleerimine ilma t\u00f6\u00f6riistata Mitte [&hellip;]<\/p>\n","protected":false},"featured_media":28351,"comment_status":"closed","ping_status":"closed","template":"","meta":{"inline_featured_image":false},"product_brand":[],"product_cat":[235],"product_tag":[],"class_list":{"0":"post-28350","1":"product","2":"type-product","3":"status-publish","4":"has-post-thumbnail","6":"product_cat-bolgarki","7":"pa_asukoht-lasnamae","8":"pa_seisukord-ispolzovano","10":"first","11":"outofstock","12":"taxable","13":"shipping-taxable","14":"purchasable","15":"product-type-simple"},"_links":{"self":[{"href":"https:\/\/a-pant.ee\/ru\/wp-json\/wp\/v2\/product\/28350","targetHints":{"allow":["GET"]}}],"collection":[{"href":"https:\/\/a-pant.ee\/ru\/wp-json\/wp\/v2\/product"}],"about":[{"href":"https:\/\/a-pant.ee\/ru\/wp-json\/wp\/v2\/types\/product"}],"replies":[{"embeddable":true,"href":"https:\/\/a-pant.ee\/ru\/wp-json\/wp\/v2\/comments?post=28350"}],"wp:featuredmedia":[{"embeddable":true,"href":"https:\/\/a-pant.ee\/ru\/wp-json\/wp\/v2\/media\/28351"}],"wp:attachment":[{"href":"https:\/\/a-pant.ee\/ru\/wp-json\/wp\/v2\/media?parent=28350"}],"wp:term":[{"taxonomy":"product_brand","embeddable":true,"href":"https:\/\/a-pant.ee\/ru\/wp-json\/wp\/v2\/product_brand?post=28350"},{"taxonomy":"product_cat","embeddable":true,"href":"https:\/\/a-pant.ee\/ru\/wp-json\/wp\/v2\/product_cat?post=28350"},{"taxonomy":"product_tag","embeddable":true,"href":"https:\/\/a-pant.ee\/ru\/wp-json\/wp\/v2\/product_tag?post=28350"}],"curies":[{"name":"wp","href":"https:\/\/api.w.org\/{rel}","templated":true}]}}