{"id":28338,"date":"2026-02-04T03:50:35","date_gmt":"2026-02-04T00:50:35","guid":{"rendered":"https:\/\/a-pant.ee\/product\/drel-shurupovert-makita-ddf482-5ah\/"},"modified":"2026-02-22T12:30:41","modified_gmt":"2026-02-22T09:30:41","slug":"drel-shurupovert-makita-ddf482-5ah","status":"publish","type":"product","link":"https:\/\/a-pant.ee\/ru\/product\/drel-shurupovert-makita-ddf482-5ah\/","title":{"rendered":"\u0414\u0440\u0435\u043b\u044c-\u0448\u0443\u0440\u0443\u043f\u043e\u0432\u0435\u0440\u0442 Makita DDF482 + 5ah"},"content":{"rendered":"\n<p> Akutrell Makita DDF482 + 5ah\u00a0, heas seisu- ja t\u00f6\u00f6korras! <\/p><p> KIRJELDUS <br \/><br \/> Aku kaitses\u00fcsteem <br \/> P\u00f6\u00f6retearv (min-1): 0-600 \/ 1900 <br \/> Maks.p\u00f6\u00f6rdemoment (K\u00f5va\/pehme): 62 \/ 36 Nm <br \/> Siduri astmed: 21 <br \/> Maks. l\u00e4bim\u00f5\u00f5t puidus: 38 mm <br \/> Maks. l\u00e4bim\u00f5\u00f5t terases: 13 mm <br \/> Spindel: 1\/2\u2033-20UNF \u201d <br \/> Padrun: 1,5 \u2013 13 mm <br \/> Kaal koos standardse akuga (EPTA-Protseduur 01\/2003): 1,7 kg <\/p>\n","protected":false},"excerpt":{"rendered":"<p>Akutrell Makita DDF482 + 5ah\u00a0, heas seisu- ja t\u00f6\u00f6korras! KIRJELDUS Aku kaitses\u00fcsteem P\u00f6\u00f6retearv (min-1): 0-600 \/ 1900 Maks.p\u00f6\u00f6rdemoment (K\u00f5va\/pehme): 62 \/ 36 Nm Siduri astmed: 21 Maks. l\u00e4bim\u00f5\u00f5t puidus: 38 mm Maks. l\u00e4bim\u00f5\u00f5t terases: 13 mm Spindel: 1\/2\u2033-20UNF \u201d Padrun: 1,5 \u2013 13 mm Kaal koos standardse akuga (EPTA-Protseduur 01\/2003): 1,7 kg<\/p>\n","protected":false},"featured_media":28339,"comment_status":"closed","ping_status":"open","template":"","meta":{"inline_featured_image":false},"product_brand":[],"product_cat":[221],"product_tag":[],"class_list":{"0":"post-28338","1":"product","2":"type-product","3":"status-publish","4":"has-post-thumbnail","6":"product_cat-akkumulyatornye-dreli","7":"pa_asukoht-lasnamae","8":"pa_seisukord-ispolzovano","10":"first","11":"instock","12":"taxable","13":"shipping-taxable","14":"purchasable","15":"product-type-simple"},"_links":{"self":[{"href":"https:\/\/a-pant.ee\/ru\/wp-json\/wp\/v2\/product\/28338","targetHints":{"allow":["GET"]}}],"collection":[{"href":"https:\/\/a-pant.ee\/ru\/wp-json\/wp\/v2\/product"}],"about":[{"href":"https:\/\/a-pant.ee\/ru\/wp-json\/wp\/v2\/types\/product"}],"replies":[{"embeddable":true,"href":"https:\/\/a-pant.ee\/ru\/wp-json\/wp\/v2\/comments?post=28338"}],"wp:featuredmedia":[{"embeddable":true,"href":"https:\/\/a-pant.ee\/ru\/wp-json\/wp\/v2\/media\/28339"}],"wp:attachment":[{"href":"https:\/\/a-pant.ee\/ru\/wp-json\/wp\/v2\/media?parent=28338"}],"wp:term":[{"taxonomy":"product_brand","embeddable":true,"href":"https:\/\/a-pant.ee\/ru\/wp-json\/wp\/v2\/product_brand?post=28338"},{"taxonomy":"product_cat","embeddable":true,"href":"https:\/\/a-pant.ee\/ru\/wp-json\/wp\/v2\/product_cat?post=28338"},{"taxonomy":"product_tag","embeddable":true,"href":"https:\/\/a-pant.ee\/ru\/wp-json\/wp\/v2\/product_tag?post=28338"}],"curies":[{"name":"wp","href":"https:\/\/api.w.org\/{rel}","templated":true}]}}