{"id":28332,"date":"2026-02-04T03:50:35","date_gmt":"2026-02-04T00:50:35","guid":{"rendered":"https:\/\/a-pant.ee\/product\/mobilnyj-telefon-huawei-smart-z-64-gb\/"},"modified":"2026-02-22T12:30:41","modified_gmt":"2026-02-22T09:30:41","slug":"mobilnyj-telefon-huawei-smart-z-64-gb","status":"publish","type":"product","link":"https:\/\/a-pant.ee\/ru\/product\/mobilnyj-telefon-huawei-smart-z-64-gb\/","title":{"rendered":"\u041c\u043e\u0431\u0438\u043b\u044c\u043d\u044b\u0439 \u0442\u0435\u043b\u0435\u0444\u043e\u043d Huawei Smart Z 64 \u0413\u0411"},"content":{"rendered":"\n<p> Mobiiltelefon Huawei Smart Z 64 GB\u00a0, heas seisu- ja t\u00f6\u00f6korras! <\/p><p> KIRJELDUS <\/p><ul><li> Android 9.0 Pie operatsioonis\u00fcsteem <\/li><li> 6,59&#8243; TFT LCD ekraan <\/li><li> 16 + 2 MP tagakaamerad &amp; 16 MP\u00a0 <i> pop-up <\/i> \u00a0esikaamera <\/li><li> 64 GB sisem\u00e4lu, 4 GB RAM <\/li><li> DualSIM, USB-C &amp; microSD m\u00e4lukaardipesa <\/li><\/ul>\n","protected":false},"excerpt":{"rendered":"<p>Mobiiltelefon Huawei Smart Z 64 GB\u00a0, heas seisu- ja t\u00f6\u00f6korras! KIRJELDUS Android 9.0 Pie operatsioonis\u00fcsteem 6,59&#8243; TFT LCD ekraan 16 + 2 MP tagakaamerad &amp; 16 MP\u00a0 pop-up \u00a0esikaamera 64 GB sisem\u00e4lu, 4 GB RAM DualSIM, USB-C &amp; microSD m\u00e4lukaardipesa<\/p>\n","protected":false},"featured_media":28333,"comment_status":"closed","ping_status":"closed","template":"","meta":{"inline_featured_image":false},"product_brand":[],"product_cat":[171],"product_tag":[],"class_list":{"0":"post-28332","1":"product","2":"type-product","3":"status-publish","4":"has-post-thumbnail","6":"product_cat-mobilnye-telefony","7":"pa_asukoht-mustamae","8":"pa_seisukord-ispolzovano","10":"first","11":"outofstock","12":"taxable","13":"shipping-taxable","14":"purchasable","15":"product-type-simple"},"_links":{"self":[{"href":"https:\/\/a-pant.ee\/ru\/wp-json\/wp\/v2\/product\/28332","targetHints":{"allow":["GET"]}}],"collection":[{"href":"https:\/\/a-pant.ee\/ru\/wp-json\/wp\/v2\/product"}],"about":[{"href":"https:\/\/a-pant.ee\/ru\/wp-json\/wp\/v2\/types\/product"}],"replies":[{"embeddable":true,"href":"https:\/\/a-pant.ee\/ru\/wp-json\/wp\/v2\/comments?post=28332"}],"wp:featuredmedia":[{"embeddable":true,"href":"https:\/\/a-pant.ee\/ru\/wp-json\/wp\/v2\/media\/28333"}],"wp:attachment":[{"href":"https:\/\/a-pant.ee\/ru\/wp-json\/wp\/v2\/media?parent=28332"}],"wp:term":[{"taxonomy":"product_brand","embeddable":true,"href":"https:\/\/a-pant.ee\/ru\/wp-json\/wp\/v2\/product_brand?post=28332"},{"taxonomy":"product_cat","embeddable":true,"href":"https:\/\/a-pant.ee\/ru\/wp-json\/wp\/v2\/product_cat?post=28332"},{"taxonomy":"product_tag","embeddable":true,"href":"https:\/\/a-pant.ee\/ru\/wp-json\/wp\/v2\/product_tag?post=28332"}],"curies":[{"name":"wp","href":"https:\/\/api.w.org\/{rel}","templated":true}]}}