{"id":28326,"date":"2026-02-04T03:50:35","date_gmt":"2026-02-04T00:50:35","guid":{"rendered":"https:\/\/a-pant.ee\/product\/bluetooth-naushniki-apple-airpods-pro-1-gen-a2190\/"},"modified":"2026-02-22T12:30:40","modified_gmt":"2026-02-22T09:30:40","slug":"bluetooth-naushniki-apple-airpods-pro-2-replika","status":"publish","type":"product","link":"https:\/\/a-pant.ee\/ru\/product\/bluetooth-naushniki-apple-airpods-pro-2-replika\/","title":{"rendered":"Bluetooth \u041d\u0430\u0443\u0448\u043d\u0438\u043a\u0438 Apple Airpods Pro 2 (Replika)"},"content":{"rendered":"\n<p> Bluetooth K\u00f5rvaklappid Apple Airpods PRO 1 Gen A2190, heas seisu- ja t\u00f6\u00f6korras! <\/p><p> KIRJELDUS <\/p><ul><li> Mudel:\u00a0Apple AirPods Pro (1. p\u00f5lvkond) <\/li><li> \u00dchenduvus:\u00a0Juhtmevaba (Bluetooth) <\/li><li> Kiip:\u00a0Apple H1 <\/li><li> M\u00fcra v\u00e4hendamine:\u00a0Aktiivne m\u00fcrasummutus (ANC) <\/li><li> L\u00e4bipaistvusre\u017eiim:\u00a0Olemas <\/li><li> Veekindlus:\u00a0IPX4 (pritsme- ja higikindel) <\/li><li> Juhtimine:\u00a0Puutetundlik <\/li><li> Heli:\u00a0Adaptiivne ekvalaiser <\/li><li> Mikrofonid:\u00a0Topelt-suunamikrofonid <\/li><li> Aku kestvus:\u00a0Kuni 4,5 tundi \u00fche laadimisega (kuni 24 tundi koos laadimiskarbiga) <\/li><li> Laadimine:\u00a0Juhtmega (Lightning) ja juhtmevaba (Qi) <\/li><\/ul>\n","protected":false},"excerpt":{"rendered":"<p>Bluetooth K\u00f5rvaklappid Apple Airpods PRO 1 Gen A2190, heas seisu- ja t\u00f6\u00f6korras! KIRJELDUS Mudel:\u00a0Apple AirPods Pro (1. p\u00f5lvkond) \u00dchenduvus:\u00a0Juhtmevaba (Bluetooth) Kiip:\u00a0Apple H1 M\u00fcra v\u00e4hendamine:\u00a0Aktiivne m\u00fcrasummutus (ANC) L\u00e4bipaistvusre\u017eiim:\u00a0Olemas Veekindlus:\u00a0IPX4 (pritsme- ja higikindel) Juhtimine:\u00a0Puutetundlik Heli:\u00a0Adaptiivne ekvalaiser Mikrofonid:\u00a0Topelt-suunamikrofonid Aku kestvus:\u00a0Kuni 4,5 tundi \u00fche laadimisega (kuni 24 tundi koos laadimiskarbiga) Laadimine:\u00a0Juhtmega (Lightning) ja juhtmevaba (Qi)<\/p>\n","protected":false},"featured_media":28327,"comment_status":"closed","ping_status":"open","template":"","meta":{"inline_featured_image":false},"product_brand":[],"product_cat":[168],"product_tag":[],"class_list":{"0":"post-28326","1":"product","2":"type-product","3":"status-publish","4":"has-post-thumbnail","6":"product_cat-naushniki","7":"pa_asukoht-mustamae","8":"pa_seisukord-ispolzovano","10":"first","11":"instock","12":"taxable","13":"shipping-taxable","14":"purchasable","15":"product-type-simple"},"_links":{"self":[{"href":"https:\/\/a-pant.ee\/ru\/wp-json\/wp\/v2\/product\/28326","targetHints":{"allow":["GET"]}}],"collection":[{"href":"https:\/\/a-pant.ee\/ru\/wp-json\/wp\/v2\/product"}],"about":[{"href":"https:\/\/a-pant.ee\/ru\/wp-json\/wp\/v2\/types\/product"}],"replies":[{"embeddable":true,"href":"https:\/\/a-pant.ee\/ru\/wp-json\/wp\/v2\/comments?post=28326"}],"wp:featuredmedia":[{"embeddable":true,"href":"https:\/\/a-pant.ee\/ru\/wp-json\/wp\/v2\/media\/28327"}],"wp:attachment":[{"href":"https:\/\/a-pant.ee\/ru\/wp-json\/wp\/v2\/media?parent=28326"}],"wp:term":[{"taxonomy":"product_brand","embeddable":true,"href":"https:\/\/a-pant.ee\/ru\/wp-json\/wp\/v2\/product_brand?post=28326"},{"taxonomy":"product_cat","embeddable":true,"href":"https:\/\/a-pant.ee\/ru\/wp-json\/wp\/v2\/product_cat?post=28326"},{"taxonomy":"product_tag","embeddable":true,"href":"https:\/\/a-pant.ee\/ru\/wp-json\/wp\/v2\/product_tag?post=28326"}],"curies":[{"name":"wp","href":"https:\/\/api.w.org\/{rel}","templated":true}]}}