{"id":28191,"date":"2026-02-04T03:46:53","date_gmt":"2026-02-04T00:46:53","guid":{"rendered":"https:\/\/a-pant.ee\/product\/smartfon-honor-magic-5-lite-5g-256-8gb-chehol\/"},"modified":"2026-02-22T12:30:43","modified_gmt":"2026-02-22T09:30:43","slug":"smartfon-honor-magic-5-lite-5g-256-8gb-chehol-korobka","status":"publish","type":"product","link":"https:\/\/a-pant.ee\/ru\/product\/smartfon-honor-magic-5-lite-5g-256-8gb-chehol-korobka\/","title":{"rendered":"\u0421\u043c\u0430\u0440\u0442\u0444\u043e\u043d Honor Magic 5 lite 5g 256\/8gb + \u0447\u0435\u0445\u043e\u043b + \u043a\u043e\u0440\u043e\u0431\u043a\u0430"},"content":{"rendered":"\n<p><strong> Nutitelefon Honor Magic 5 lite 5g 256\/8gb + \u00fcmbris + karp <\/strong> , heas seisu- ja t\u00f6\u00f6korras! <\/p><p> KIRJELDUS <\/p><p> T\u00fc\u00fcp: sensoorne <br \/> Ekraani diagonaal: 6.67 &#187; <br \/> Maatriksi t\u00fc\u00fcp: AMOLED. <br \/> Ekraani eraldusv\u00f5ime: 2400 x 1080. <br \/> Protsessori nimi ja sagedus: Qualcomm SM6375 Snapdragon 695 5G (6 nm) <br \/> Tuumade arv: 8 -KOHT. <br \/> Ehitatud m\u00e4lu: 256 GB <br \/> RAM maht: 8 GB <\/p>\n","protected":false},"excerpt":{"rendered":"<p>Nutitelefon Honor Magic 5 lite 5g 256\/8gb + \u00fcmbris + karp , heas seisu- ja t\u00f6\u00f6korras! KIRJELDUS T\u00fc\u00fcp: sensoorne Ekraani diagonaal: 6.67 &#187; Maatriksi t\u00fc\u00fcp: AMOLED. Ekraani eraldusv\u00f5ime: 2400 x 1080. Protsessori nimi ja sagedus: Qualcomm SM6375 Snapdragon 695 5G (6 nm) Tuumade arv: 8 -KOHT. Ehitatud m\u00e4lu: 256 GB RAM maht: 8 GB<\/p>\n","protected":false},"featured_media":28192,"comment_status":"closed","ping_status":"open","template":"","meta":{"inline_featured_image":false},"product_brand":[],"product_cat":[171],"product_tag":[],"class_list":{"0":"post-28191","1":"product","2":"type-product","3":"status-publish","4":"has-post-thumbnail","6":"product_cat-mobilnye-telefony","7":"pa_asukoht-lasnamae","8":"pa_seisukord-ispolzovano","10":"first","11":"instock","12":"taxable","13":"shipping-taxable","14":"purchasable","15":"product-type-simple"},"_links":{"self":[{"href":"https:\/\/a-pant.ee\/ru\/wp-json\/wp\/v2\/product\/28191","targetHints":{"allow":["GET"]}}],"collection":[{"href":"https:\/\/a-pant.ee\/ru\/wp-json\/wp\/v2\/product"}],"about":[{"href":"https:\/\/a-pant.ee\/ru\/wp-json\/wp\/v2\/types\/product"}],"replies":[{"embeddable":true,"href":"https:\/\/a-pant.ee\/ru\/wp-json\/wp\/v2\/comments?post=28191"}],"wp:featuredmedia":[{"embeddable":true,"href":"https:\/\/a-pant.ee\/ru\/wp-json\/wp\/v2\/media\/28192"}],"wp:attachment":[{"href":"https:\/\/a-pant.ee\/ru\/wp-json\/wp\/v2\/media?parent=28191"}],"wp:term":[{"taxonomy":"product_brand","embeddable":true,"href":"https:\/\/a-pant.ee\/ru\/wp-json\/wp\/v2\/product_brand?post=28191"},{"taxonomy":"product_cat","embeddable":true,"href":"https:\/\/a-pant.ee\/ru\/wp-json\/wp\/v2\/product_cat?post=28191"},{"taxonomy":"product_tag","embeddable":true,"href":"https:\/\/a-pant.ee\/ru\/wp-json\/wp\/v2\/product_tag?post=28191"}],"curies":[{"name":"wp","href":"https:\/\/api.w.org\/{rel}","templated":true}]}}