{"id":28185,"date":"2026-02-04T03:46:53","date_gmt":"2026-02-04T00:46:53","guid":{"rendered":"https:\/\/a-pant.ee\/product\/bluetooth-naushniki-samsung-buds-2-pro\/"},"modified":"2026-02-22T12:30:42","modified_gmt":"2026-02-22T09:30:42","slug":"bluetooth-naushniki-samsung-buds-2-pro","status":"publish","type":"product","link":"https:\/\/a-pant.ee\/ru\/product\/bluetooth-naushniki-samsung-buds-2-pro\/","title":{"rendered":"Bluetooth \u041d\u0430\u0443\u0448\u043d\u0438\u043a\u0438 Samsung Buds 2 Pro"},"content":{"rendered":"\n<p> Bluetooth K\u00f5rvaklappid Samsung Buds 2 Pro\u00a0, heas seisukorras! <\/p><p> KIRJELDUS <\/p><ul><li> T\u00fc\u00fcp:K\u00f5rvasisesed <\/li><li> Juhtmevaba:Jah <\/li><li> Seadmega \u00fchendamine:Bluetooth <\/li><li> Aktiivne m\u00fcrasummutus:Jah <\/li><li> Mikrofon:Jah <\/li><li> Heli reguleerimise v\u00f5imalus:Jah <\/li><li> K\u00f5nele vastamise\/keeldumise nupp:Jah <\/li><li> T\u00f6\u00f6aeg (kuni):8 h <\/li><\/ul>\n","protected":false},"excerpt":{"rendered":"<p>Bluetooth K\u00f5rvaklappid Samsung Buds 2 Pro\u00a0, heas seisukorras! KIRJELDUS T\u00fc\u00fcp:K\u00f5rvasisesed Juhtmevaba:Jah Seadmega \u00fchendamine:Bluetooth Aktiivne m\u00fcrasummutus:Jah Mikrofon:Jah Heli reguleerimise v\u00f5imalus:Jah K\u00f5nele vastamise\/keeldumise nupp:Jah T\u00f6\u00f6aeg (kuni):8 h<\/p>\n","protected":false},"featured_media":28186,"comment_status":"closed","ping_status":"closed","template":"","meta":{"inline_featured_image":false},"product_brand":[],"product_cat":[168],"product_tag":[],"class_list":{"0":"post-28185","1":"product","2":"type-product","3":"status-publish","4":"has-post-thumbnail","6":"product_cat-naushniki","7":"pa_asukoht-mustamae","8":"pa_seisukord-ispolzovano","10":"first","11":"outofstock","12":"taxable","13":"shipping-taxable","14":"purchasable","15":"product-type-simple"},"_links":{"self":[{"href":"https:\/\/a-pant.ee\/ru\/wp-json\/wp\/v2\/product\/28185","targetHints":{"allow":["GET"]}}],"collection":[{"href":"https:\/\/a-pant.ee\/ru\/wp-json\/wp\/v2\/product"}],"about":[{"href":"https:\/\/a-pant.ee\/ru\/wp-json\/wp\/v2\/types\/product"}],"replies":[{"embeddable":true,"href":"https:\/\/a-pant.ee\/ru\/wp-json\/wp\/v2\/comments?post=28185"}],"wp:featuredmedia":[{"embeddable":true,"href":"https:\/\/a-pant.ee\/ru\/wp-json\/wp\/v2\/media\/28186"}],"wp:attachment":[{"href":"https:\/\/a-pant.ee\/ru\/wp-json\/wp\/v2\/media?parent=28185"}],"wp:term":[{"taxonomy":"product_brand","embeddable":true,"href":"https:\/\/a-pant.ee\/ru\/wp-json\/wp\/v2\/product_brand?post=28185"},{"taxonomy":"product_cat","embeddable":true,"href":"https:\/\/a-pant.ee\/ru\/wp-json\/wp\/v2\/product_cat?post=28185"},{"taxonomy":"product_tag","embeddable":true,"href":"https:\/\/a-pant.ee\/ru\/wp-json\/wp\/v2\/product_tag?post=28185"}],"curies":[{"name":"wp","href":"https:\/\/api.w.org\/{rel}","templated":true}]}}