{"id":28165,"date":"2026-02-04T03:46:53","date_gmt":"2026-02-04T00:46:53","guid":{"rendered":"https:\/\/a-pant.ee\/product\/bluetooth-kolonka-sony-srs-xb33\/"},"modified":"2026-02-22T12:30:42","modified_gmt":"2026-02-22T09:30:42","slug":"bluetooth-kolonka-sony-srs-xb33","status":"publish","type":"product","link":"https:\/\/a-pant.ee\/ru\/product\/bluetooth-kolonka-sony-srs-xb33\/","title":{"rendered":"Bluetooth \u043a\u043e\u043b\u043e\u043d\u043a\u0430 Sony SRS-XB33"},"content":{"rendered":"\n<p> Bluetooth k\u00f5lar Sony SRS-XB33\u00a0, heas seisu- ja t\u00f6\u00f6korras! <\/p><p> KIRJELDUS <\/p><p> Sony SRS-XB33B on k\u00f5rge helikvaliteediga ja v\u00f5imekate bassiheliga juhtmevaba kaasaskantav k\u00f5lar. IP67 kaitseastmega on k\u00f5lar veekindel, tolmukindel ja soolvee h\u00fclgava pinnaga. K\u00f5lar on varustatud kahe mitmev\u00e4rvilise valgusribaga, mis valgustab muusika r\u00fctmi j\u00e4rgi. K\u00f5larit on v\u00f5imalik kasutada nutiseadme laadimiseks. Aku kestvus 24 tundi, EXTRA BASSi funktsiooniga 14 tundi. Lihtne \u00fchilduvus nutiseadmega ja arvutiga. <\/p>\n","protected":false},"excerpt":{"rendered":"<p>Bluetooth k\u00f5lar Sony SRS-XB33\u00a0, heas seisu- ja t\u00f6\u00f6korras! KIRJELDUS Sony SRS-XB33B on k\u00f5rge helikvaliteediga ja v\u00f5imekate bassiheliga juhtmevaba kaasaskantav k\u00f5lar. IP67 kaitseastmega on k\u00f5lar veekindel, tolmukindel ja soolvee h\u00fclgava pinnaga. K\u00f5lar on varustatud kahe mitmev\u00e4rvilise valgusribaga, mis valgustab muusika r\u00fctmi j\u00e4rgi. K\u00f5larit on v\u00f5imalik kasutada nutiseadme laadimiseks. Aku kestvus 24 tundi, EXTRA BASSi funktsiooniga 14 [&hellip;]<\/p>\n","protected":false},"featured_media":28166,"comment_status":"closed","ping_status":"open","template":"","meta":{"inline_featured_image":false},"product_brand":[],"product_cat":[167],"product_tag":[],"class_list":{"0":"post-28165","1":"product","2":"type-product","3":"status-publish","4":"has-post-thumbnail","6":"product_cat-kolonki","7":"pa_asukoht-lasnamae","8":"pa_seisukord-ispolzovano","10":"first","11":"instock","12":"taxable","13":"shipping-taxable","14":"purchasable","15":"product-type-simple"},"_links":{"self":[{"href":"https:\/\/a-pant.ee\/ru\/wp-json\/wp\/v2\/product\/28165","targetHints":{"allow":["GET"]}}],"collection":[{"href":"https:\/\/a-pant.ee\/ru\/wp-json\/wp\/v2\/product"}],"about":[{"href":"https:\/\/a-pant.ee\/ru\/wp-json\/wp\/v2\/types\/product"}],"replies":[{"embeddable":true,"href":"https:\/\/a-pant.ee\/ru\/wp-json\/wp\/v2\/comments?post=28165"}],"wp:featuredmedia":[{"embeddable":true,"href":"https:\/\/a-pant.ee\/ru\/wp-json\/wp\/v2\/media\/28166"}],"wp:attachment":[{"href":"https:\/\/a-pant.ee\/ru\/wp-json\/wp\/v2\/media?parent=28165"}],"wp:term":[{"taxonomy":"product_brand","embeddable":true,"href":"https:\/\/a-pant.ee\/ru\/wp-json\/wp\/v2\/product_brand?post=28165"},{"taxonomy":"product_cat","embeddable":true,"href":"https:\/\/a-pant.ee\/ru\/wp-json\/wp\/v2\/product_cat?post=28165"},{"taxonomy":"product_tag","embeddable":true,"href":"https:\/\/a-pant.ee\/ru\/wp-json\/wp\/v2\/product_tag?post=28165"}],"curies":[{"name":"wp","href":"https:\/\/api.w.org\/{rel}","templated":true}]}}