{"id":28153,"date":"2026-02-04T03:46:53","date_gmt":"2026-02-04T00:46:53","guid":{"rendered":"https:\/\/a-pant.ee\/product\/akulumpa-hilti-sfl12-15\/"},"modified":"2026-02-22T12:30:42","modified_gmt":"2026-02-22T09:30:42","slug":"akulampa-hilti-sfl12-15","status":"publish","type":"product","link":"https:\/\/a-pant.ee\/ru\/product\/akulampa-hilti-sfl12-15\/","title":{"rendered":"\u0410\u043a\u0443\u043b\u0430\u043c\u043f\u0430 Hilti SFL12\/15"},"content":{"rendered":"\n<p> Akulamp Hilti SFL 12\/15\u00a0, heas seisu- ja t\u00f6\u00f6korras! <\/p><p> KIRJELDUS <\/p><ul><li> T\u00fc\u00fcp: Akutoitega LED-taskulamp <\/li><li> \u00dchilduvus: Sobib Hilti 12V ja 15V akudega <\/li><li> Valgusallikas: LED <\/li><li> Heledus: K\u00f5rge, sobib t\u00f6\u00f6tamiseks pimedates tingimustes <\/li><li> Kaldenurga reguleerimine: Jah <\/li><li> Ergonoomika: Kompaktne disain, mugav k\u00e4epide <\/li><li> Kasutus: T\u00f6\u00f6alade valgustamine, ehitus- ja paigaldust\u00f6\u00f6d <\/li><\/ul>\n","protected":false},"excerpt":{"rendered":"<p>Akulamp Hilti SFL 12\/15\u00a0, heas seisu- ja t\u00f6\u00f6korras! KIRJELDUS T\u00fc\u00fcp: Akutoitega LED-taskulamp \u00dchilduvus: Sobib Hilti 12V ja 15V akudega Valgusallikas: LED Heledus: K\u00f5rge, sobib t\u00f6\u00f6tamiseks pimedates tingimustes Kaldenurga reguleerimine: Jah Ergonoomika: Kompaktne disain, mugav k\u00e4epide Kasutus: T\u00f6\u00f6alade valgustamine, ehitus- ja paigaldust\u00f6\u00f6d<\/p>\n","protected":false},"featured_media":28154,"comment_status":"closed","ping_status":"open","template":"","meta":{"inline_featured_image":false},"product_brand":[],"product_cat":[246],"product_tag":[],"class_list":{"0":"post-28153","1":"product","2":"type-product","3":"status-publish","4":"has-post-thumbnail","6":"product_cat-instrumenty-drugoe","7":"pa_asukoht-mustamae","8":"pa_seisukord-ispolzovano","10":"first","11":"instock","12":"taxable","13":"shipping-taxable","14":"purchasable","15":"product-type-simple"},"_links":{"self":[{"href":"https:\/\/a-pant.ee\/ru\/wp-json\/wp\/v2\/product\/28153","targetHints":{"allow":["GET"]}}],"collection":[{"href":"https:\/\/a-pant.ee\/ru\/wp-json\/wp\/v2\/product"}],"about":[{"href":"https:\/\/a-pant.ee\/ru\/wp-json\/wp\/v2\/types\/product"}],"replies":[{"embeddable":true,"href":"https:\/\/a-pant.ee\/ru\/wp-json\/wp\/v2\/comments?post=28153"}],"wp:featuredmedia":[{"embeddable":true,"href":"https:\/\/a-pant.ee\/ru\/wp-json\/wp\/v2\/media\/28154"}],"wp:attachment":[{"href":"https:\/\/a-pant.ee\/ru\/wp-json\/wp\/v2\/media?parent=28153"}],"wp:term":[{"taxonomy":"product_brand","embeddable":true,"href":"https:\/\/a-pant.ee\/ru\/wp-json\/wp\/v2\/product_brand?post=28153"},{"taxonomy":"product_cat","embeddable":true,"href":"https:\/\/a-pant.ee\/ru\/wp-json\/wp\/v2\/product_cat?post=28153"},{"taxonomy":"product_tag","embeddable":true,"href":"https:\/\/a-pant.ee\/ru\/wp-json\/wp\/v2\/product_tag?post=28153"}],"curies":[{"name":"wp","href":"https:\/\/api.w.org\/{rel}","templated":true}]}}