{"id":28147,"date":"2026-02-04T03:46:53","date_gmt":"2026-02-04T00:46:53","guid":{"rendered":"https:\/\/a-pant.ee\/product\/tsirkuljarnaya-pila-hilti-wsc255-yashchik\/"},"modified":"2026-02-22T12:30:41","modified_gmt":"2026-02-22T09:30:41","slug":"czirkulyarnaya-pila-hilti-wsc255-yashhik","status":"publish","type":"product","link":"https:\/\/a-pant.ee\/ru\/product\/czirkulyarnaya-pila-hilti-wsc255-yashhik\/","title":{"rendered":"\u0426\u0438\u0440\u043a\u0443\u043b\u044f\u0440\u043d\u0430\u044f \u043f\u0438\u043b\u0430 HIlti WSC255 + \u044f\u0449\u0438\u043a"},"content":{"rendered":"\n<p> Ketasaag HIlti WSC255 + kast\u00a0, heas seisu- ja t\u00f6\u00f6korras! <\/p><p> KIRJELDUS <\/p><ul><li> T\u00fc\u00fcp: Ketassaag <\/li><li> V\u00f5imsus: 1300 W <\/li><li> Saeketta l\u00e4bim\u00f5\u00f5t: 255 mm <\/li><li> L\u00f5ikes\u00fcgavus: <ul><li> Otse l\u00f5ige (90\u00b0): kuni 90 mm <\/li><li> Nurga all (45\u00b0): kuni 63 mm <\/li><\/ul><\/li><li> P\u00f6\u00f6rlemiskiirus: kuni 4200 p\/min <\/li><li> Toide: V\u00f5rgutoide (220-240 V) <\/li><li> Lisad: Ergonomiline disain, vastupidav korpus, tolmueemalduss\u00fcsteem <\/li><li> Kaal: umbes 7 kg <\/li><\/ul>\n","protected":false},"excerpt":{"rendered":"<p>Ketasaag HIlti WSC255 + kast\u00a0, heas seisu- ja t\u00f6\u00f6korras! KIRJELDUS T\u00fc\u00fcp: Ketassaag V\u00f5imsus: 1300 W Saeketta l\u00e4bim\u00f5\u00f5t: 255 mm L\u00f5ikes\u00fcgavus: Otse l\u00f5ige (90\u00b0): kuni 90 mm Nurga all (45\u00b0): kuni 63 mm P\u00f6\u00f6rlemiskiirus: kuni 4200 p\/min Toide: V\u00f5rgutoide (220-240 V) Lisad: Ergonomiline disain, vastupidav korpus, tolmueemalduss\u00fcsteem Kaal: umbes 7 kg<\/p>\n","protected":false},"featured_media":28148,"comment_status":"closed","ping_status":"open","template":"","meta":{"inline_featured_image":false},"product_brand":[],"product_cat":[230],"product_tag":[],"class_list":{"0":"post-28147","1":"product","2":"type-product","3":"status-publish","4":"has-post-thumbnail","6":"product_cat-czirkulyarnye-pily","7":"pa_asukoht-mustamae","8":"pa_seisukord-ispolzovano","10":"first","11":"instock","12":"taxable","13":"shipping-taxable","14":"purchasable","15":"product-type-simple"},"_links":{"self":[{"href":"https:\/\/a-pant.ee\/ru\/wp-json\/wp\/v2\/product\/28147","targetHints":{"allow":["GET"]}}],"collection":[{"href":"https:\/\/a-pant.ee\/ru\/wp-json\/wp\/v2\/product"}],"about":[{"href":"https:\/\/a-pant.ee\/ru\/wp-json\/wp\/v2\/types\/product"}],"replies":[{"embeddable":true,"href":"https:\/\/a-pant.ee\/ru\/wp-json\/wp\/v2\/comments?post=28147"}],"wp:featuredmedia":[{"embeddable":true,"href":"https:\/\/a-pant.ee\/ru\/wp-json\/wp\/v2\/media\/28148"}],"wp:attachment":[{"href":"https:\/\/a-pant.ee\/ru\/wp-json\/wp\/v2\/media?parent=28147"}],"wp:term":[{"taxonomy":"product_brand","embeddable":true,"href":"https:\/\/a-pant.ee\/ru\/wp-json\/wp\/v2\/product_brand?post=28147"},{"taxonomy":"product_cat","embeddable":true,"href":"https:\/\/a-pant.ee\/ru\/wp-json\/wp\/v2\/product_cat?post=28147"},{"taxonomy":"product_tag","embeddable":true,"href":"https:\/\/a-pant.ee\/ru\/wp-json\/wp\/v2\/product_tag?post=28147"}],"curies":[{"name":"wp","href":"https:\/\/api.w.org\/{rel}","templated":true}]}}