{"id":28141,"date":"2026-02-04T03:46:53","date_gmt":"2026-02-04T00:46:53","guid":{"rendered":"https:\/\/a-pant.ee\/product\/sabelnaya-pila-metabo-ase-19-ltx\/"},"modified":"2026-02-22T12:30:41","modified_gmt":"2026-02-22T09:30:41","slug":"sabelnaya-pila-metabo-ase-19-ltx-yashhik","status":"publish","type":"product","link":"https:\/\/a-pant.ee\/ru\/product\/sabelnaya-pila-metabo-ase-19-ltx-yashhik\/","title":{"rendered":"\u0421\u0430\u0431\u0435\u043b\u044c\u043d\u0430\u044f \u043f\u0438\u043b\u0430 Metabo ASE 19 LTX + \u044f\u0449\u0438\u043a"},"content":{"rendered":"\n<p> Tiigersaag Mrtabo ASE 19 LTX + kast + 2 aku\u00a0, heas seisu- ja t\u00f6\u00f6korras! <\/p><p> Akud ei lae <\/p><p> KIRJELDUS <\/p><p> Tootja <\/p><p> Metabo <\/p><p> Kaal <\/p><p> 2.8 kg <\/p><p> Kogukaal koos pakendiga <\/p><p> 3.706 kg <\/p><p> Professionaalidele \/ Asjaarmastajatele <\/p><p> Professionaalidele <\/p><p> Mootori t\u00fc\u00fcp <\/p><p> Akutoitega <\/p><p> Kas komplekt sisaldab akut <\/p><p> Ei <\/p><p> Aku pinge <\/p><p> 18 V <\/p><p> Liikumiskiirus <\/p><p> 2700 min-1 <\/p><p> P\u00f6\u00f6rlev toime <\/p><p> Jah <\/p><p> Komplektis on <\/p><p> Sisaldab plastikust sisemist kaitse\u00fcmbrist, mis hoiab t\u00f6\u00f6riista kindlalt MetaLoc kandekohvris <\/p><p> Kas komplekt sisaldab kandekohvrit <\/p><p> Toode on pakendatud kartongpakendisse <\/p><p> Sisendpinge \/ sagedus <\/p><p> 18 V \/ D <\/p>\n","protected":false},"excerpt":{"rendered":"<p>Tiigersaag Mrtabo ASE 19 LTX + kast + 2 aku\u00a0, heas seisu- ja t\u00f6\u00f6korras! Akud ei lae KIRJELDUS Tootja Metabo Kaal 2.8 kg Kogukaal koos pakendiga 3.706 kg Professionaalidele \/ Asjaarmastajatele Professionaalidele Mootori t\u00fc\u00fcp Akutoitega Kas komplekt sisaldab akut Ei Aku pinge 18 V Liikumiskiirus 2700 min-1 P\u00f6\u00f6rlev toime Jah Komplektis on Sisaldab plastikust sisemist [&hellip;]<\/p>\n","protected":false},"featured_media":28142,"comment_status":"closed","ping_status":"closed","template":"","meta":{"inline_featured_image":false},"product_brand":[],"product_cat":[243],"product_tag":[],"class_list":{"0":"post-28141","1":"product","2":"type-product","3":"status-publish","4":"has-post-thumbnail","6":"product_cat-sabelnye-pily","7":"pa_asukoht-mustamae","8":"pa_seisukord-ispolzovano","10":"first","11":"outofstock","12":"taxable","13":"shipping-taxable","14":"purchasable","15":"product-type-simple"},"_links":{"self":[{"href":"https:\/\/a-pant.ee\/ru\/wp-json\/wp\/v2\/product\/28141","targetHints":{"allow":["GET"]}}],"collection":[{"href":"https:\/\/a-pant.ee\/ru\/wp-json\/wp\/v2\/product"}],"about":[{"href":"https:\/\/a-pant.ee\/ru\/wp-json\/wp\/v2\/types\/product"}],"replies":[{"embeddable":true,"href":"https:\/\/a-pant.ee\/ru\/wp-json\/wp\/v2\/comments?post=28141"}],"wp:featuredmedia":[{"embeddable":true,"href":"https:\/\/a-pant.ee\/ru\/wp-json\/wp\/v2\/media\/28142"}],"wp:attachment":[{"href":"https:\/\/a-pant.ee\/ru\/wp-json\/wp\/v2\/media?parent=28141"}],"wp:term":[{"taxonomy":"product_brand","embeddable":true,"href":"https:\/\/a-pant.ee\/ru\/wp-json\/wp\/v2\/product_brand?post=28141"},{"taxonomy":"product_cat","embeddable":true,"href":"https:\/\/a-pant.ee\/ru\/wp-json\/wp\/v2\/product_cat?post=28141"},{"taxonomy":"product_tag","embeddable":true,"href":"https:\/\/a-pant.ee\/ru\/wp-json\/wp\/v2\/product_tag?post=28141"}],"curies":[{"name":"wp","href":"https:\/\/api.w.org\/{rel}","templated":true}]}}