{"id":28135,"date":"2026-02-04T03:46:53","date_gmt":"2026-02-04T00:46:53","guid":{"rendered":"https:\/\/a-pant.ee\/product\/metabo-bs-18-ltx-akku-yashchik\/"},"modified":"2026-02-22T12:30:41","modified_gmt":"2026-02-22T09:30:41","slug":"metabo-bs-18-ltx-aku-yashhik","status":"publish","type":"product","link":"https:\/\/a-pant.ee\/ru\/product\/metabo-bs-18-ltx-aku-yashhik\/","title":{"rendered":"Metabo BS 18 LTX + \u0430\u043a\u0443 + \u044f\u0449\u0438\u043a"},"content":{"rendered":"\n<p> Metabo BS 18 LTX + aku + kast\u00a0, heas seisu- ja t\u00f6\u00f6korras! <\/p><p> KIRJELDUS <\/p><ul><li> T\u00fc\u00fcp: Akutrell-kruvikeeraja <\/li><li> Pinge: 18 V <\/li><li> Maks. p\u00f6\u00f6rdemoment: kuni 110 Nm <\/li><li> P\u00f6\u00f6rlemiskiirus: 0\u2013500 \/ 0\u20131700 p\/min <\/li><li> Padruni t\u00fc\u00fcp: Kiirvahetatav, 1.5\u201313 mm <\/li><li> P\u00f6\u00f6rdemomendi astmed: 23+1 <\/li><li> Maks. puurimisl\u00e4bim\u00f5\u00f5t: <ul><li> Puit: kuni 65 mm <\/li><li> Metall: kuni 13 mm <\/li><\/ul><\/li><li> Kaal: umbes 2 kg <\/li><\/ul>\n","protected":false},"excerpt":{"rendered":"<p>Metabo BS 18 LTX + aku + kast\u00a0, heas seisu- ja t\u00f6\u00f6korras! KIRJELDUS T\u00fc\u00fcp: Akutrell-kruvikeeraja Pinge: 18 V Maks. p\u00f6\u00f6rdemoment: kuni 110 Nm P\u00f6\u00f6rlemiskiirus: 0\u2013500 \/ 0\u20131700 p\/min Padruni t\u00fc\u00fcp: Kiirvahetatav, 1.5\u201313 mm P\u00f6\u00f6rdemomendi astmed: 23+1 Maks. puurimisl\u00e4bim\u00f5\u00f5t: Puit: kuni 65 mm Metall: kuni 13 mm Kaal: umbes 2 kg<\/p>\n","protected":false},"featured_media":28136,"comment_status":"closed","ping_status":"open","template":"","meta":{"inline_featured_image":false},"product_brand":[],"product_cat":[221],"product_tag":[],"class_list":{"0":"post-28135","1":"product","2":"type-product","3":"status-publish","4":"has-post-thumbnail","6":"product_cat-akkumulyatornye-dreli","7":"pa_asukoht-mustamae","8":"pa_seisukord-ispolzovano","10":"first","11":"instock","12":"taxable","13":"shipping-taxable","14":"purchasable","15":"product-type-simple"},"_links":{"self":[{"href":"https:\/\/a-pant.ee\/ru\/wp-json\/wp\/v2\/product\/28135","targetHints":{"allow":["GET"]}}],"collection":[{"href":"https:\/\/a-pant.ee\/ru\/wp-json\/wp\/v2\/product"}],"about":[{"href":"https:\/\/a-pant.ee\/ru\/wp-json\/wp\/v2\/types\/product"}],"replies":[{"embeddable":true,"href":"https:\/\/a-pant.ee\/ru\/wp-json\/wp\/v2\/comments?post=28135"}],"wp:featuredmedia":[{"embeddable":true,"href":"https:\/\/a-pant.ee\/ru\/wp-json\/wp\/v2\/media\/28136"}],"wp:attachment":[{"href":"https:\/\/a-pant.ee\/ru\/wp-json\/wp\/v2\/media?parent=28135"}],"wp:term":[{"taxonomy":"product_brand","embeddable":true,"href":"https:\/\/a-pant.ee\/ru\/wp-json\/wp\/v2\/product_brand?post=28135"},{"taxonomy":"product_cat","embeddable":true,"href":"https:\/\/a-pant.ee\/ru\/wp-json\/wp\/v2\/product_cat?post=28135"},{"taxonomy":"product_tag","embeddable":true,"href":"https:\/\/a-pant.ee\/ru\/wp-json\/wp\/v2\/product_tag?post=28135"}],"curies":[{"name":"wp","href":"https:\/\/api.w.org\/{rel}","templated":true}]}}