{"id":28129,"date":"2026-02-04T03:43:22","date_gmt":"2026-02-04T00:43:22","guid":{"rendered":"https:\/\/a-pant.ee\/product\/naushniki-sony-wh-ch510\/"},"modified":"2026-02-22T12:30:46","modified_gmt":"2026-02-22T09:30:46","slug":"naushniki-sony-wh-ch510","status":"publish","type":"product","link":"https:\/\/a-pant.ee\/ru\/product\/naushniki-sony-wh-ch510\/","title":{"rendered":"\u041d\u0430\u0443\u0448\u043d\u0438\u043a\u0438 Sony WH-CH510"},"content":{"rendered":"\n<p> K\u00f5rvaklappid Sony WH-CH510\u00a0, heas seisu- ja t\u00f6\u00f6korras! <\/p><p><br \/> KIRJENDUS <\/p><p><br \/> K\u00f5rvaklappide t\u00fc\u00fcp: K\u00f5rvale kinnitatav <\/p><p> \u00dchenduse t\u00fc\u00fcp: traadita <\/p><p> Eesm\u00e4rk: telefonidele, universaalne <\/p><p> Juhtmeta \u00fchendus <\/p><p> Bluetoothi \u200b\u200bversioon: 5.0 <\/p><p> Bluetoothi \u200b\u200bkodek: SBC, AAC <\/p><p> Bluetoothi \u200b\u200bprofiil: A2DP (t\u00e4iustatud heli levitamise profiil), AVRCP (helivideo kaugjuhtimispuldi profiil), HSP (k\u00e4ed vabad profiil), HFP (k\u00e4ed vabad profiil) <\/p><p> NFC: ei <\/p><p> T\u00f6\u00f6aeg kuni: 35 tundi <\/p><p> T\u00f6\u00f6ulatus kuni: 10m <\/p><p> Funktsioonid <\/p><p> Mikrofon: Jah <\/p><p> Helikontroll: jah <\/p><p> Aktiivne m\u00fcrasummutus: ei <\/p><p> \u00dchildub h\u00e4\u00e4lassistendiga: Google Assistant, Siri <\/p><p> Lisainfo: laadimisaeg kuni 5 tundi <\/p>\n","protected":false},"excerpt":{"rendered":"<p>K\u00f5rvaklappid Sony WH-CH510\u00a0, heas seisu- ja t\u00f6\u00f6korras! KIRJENDUS K\u00f5rvaklappide t\u00fc\u00fcp: K\u00f5rvale kinnitatav \u00dchenduse t\u00fc\u00fcp: traadita Eesm\u00e4rk: telefonidele, universaalne Juhtmeta \u00fchendus Bluetoothi \u200b\u200bversioon: 5.0 Bluetoothi \u200b\u200bkodek: SBC, AAC Bluetoothi \u200b\u200bprofiil: A2DP (t\u00e4iustatud heli levitamise profiil), AVRCP (helivideo kaugjuhtimispuldi profiil), HSP (k\u00e4ed vabad profiil), HFP (k\u00e4ed vabad profiil) NFC: ei T\u00f6\u00f6aeg kuni: 35 tundi T\u00f6\u00f6ulatus kuni: 10m [&hellip;]<\/p>\n","protected":false},"featured_media":28130,"comment_status":"closed","ping_status":"closed","template":"","meta":{"inline_featured_image":false},"product_brand":[],"product_cat":[168],"product_tag":[],"class_list":{"0":"post-28129","1":"product","2":"type-product","3":"status-publish","4":"has-post-thumbnail","6":"product_cat-naushniki","7":"pa_asukoht-mustamae","8":"pa_seisukord-ispolzovano","10":"first","11":"outofstock","12":"taxable","13":"shipping-taxable","14":"purchasable","15":"product-type-simple"},"_links":{"self":[{"href":"https:\/\/a-pant.ee\/ru\/wp-json\/wp\/v2\/product\/28129","targetHints":{"allow":["GET"]}}],"collection":[{"href":"https:\/\/a-pant.ee\/ru\/wp-json\/wp\/v2\/product"}],"about":[{"href":"https:\/\/a-pant.ee\/ru\/wp-json\/wp\/v2\/types\/product"}],"replies":[{"embeddable":true,"href":"https:\/\/a-pant.ee\/ru\/wp-json\/wp\/v2\/comments?post=28129"}],"wp:featuredmedia":[{"embeddable":true,"href":"https:\/\/a-pant.ee\/ru\/wp-json\/wp\/v2\/media\/28130"}],"wp:attachment":[{"href":"https:\/\/a-pant.ee\/ru\/wp-json\/wp\/v2\/media?parent=28129"}],"wp:term":[{"taxonomy":"product_brand","embeddable":true,"href":"https:\/\/a-pant.ee\/ru\/wp-json\/wp\/v2\/product_brand?post=28129"},{"taxonomy":"product_cat","embeddable":true,"href":"https:\/\/a-pant.ee\/ru\/wp-json\/wp\/v2\/product_cat?post=28129"},{"taxonomy":"product_tag","embeddable":true,"href":"https:\/\/a-pant.ee\/ru\/wp-json\/wp\/v2\/product_tag?post=28129"}],"curies":[{"name":"wp","href":"https:\/\/api.w.org\/{rel}","templated":true}]}}