{"id":28121,"date":"2026-02-04T03:43:22","date_gmt":"2026-02-04T00:43:22","guid":{"rendered":"https:\/\/a-pant.ee\/product\/igry-dlya-sony-playstation-4\/"},"modified":"2026-02-22T12:30:46","modified_gmt":"2026-02-22T09:30:46","slug":"igry-dlya-sony-playstation-4","status":"publish","type":"product","link":"https:\/\/a-pant.ee\/ru\/product\/igry-dlya-sony-playstation-4\/","title":{"rendered":"\u0418\u0433\u0440\u044b \u0434\u043b\u044f Sony Playstation 4"},"content":{"rendered":"\n<p> Sony Playstation 4 m\u00e4ngud, heas seisu- ja t\u00f6\u00f6korras! <\/p><p><strong> Uncharted &#8212; 20 euro <\/strong><\/p><p><strong> Falout 76 &#8212; 20 euro <\/strong><\/p><p><strong> The Dicision &#8212; 20 euro <\/strong><\/p><p><strong> Assassin`s Creed Chronicles &#8212; 20 euro <\/strong><\/p><p><strong> The King Of Fighters 14 &#8212; 20 euro <br \/><\/strong><\/p><p><b> Mafia 3 &#8212; 20 eur <br \/><br \/> Metro Redux &#8212; 20 eur <br \/><br \/> NBA 2K16 &#8212; 20 eur <br \/><br \/> Need for Speed &#8212; 15 eur <br \/><br \/> Fifa 20 &#8212; 20 eur <br \/><br \/> Fifa 22 &#8212; 20 eur <br \/><br \/> Fifa 19 &#8212; 20 eur <br \/><br \/> Cyberpunk 2077 &#8212; 20 eur <\/b><\/p><p><br \/><strong> The Witcher Wild Hunt &#8212; 20 eur <\/strong><\/p>\n","protected":false},"excerpt":{"rendered":"<p>Sony Playstation 4 m\u00e4ngud, heas seisu- ja t\u00f6\u00f6korras! Uncharted &#8212; 20 euro Falout 76 &#8212; 20 euro The Dicision &#8212; 20 euro Assassin`s Creed Chronicles &#8212; 20 euro The King Of Fighters 14 &#8212; 20 euro Mafia 3 &#8212; 20 eur Metro Redux &#8212; 20 eur NBA 2K16 &#8212; 20 eur Need for Speed &#8212; [&hellip;]<\/p>\n","protected":false},"featured_media":28122,"comment_status":"closed","ping_status":"open","template":"","meta":{"inline_featured_image":false},"product_brand":[],"product_cat":[175],"product_tag":[],"class_list":{"0":"post-28121","1":"product","2":"type-product","3":"status-publish","4":"has-post-thumbnail","6":"product_cat-vsyo-dlya-pristavok","7":"pa_asukoht-mustamae","8":"pa_seisukord-ispolzovano","10":"first","11":"instock","12":"taxable","13":"shipping-taxable","14":"purchasable","15":"product-type-simple"},"_links":{"self":[{"href":"https:\/\/a-pant.ee\/ru\/wp-json\/wp\/v2\/product\/28121","targetHints":{"allow":["GET"]}}],"collection":[{"href":"https:\/\/a-pant.ee\/ru\/wp-json\/wp\/v2\/product"}],"about":[{"href":"https:\/\/a-pant.ee\/ru\/wp-json\/wp\/v2\/types\/product"}],"replies":[{"embeddable":true,"href":"https:\/\/a-pant.ee\/ru\/wp-json\/wp\/v2\/comments?post=28121"}],"wp:featuredmedia":[{"embeddable":true,"href":"https:\/\/a-pant.ee\/ru\/wp-json\/wp\/v2\/media\/28122"}],"wp:attachment":[{"href":"https:\/\/a-pant.ee\/ru\/wp-json\/wp\/v2\/media?parent=28121"}],"wp:term":[{"taxonomy":"product_brand","embeddable":true,"href":"https:\/\/a-pant.ee\/ru\/wp-json\/wp\/v2\/product_brand?post=28121"},{"taxonomy":"product_cat","embeddable":true,"href":"https:\/\/a-pant.ee\/ru\/wp-json\/wp\/v2\/product_cat?post=28121"},{"taxonomy":"product_tag","embeddable":true,"href":"https:\/\/a-pant.ee\/ru\/wp-json\/wp\/v2\/product_tag?post=28121"}],"curies":[{"name":"wp","href":"https:\/\/api.w.org\/{rel}","templated":true}]}}