{"id":28113,"date":"2026-02-04T03:43:22","date_gmt":"2026-02-04T00:43:22","guid":{"rendered":"https:\/\/a-pant.ee\/product\/igrovaya-konsol-nintendo-switch-oled-heg-001\/"},"modified":"2026-02-22T12:30:45","modified_gmt":"2026-02-22T09:30:45","slug":"igrovaya-konsol-nintendo-switch-oled-heg-001-pult-korobka","status":"publish","type":"product","link":"https:\/\/a-pant.ee\/ru\/product\/igrovaya-konsol-nintendo-switch-oled-heg-001-pult-korobka\/","title":{"rendered":"\u0418\u0433\u0440\u043e\u0432\u0430\u044f \u041a\u043e\u043d\u0441\u043e\u043b\u044c Nintendo Switch OLED HEG-001 + \u043f\u0443\u043b\u044c\u0442 + \u043a\u043e\u0440\u043e\u0431\u043a\u0430"},"content":{"rendered":"\n<p> \u00a0M\u00e4ngukonsool Nintendo Switch OLED HEG-001 + pult + karp + laadija\u00a0, heas seisu- ja t\u00f6\u00f6korras! <\/p><p> KIRJELDUS <br \/> \u00dcldomadused <\/p><p> K\u00f5vaketta maht: <\/p><p> 64 GB <\/p><p> Infokandja t\u00fc\u00fcp: <\/p><p> microSD <\/p><p> HD-tugi: <\/p><p> Jah <\/p><p> 3D-tugi: <\/p><p> Ei <\/p><p> Wi-Fi tugi: <\/p><p> Jah <\/p><p> Bluetooth: <\/p><p> Jah <\/p><p> \u00dchendusliidesed <\/p><p> \u00dchendus RJ-45 (LAN): <\/p><p> Jah <\/p><p> HDMI: <\/p><p> Jah <\/p><p> AV v\u00e4ljund: <\/p><p> Ei <\/p><p> USB: <\/p><p> Jah <\/p><p> Varustus <\/p><p> M\u00e4ngud komplektis: <\/p><p> Ei <\/p><p> M\u00e4ngud komplektis: <\/p><p> Ei <\/p><p> M\u00e4ngukontroller: <\/p><p> 2 juhtmevaba <\/p>\n","protected":false},"excerpt":{"rendered":"<p>\u00a0M\u00e4ngukonsool Nintendo Switch OLED HEG-001 + pult + karp + laadija\u00a0, heas seisu- ja t\u00f6\u00f6korras! KIRJELDUS \u00dcldomadused K\u00f5vaketta maht: 64 GB Infokandja t\u00fc\u00fcp: microSD HD-tugi: Jah 3D-tugi: Ei Wi-Fi tugi: Jah Bluetooth: Jah \u00dchendusliidesed \u00dchendus RJ-45 (LAN): Jah HDMI: Jah AV v\u00e4ljund: Ei USB: Jah Varustus M\u00e4ngud komplektis: Ei M\u00e4ngud komplektis: Ei M\u00e4ngukontroller: 2 juhtmevaba<\/p>\n","protected":false},"featured_media":28114,"comment_status":"closed","ping_status":"open","template":"","meta":{"inline_featured_image":false},"product_brand":[],"product_cat":[174],"product_tag":[],"class_list":{"0":"post-28113","1":"product","2":"type-product","3":"status-publish","4":"has-post-thumbnail","6":"product_cat-igrovye-konsoli","7":"pa_asukoht-lasnamae","8":"pa_seisukord-ispolzovano","10":"first","11":"instock","12":"taxable","13":"shipping-taxable","14":"purchasable","15":"product-type-simple"},"_links":{"self":[{"href":"https:\/\/a-pant.ee\/ru\/wp-json\/wp\/v2\/product\/28113","targetHints":{"allow":["GET"]}}],"collection":[{"href":"https:\/\/a-pant.ee\/ru\/wp-json\/wp\/v2\/product"}],"about":[{"href":"https:\/\/a-pant.ee\/ru\/wp-json\/wp\/v2\/types\/product"}],"replies":[{"embeddable":true,"href":"https:\/\/a-pant.ee\/ru\/wp-json\/wp\/v2\/comments?post=28113"}],"wp:featuredmedia":[{"embeddable":true,"href":"https:\/\/a-pant.ee\/ru\/wp-json\/wp\/v2\/media\/28114"}],"wp:attachment":[{"href":"https:\/\/a-pant.ee\/ru\/wp-json\/wp\/v2\/media?parent=28113"}],"wp:term":[{"taxonomy":"product_brand","embeddable":true,"href":"https:\/\/a-pant.ee\/ru\/wp-json\/wp\/v2\/product_brand?post=28113"},{"taxonomy":"product_cat","embeddable":true,"href":"https:\/\/a-pant.ee\/ru\/wp-json\/wp\/v2\/product_cat?post=28113"},{"taxonomy":"product_tag","embeddable":true,"href":"https:\/\/a-pant.ee\/ru\/wp-json\/wp\/v2\/product_tag?post=28113"}],"curies":[{"name":"wp","href":"https:\/\/api.w.org\/{rel}","templated":true}]}}