{"id":28096,"date":"2026-02-04T03:43:22","date_gmt":"2026-02-04T00:43:22","guid":{"rendered":"https:\/\/a-pant.ee\/product\/velosiped-classic-legend\/"},"modified":"2026-02-22T12:30:45","modified_gmt":"2026-02-22T09:30:45","slug":"velosiped-classic-legend","status":"publish","type":"product","link":"https:\/\/a-pant.ee\/ru\/product\/velosiped-classic-legend\/","title":{"rendered":"\u0412\u0435\u043b\u043e\u0441\u0438\u043f\u0435\u0434 Classic Legend"},"content":{"rendered":"\n<p> Jalgrattas Classic Legend, heas seisu- ja t\u00f6\u00f6korras! <\/p><p> KIRJELDUS <\/p><p> Esiamortid <\/p><p> 21-K\u00e4igukiirused <\/p><p> Raamsuurus L &#8212; 19&#8243; Pikkusele 172-180sm <\/p><p> Rattasuurus 26&#8243; <\/p>\n","protected":false},"excerpt":{"rendered":"<p>Jalgrattas Classic Legend, heas seisu- ja t\u00f6\u00f6korras! KIRJELDUS Esiamortid 21-K\u00e4igukiirused Raamsuurus L &#8212; 19&#8243; Pikkusele 172-180sm Rattasuurus 26&#8243;<\/p>\n","protected":false},"featured_media":28097,"comment_status":"closed","ping_status":"open","template":"","meta":{"inline_featured_image":false},"product_brand":[],"product_cat":[216],"product_tag":[],"class_list":{"0":"post-28096","1":"product","2":"type-product","3":"status-publish","4":"has-post-thumbnail","6":"product_cat-velosipedy","7":"product_shipping_class-oversize","8":"pa_asukoht-mustamae","9":"pa_seisukord-ispolzovano","11":"first","12":"instock","13":"taxable","14":"shipping-taxable","15":"purchasable","16":"product-type-simple"},"_links":{"self":[{"href":"https:\/\/a-pant.ee\/ru\/wp-json\/wp\/v2\/product\/28096","targetHints":{"allow":["GET"]}}],"collection":[{"href":"https:\/\/a-pant.ee\/ru\/wp-json\/wp\/v2\/product"}],"about":[{"href":"https:\/\/a-pant.ee\/ru\/wp-json\/wp\/v2\/types\/product"}],"replies":[{"embeddable":true,"href":"https:\/\/a-pant.ee\/ru\/wp-json\/wp\/v2\/comments?post=28096"}],"wp:featuredmedia":[{"embeddable":true,"href":"https:\/\/a-pant.ee\/ru\/wp-json\/wp\/v2\/media\/28097"}],"wp:attachment":[{"href":"https:\/\/a-pant.ee\/ru\/wp-json\/wp\/v2\/media?parent=28096"}],"wp:term":[{"taxonomy":"product_brand","embeddable":true,"href":"https:\/\/a-pant.ee\/ru\/wp-json\/wp\/v2\/product_brand?post=28096"},{"taxonomy":"product_cat","embeddable":true,"href":"https:\/\/a-pant.ee\/ru\/wp-json\/wp\/v2\/product_cat?post=28096"},{"taxonomy":"product_tag","embeddable":true,"href":"https:\/\/a-pant.ee\/ru\/wp-json\/wp\/v2\/product_tag?post=28096"}],"curies":[{"name":"wp","href":"https:\/\/api.w.org\/{rel}","templated":true}]}}