{"id":28089,"date":"2026-02-04T03:43:22","date_gmt":"2026-02-04T00:43:22","guid":{"rendered":"https:\/\/a-pant.ee\/product\/gvozdizabivnoy-pistolet-tjep-cp-40-gas-3g\/"},"modified":"2026-02-22T12:30:45","modified_gmt":"2026-02-22T09:30:45","slug":"gvozdezabivnoj-pistolet-dlya-betona-tjep-cp-40-gas-3g","status":"publish","type":"product","link":"https:\/\/a-pant.ee\/ru\/product\/gvozdezabivnoj-pistolet-dlya-betona-tjep-cp-40-gas-3g\/","title":{"rendered":"\u0413\u0432\u043e\u0437\u0434\u0435\u0437\u0430\u0431\u0438\u0432\u043d\u043e\u0439 \u043f\u0438\u0441\u0442\u043e\u043b\u0435\u0442 \u0434\u043b\u044f \u0431\u0435\u0442\u043e\u043d\u0430 TJEP CP-40 GAS 3G"},"content":{"rendered":"\n<p> Betooninaelap\u00fcss TJEP CP-40 GAS 3G + kohver + laadija\u00a0, heas seisu- ja t\u00f6\u00f6korras! <\/p><p> KIRJELDUS <\/p><p> Naela pikkus 15 \u2013 40 mm <\/p><p> Naela l\u00e4bim\u00f5\u00f5t 2.6 \u2013 3.0 mm <\/p><p> Kaal 3.8 kg <\/p><p> M\u00f5\u00f5dud 327 \u00d7 110 \u00d7 385 mm <\/p><p> J\u00f5udlus gaasiga 1100 lasku <\/p><p> J\u00f5udlus akuga 8000 lasku <\/p><p> Gaas TJEP gaas <\/p><p> Aku <\/p><p> 1,6 Ah <\/p><p> Kompletplastkohver, 2 akut, laadija <\/p>\n","protected":false},"excerpt":{"rendered":"<p>Betooninaelap\u00fcss TJEP CP-40 GAS 3G + kohver + laadija\u00a0, heas seisu- ja t\u00f6\u00f6korras! KIRJELDUS Naela pikkus 15 \u2013 40 mm Naela l\u00e4bim\u00f5\u00f5t 2.6 \u2013 3.0 mm Kaal 3.8 kg M\u00f5\u00f5dud 327 \u00d7 110 \u00d7 385 mm J\u00f5udlus gaasiga 1100 lasku J\u00f5udlus akuga 8000 lasku Gaas TJEP gaas Aku 1,6 Ah Kompletplastkohver, 2 akut, laadija<\/p>\n","protected":false},"featured_media":28090,"comment_status":"closed","ping_status":"closed","template":"","meta":{"inline_featured_image":false},"product_brand":[],"product_cat":[224],"product_tag":[],"class_list":{"0":"post-28089","1":"product","2":"type-product","3":"status-publish","4":"has-post-thumbnail","6":"product_cat-gazovye-pistolety","7":"product_shipping_class-oversize","8":"pa_asukoht-mustamae","9":"pa_seisukord-ispolzovano","11":"first","12":"instock","13":"taxable","14":"shipping-taxable","15":"purchasable","16":"product-type-simple"},"_links":{"self":[{"href":"https:\/\/a-pant.ee\/ru\/wp-json\/wp\/v2\/product\/28089","targetHints":{"allow":["GET"]}}],"collection":[{"href":"https:\/\/a-pant.ee\/ru\/wp-json\/wp\/v2\/product"}],"about":[{"href":"https:\/\/a-pant.ee\/ru\/wp-json\/wp\/v2\/types\/product"}],"replies":[{"embeddable":true,"href":"https:\/\/a-pant.ee\/ru\/wp-json\/wp\/v2\/comments?post=28089"}],"wp:featuredmedia":[{"embeddable":true,"href":"https:\/\/a-pant.ee\/ru\/wp-json\/wp\/v2\/media\/28090"}],"wp:attachment":[{"href":"https:\/\/a-pant.ee\/ru\/wp-json\/wp\/v2\/media?parent=28089"}],"wp:term":[{"taxonomy":"product_brand","embeddable":true,"href":"https:\/\/a-pant.ee\/ru\/wp-json\/wp\/v2\/product_brand?post=28089"},{"taxonomy":"product_cat","embeddable":true,"href":"https:\/\/a-pant.ee\/ru\/wp-json\/wp\/v2\/product_cat?post=28089"},{"taxonomy":"product_tag","embeddable":true,"href":"https:\/\/a-pant.ee\/ru\/wp-json\/wp\/v2\/product_tag?post=28089"}],"curies":[{"name":"wp","href":"https:\/\/api.w.org\/{rel}","templated":true}]}}